{"id":2090,"date":"2023-03-28T20:48:31","date_gmt":"2023-03-28T20:48:31","guid":{"rendered":"https:\/\/apotekar-online.rs\/?post_type=product&#038;p=2090"},"modified":"2026-04-01T00:00:10","modified_gmt":"2026-04-01T02:00:10","slug":"ezust-csepp-szinalzan-20-ml","status":"publish","type":"product","link":"https:\/\/apotekar-online.rs\/hu\/p\/srebrna-kap-sinalzan-20-ml\/","title":{"rendered":"Ez\u00fcst csepp Sinalzan 20 ml"},"content":{"rendered":"","protected":false},"excerpt":{"rendered":"<p><strong>Ez\u00fcst csepp \u2013 Sinalzan<\/strong>\u00a0egy nagyon er\u0151s megold\u00e1s az orr sz\u00e1m\u00e1ra spray form\u00e1j\u00e1ban. Rendk\u00edv\u00fcl hat\u00e9kony az orrmell\u00e9k\u00fcreg-gyullad\u00e1sok, valamint a pollen, parlagf\u0171 \u00e9s m\u00e1s leveg\u0151b\u0151l sz\u00e1rmaz\u00f3 allerg\u00e9nek elleni allergi\u00e1s reakci\u00f3k kezel\u00e9s\u00e9re.<\/p>\n<p>Ez\u00fcst ionokat tartalmaz -\u00a0<strong>a leger\u0151sebb term\u00e9szetes antibiotikum<\/strong>. Egyed\u00fcl\u00e1ll\u00f3 \u00e9s modern formul\u00e1j\u00e1val az ez\u00fcstkolloid borosty\u00e1nkivonattal, valamint menta, zs\u00e1lya \u00e9s kakukkf\u0171 ill\u00f3olajaival kombin\u00e1lva gyorsan seg\u00edti az orrmell\u00e9k\u00fcregek dugul\u00e1s\u00e1t, helyre\u00e1ll\u00edtja az orrny\u00e1lkah\u00e1rtya term\u00e9szetes nedvess\u00e9gtartalm\u00e1t, \u00f6bl\u00edti \u00e9s tiszt\u00edtja az orr\u00fcreget. .<\/p>\n<p><strong>Adagol\u00e1s \u00e9s felhaszn\u00e1l\u00e1si m\u00f3d:<\/strong><\/p>\n<p>Pumpa seg\u00edts\u00e9g\u00e9vel permetezze a k\u00e9sz\u00edtm\u00e9nyt a k\u00edv\u00e1nt helyre. K\u00edv\u00e1natos az elj\u00e1r\u00e1st naponta t\u00f6bbsz\u00f6r megism\u00e9telni. A mechanikus pumpa lehet\u0151v\u00e9 teszi, hogy a k\u00e9sz\u00edtm\u00e9nyt a legapr\u00f3bb cseppekben is sz\u00e9tsz\u00f3rj\u00e1k, ami az orrny\u00e1lkah\u00e1rtya optim\u00e1lis lefedetts\u00e9g\u00e9t \u00e9ri el.<\/p>\n<p>Nincs k\u00f6lcs\u00f6nhat\u00e1s m\u00e1s gy\u00f3gyszerekkel, \u00e9s nincs t\u00faladagol\u00e1s vesz\u00e9lye. Nem sz\u00e1r\u00edtja ki a ny\u00e1lkah\u00e1rty\u00e1t, nem v\u00e1ltoztatja meg az \u00edz\u00e9rz\u00e9kel\u00e9st. Teljes orrdugul\u00e1s eset\u00e9n, vagy a dugul\u00e1sra utal\u00f3 els\u0151 jelek megjelen\u00e9sekor (csiklandoz\u00f3 \u00e9rz\u00e9s az orrban) a k\u00e9sz\u00edtm\u00e9ny maximum 5x, maximum k\u00e9t napig haszn\u00e1lhat\u00f3, ut\u00e1na visszat\u00e9r a napi 2x haszn\u00e1lat. A Sinalzan k\u00e9sz\u00edtm\u00e9nyt legfeljebb k\u00e9t h\u00e9tig lehet alkalmazni, \u00e9s a felhaszn\u00e1l\u00f3k tapasztalatai szerint h\u00e9t nap is elegend\u0151. Feln\u0151tteknek k\u00e9sz\u00fclt.<\/p>\n<p><strong>Fogalmaz\u00e1s:<\/strong><\/p>\n<ul>\n<li>Ez\u00fcstkolloid<\/li>\n<li>Seg\u00e9danyagok - tiszt\u00edtott v\u00edz, borosty\u00e1nkivonat, menta, zs\u00e1lya \u00e9s kakukkf\u0171 ill\u00f3olajai.<\/li>\n<\/ul>\n<p>&nbsp;<\/p>","protected":false},"featured_media":2091,"template":"","meta":[],"product_brand":[],"product_cat":[169,3054,77,151],"product_tag":[1709,2086,2289,350],"class_list":{"0":"post-2090","1":"product","2":"type-product","3":"status-publish","4":"has-post-thumbnail","6":"product_cat-higijena-nosa-i-ociju","7":"product_cat-akcija","8":"product_cat-imunitet","9":"product_cat-prehlada-i-kasalj","10":"product_tag-betty","11":"product_tag-koloidno-srebro","12":"product_tag-prirodni-antibiotik","13":"product_tag-srebro","14":"pa_brend-srebrnakap","16":"first","17":"instock","18":"sale","19":"shipping-taxable","20":"purchasable","21":"product-type-simple"},"ams_default_variation_id":0,"ams_product_points_reward":[],"ams_product_discount_percentage":15,"ams_price_to_display":621.69,"ams_acf":[],"jetpack_sharing_enabled":true,"_links":{"self":[{"href":"https:\/\/apotekar-online.rs\/hu\/wp-json\/wp\/v2\/product\/2090","targetHints":{"allow":["GET"]}}],"collection":[{"href":"https:\/\/apotekar-online.rs\/hu\/wp-json\/wp\/v2\/product"}],"about":[{"href":"https:\/\/apotekar-online.rs\/hu\/wp-json\/wp\/v2\/types\/product"}],"wp:featuredmedia":[{"embeddable":true,"href":"https:\/\/apotekar-online.rs\/hu\/wp-json\/wp\/v2\/media\/2091"}],"wp:attachment":[{"href":"https:\/\/apotekar-online.rs\/hu\/wp-json\/wp\/v2\/media?parent=2090"}],"wp:term":[{"taxonomy":"product_brand","embeddable":true,"href":"https:\/\/apotekar-online.rs\/hu\/wp-json\/wp\/v2\/product_brand?post=2090"},{"taxonomy":"product_cat","embeddable":true,"href":"https:\/\/apotekar-online.rs\/hu\/wp-json\/wp\/v2\/product_cat?post=2090"},{"taxonomy":"product_tag","embeddable":true,"href":"https:\/\/apotekar-online.rs\/hu\/wp-json\/wp\/v2\/product_tag?post=2090"}],"curies":[{"name":"wp","href":"https:\/\/api.w.org\/{rel}","templated":true}]}}