{"id":2290,"date":"2023-04-04T12:25:03","date_gmt":"2023-04-04T14:25:03","guid":{"rendered":"https:\/\/apotekar-online.rs\/?post_type=product&#038;p=2290"},"modified":"2026-03-05T08:21:15","modified_gmt":"2026-03-05T10:21:15","slug":"prizma-pa1-sztetoszkoppal","status":"publish","type":"product","link":"https:\/\/apotekar-online.rs\/hu\/p\/prizma-pa1-sa-stetoskopom\/","title":{"rendered":"PRIZMA PA1 sztetoszk\u00f3ppal"},"content":{"rendered":"","protected":false},"excerpt":{"rendered":"<h2 class=\"std\">PRIZMA PA1 sztetoszk\u00f3ppal - Aneroid k\u00e9sz\u00fcl\u00e9k v\u00e9rnyom\u00e1sm\u00e9r\u00e9shez.<\/h2>\n<p><strong>Orvostechnikai eszk\u00f6z\u00f6ket az eg\u00e9szs\u00e9g\u00fcgyi miniszt\u00e9rium orvostechnikai eszk\u00f6z\u00f6k nagy- \u00e9s kiskereskedelm\u00e9re vonatkoz\u00f3 enged\u00e9ly\u00e9ben meghat\u00e1rozott helyeken lehet kiadni, az orvostechnikai eszk\u00f6z\u00f6k \u00e9s az eg\u00e9szs\u00e9g\u00fcgy ter\u00fclet\u00e9re vonatkoz\u00f3 el\u0151\u00edr\u00e1sok alapj\u00e1n (gy\u00f3gyszert\u00e1rban \u00e9s szak\u00fczletben).<\/strong><\/p>\n<p>PRIZMA PA1 sztetoszk\u00f3ppal - foglalhat\u00f3 a Kalitea gy\u00f3gyszert\u00e1rban a 023\/815-105 telefonsz\u00e1mon vagy a kalitea.online@gmail.com c\u00edmen.<\/p>\n<ul>\n<li>100% n\u00e9met mozgalom. Szerbi\u00e1ban k\u00e9sz\u00fclt.<\/li>\n<li>A m\u00e9rt \u00e9rt\u00e9kek a manom\u00e9ter \u00e1ttekint\u0151 sk\u00e1l\u00e1j\u00e1n olvashat\u00f3k le 0-300 Hgmm tartom\u00e1nyban.<strong><br \/>\n<\/strong><\/li>\n<li>A k\u00e9sz\u00fcl\u00e9k pontoss\u00e1ga +\/- 3 Hgmm.<\/li>\n<li>A forg\u00f3 testnek (180\u2070) k\u00f6sz\u00f6nhet\u0151en a k\u00e9sz\u00fcl\u00e9k bal- \u00e9s jobbkezes felhaszn\u00e1l\u00f3k sz\u00e1m\u00e1ra is k\u00f6nnyen haszn\u00e1lhat\u00f3.<\/li>\n<li>Rendk\u00edv\u00fcl j\u00f3 min\u0151s\u00e9g\u0171 mandzsetta - gumiballon n\u00e9lk\u00fcl (a mandzsetta megfelel a felkar ker\u00fclet\u00e9nek 27,5-36,5 cm).<\/li>\n<li>A speci\u00e1lisan kialak\u00edtott szelep lehet\u0151v\u00e9 teszi a leereszt\u00e9s pontos szab\u00e1lyoz\u00e1s\u00e1t.<\/li>\n<li>Az egyt\u00f6ml\u0151s rendszer maxim\u00e1lis k\u00e9nyelmet biztos\u00edt haszn\u00e1lat k\u00f6zben.<\/li>\n<\/ul>\n<p><strong><br \/>\nA k\u00e9szlet tartalma:<\/strong><br \/>\nPA1 k\u00e9sz\u00fcl\u00e9k mandzsett\u00e1val (a felkar ker\u00fclete 27,5-36,5 cm), CK-A603CP sztetoszk\u00f3p, tok \u00e9s a k\u00e9sz\u00fcl\u00e9k haszn\u00e1lati \u00fatmutat\u00f3ja.<\/p>\n<p class=\"prizmaBlue\"><strong>Kieg\u00e9sz\u00edt\u0151k:<br \/>\n<\/strong>XXS puha mandzsetta csecsem\u0151knek (9-14,8 cm), XS puha mandzsetta gyerekeknek (13,8-21,5 cm), S Soft mandzsetta (20,5-28,5 cm) \u00e9s L sz\u00e9les, puha mandzsetta (35,5-46,0 cm).<\/p>\n<p class=\"prizmaBlue\"><strong>Jegyzet:<\/strong>\u00a0Arra t\u00f6reksz\u00fcnk, hogy minden term\u00e9k le\u00edr\u00e1s\u00e1n\u00e1l a lehet\u0151 legpontosabbak legy\u00fcnk, de nem tudjuk garant\u00e1lni, hogy minden le\u00edr\u00e1s teljes \u00e9s hibamentes. K\u00f6sz\u00f6n\u00f6m a meg\u00e9rt\u00e9st.<br \/>\nAz oldalon felt\u00fcntetett \u00f6sszes elem k\u00edn\u00e1latunk r\u00e9sz\u00e9t k\u00e9pezi, de ez nem jelenti azt, hogy mindenkor el\u00e9rhet\u0151.<\/p>\n<p class=\"prizmaBlue\"><strong>\u00a0<\/strong><\/p>\n<p>&nbsp;<\/p>\n<h2 class=\"std\"><\/h2>","protected":false},"featured_media":2298,"template":"","meta":[],"product_brand":[],"product_cat":[102],"product_tag":[365],"class_list":{"0":"post-2290","1":"product","2":"type-product","3":"status-publish","4":"has-post-thumbnail","6":"product_cat-medicinski-aparati","7":"product_tag-aparati-za-merenje-krvnog-pritiska","8":"pa_brend-prizma","10":"first","11":"instock","12":"shipping-taxable","13":"purchasable","14":"product-type-simple"},"ams_default_variation_id":0,"ams_product_points_reward":[],"ams_product_discount_percentage":0,"ams_price_to_display":8200,"ams_acf":[],"jetpack_sharing_enabled":true,"_links":{"self":[{"href":"https:\/\/apotekar-online.rs\/hu\/wp-json\/wp\/v2\/product\/2290","targetHints":{"allow":["GET"]}}],"collection":[{"href":"https:\/\/apotekar-online.rs\/hu\/wp-json\/wp\/v2\/product"}],"about":[{"href":"https:\/\/apotekar-online.rs\/hu\/wp-json\/wp\/v2\/types\/product"}],"wp:featuredmedia":[{"embeddable":true,"href":"https:\/\/apotekar-online.rs\/hu\/wp-json\/wp\/v2\/media\/2298"}],"wp:attachment":[{"href":"https:\/\/apotekar-online.rs\/hu\/wp-json\/wp\/v2\/media?parent=2290"}],"wp:term":[{"taxonomy":"product_brand","embeddable":true,"href":"https:\/\/apotekar-online.rs\/hu\/wp-json\/wp\/v2\/product_brand?post=2290"},{"taxonomy":"product_cat","embeddable":true,"href":"https:\/\/apotekar-online.rs\/hu\/wp-json\/wp\/v2\/product_cat?post=2290"},{"taxonomy":"product_tag","embeddable":true,"href":"https:\/\/apotekar-online.rs\/hu\/wp-json\/wp\/v2\/product_tag?post=2290"}],"curies":[{"name":"wp","href":"https:\/\/api.w.org\/{rel}","templated":true}]}}