{"id":2312,"date":"2023-04-04T13:01:27","date_gmt":"2023-04-04T15:01:27","guid":{"rendered":"https:\/\/apotekar-online.rs\/?post_type=product&#038;p=2312"},"modified":"2026-03-05T08:21:15","modified_gmt":"2026-03-05T10:21:15","slug":"omron-m2-sa-ispravljacem","status":"publish","type":"product","link":"https:\/\/apotekar-online.rs\/hu\/p\/omron-m2-sa-ispravljacem\/","title":{"rendered":"OMRON M2 egyenir\u00e1ny\u00edt\u00f3val"},"content":{"rendered":"","protected":false},"excerpt":{"rendered":"<div class=\"product-name\">\n<h1 class=\"h1\">OMRON M2 sa ispravlja\u010dem &#8211; Digitalni automatski aparat za merenje krvnog pritiska.<\/h1>\n<p><strong>Medicinsko sredstvo se mo\u017ee izdati na mestima koja su odre\u0111ena dozvolom ministarstva nadle\u017enog za poslove zdravl\u0458a o obavl\u0458anju prometa na veliko i prometa na malo medicinskih sredstava, na osnovu propisa u oblasti medicinskih sredstava i zdravstvene za\u0161tite (u apotekama i specijalizovanim<\/strong><strong> prodavnicama).<\/strong><\/p>\n<p>OMRON M2 sa ispravlja\u010dem-mo\u017eete rezervisati u apoteci Kalitea na broj telefona 023\/815-105 ili na mail kalitea.online@gmail.com<\/p>\n<p>&nbsp;<\/p>\n<ul>\n<li>Klinikailag valid\u00e1lt \u2013 A megb\u00edzhat\u00f3s\u00e1got \u00e9s a pontoss\u00e1got az illet\u00e9kes eg\u00e9szs\u00e9g\u00fcgyi int\u00e9zm\u00e9nyek szigor\u00fa elj\u00e1r\u00e1sokkal tesztelt\u00e9k.<\/li>\n<li>A szab\u00e1lytalan pulzusjelz\u0151 szab\u00e1lytalan sz\u00edvver\u00e9st jelez.<\/li>\n<li>A mozg\u00e1s\u00e9rz\u00e9kel\u00e9s a m\u00e9r\u00e9s k\u00f6zbeni mozg\u00e1sokat jelzi.<\/li>\n<li>Standardna man\u017eetna za obim nadlaktice 22-32 cm &#8211; odgovara osobama prose\u010dne gra\u0111e.<\/li>\n<li>Indikator hipertenzije &#8211; za vrednosti krvnog pritiska vi\u0161e od optimalnih.<\/li>\n<li>A mandzsetta automatikus felf\u00faj\u00e1sa - A mandzsetta optim\u00e1lis felf\u00faj\u00e1sa - a kar szor\u00edt\u00e1s\u00e1nak \u00e9rz\u00e9se n\u00e9lk\u00fcl (<em>IntelliSense <\/em>technol\u00f3gia).<\/li>\n<li>A mandzsetta illeszt\u00e9s\u00e9nek jelz\u0151je azt jelzi, hogy a mandzsetta megfelel\u0151en illeszkedik (nem t\u00fal szoros, nem t\u00fal laza).<\/li>\n<\/ul>\n<p>&nbsp;<\/p>\n<p><strong>A k\u00e9szlet tartalma:<\/strong><br \/>\nAparat M2 sa standardnom M man\u017eetnom (za obim nadlaktice 22-32 cm), ispravlja\u010d AC\/DC, \u010detiri baterije od 1,5 V, torbica i uputstvo za upotrebu.<\/p>\n<p><strong>Kieg\u00e9sz\u00edt\u0151k:<br \/>\n<\/strong>Man\u017eetna za decu (17-22 cm) i Univerzalna meka man\u017eetna &#8222;Easy&#8220; (22-42 cm).<\/p>\n<p><strong>Jegyzet:<\/strong>\u00a0Arra t\u00f6reksz\u00fcnk, hogy minden term\u00e9k le\u00edr\u00e1s\u00e1n\u00e1l a lehet\u0151 legpontosabbak legy\u00fcnk, de nem tudjuk garant\u00e1lni, hogy minden le\u00edr\u00e1s teljes \u00e9s hibamentes. K\u00f6sz\u00f6n\u00f6m a meg\u00e9rt\u00e9st.<br \/>\nAz oldalon felt\u00fcntetett \u00f6sszes elem k\u00edn\u00e1latunk r\u00e9sz\u00e9t k\u00e9pezi, de ez nem jelenti azt, hogy mindenkor el\u00e9rhet\u0151.<\/p>\n<\/div>","protected":false},"featured_media":2313,"template":"","meta":[],"product_brand":[],"product_cat":[102],"product_tag":[365],"class_list":{"0":"post-2312","1":"product","2":"type-product","3":"status-publish","4":"has-post-thumbnail","6":"product_cat-medicinski-aparati","7":"product_tag-aparati-za-merenje-krvnog-pritiska","8":"pa_brend-prizma","10":"first","11":"instock","12":"shipping-taxable","13":"purchasable","14":"product-type-simple"},"ams_default_variation_id":0,"ams_product_points_reward":[],"ams_product_discount_percentage":0,"ams_price_to_display":6900,"ams_acf":[],"jetpack_sharing_enabled":true,"_links":{"self":[{"href":"https:\/\/apotekar-online.rs\/hu\/wp-json\/wp\/v2\/product\/2312","targetHints":{"allow":["GET"]}}],"collection":[{"href":"https:\/\/apotekar-online.rs\/hu\/wp-json\/wp\/v2\/product"}],"about":[{"href":"https:\/\/apotekar-online.rs\/hu\/wp-json\/wp\/v2\/types\/product"}],"wp:featuredmedia":[{"embeddable":true,"href":"https:\/\/apotekar-online.rs\/hu\/wp-json\/wp\/v2\/media\/2313"}],"wp:attachment":[{"href":"https:\/\/apotekar-online.rs\/hu\/wp-json\/wp\/v2\/media?parent=2312"}],"wp:term":[{"taxonomy":"product_brand","embeddable":true,"href":"https:\/\/apotekar-online.rs\/hu\/wp-json\/wp\/v2\/product_brand?post=2312"},{"taxonomy":"product_cat","embeddable":true,"href":"https:\/\/apotekar-online.rs\/hu\/wp-json\/wp\/v2\/product_cat?post=2312"},{"taxonomy":"product_tag","embeddable":true,"href":"https:\/\/apotekar-online.rs\/hu\/wp-json\/wp\/v2\/product_tag?post=2312"}],"curies":[{"name":"wp","href":"https:\/\/api.w.org\/{rel}","templated":true}]}}