{"id":2383,"date":"2023-04-06T10:46:06","date_gmt":"2023-04-06T10:46:06","guid":{"rendered":"https:\/\/apotekar-online.rs\/?post_type=product&#038;p=2383"},"modified":"2026-03-05T08:21:13","modified_gmt":"2026-03-05T10:21:13","slug":"alfa-liponsav-300","status":"publish","type":"product","link":"https:\/\/apotekar-online.rs\/hu\/p\/alfa-lipoinska-kiselina-300\/","title":{"rendered":"Alfa-liponsav 300"},"content":{"rendered":"","protected":false},"excerpt":{"rendered":"<h3>Hat\u00e1rid\u0151 2023 m\u00e1jus.<\/h3>\n<div><\/div>\n<div class=\"trajanje\">1 \u00fcveg, 60 kapszula<br \/>\nId\u0151tartam:\u00a0<strong>2 h\u00f3nap (60 nap)<\/strong><br \/>\nCsak 1 kapszula naponta<\/div>\n<p>Egy speci\u00e1lis k\u00e9sz\u00edtm\u00e9ny, amely 300 mg alfa-liponsavat tartalmaz egy kapszul\u00e1ban.<\/p>\n<p><strong>BiVits Alpha Lipon Acid 300\u00a0<\/strong>valamihez hozz\u00e1j\u00e1rul:<\/p>\n<ul>\n<li>A szervezet antioxid\u00e1ns v\u00e9delme<\/li>\n<li>\u00a0M\u00e1s antioxid\u00e1nsok, p\u00e9ld\u00e1ul C- \u00e9s E-vitamin regener\u00e1l\u00e1sa<\/li>\n<li>Hozz\u00e1j\u00e1rul a norm\u00e1l gl\u00fck\u00f3z anyagcser\u00e9hez<\/li>\n<li>Energiatermel\u00e9s<\/li>\n<li>A sejtek megfelel\u0151 \u00f6reged\u00e9se \u00e9s \u00e9r\u00e9se<\/li>\n<li>Az idegrendszer eg\u00e9szs\u00e9ge \u00e9s a kognit\u00edv funkci\u00f3k<\/li>\n<li>A sz\u00edv \u00e9s az erek eg\u00e9szs\u00e9ge<\/li>\n<li>A m\u00e1jsejtek v\u00e9delme \u00e9s regener\u00e1ci\u00f3ja<\/li>\n<\/ul>\n<p><strong>Jegyzet:<\/strong>\u00a0Arra t\u00f6reksz\u00fcnk, hogy minden term\u00e9k le\u00edr\u00e1s\u00e1n\u00e1l a lehet\u0151 legpontosabbak legy\u00fcnk, de nem tudjuk garant\u00e1lni, hogy minden le\u00edr\u00e1s teljes \u00e9s hibamentes. K\u00f6sz\u00f6n\u00f6m a meg\u00e9rt\u00e9st.<br \/>\nAz oldalon felt\u00fcntetett \u00f6sszes elem k\u00edn\u00e1latunk r\u00e9sz\u00e9t k\u00e9pezi, de ez nem jelenti azt, hogy mindenkor el\u00e9rhet\u0151.<\/p>","protected":false},"featured_media":2384,"template":"","meta":[],"product_brand":[],"product_cat":[87,77],"product_tag":[370],"class_list":{"0":"post-2383","1":"product","2":"type-product","3":"status-publish","4":"has-post-thumbnail","6":"product_cat-dijabetes-i-insulinska-rezistencija","7":"product_cat-imunitet","8":"product_tag-popust-kratak-rok-do-isteka-zaliha","10":"first","11":"instock","12":"shipping-taxable","13":"purchasable","14":"product-type-simple"},"ams_default_variation_id":0,"ams_product_points_reward":[],"ams_product_discount_percentage":0,"ams_price_to_display":1656,"ams_acf":[],"jetpack_sharing_enabled":true,"_links":{"self":[{"href":"https:\/\/apotekar-online.rs\/hu\/wp-json\/wp\/v2\/product\/2383","targetHints":{"allow":["GET"]}}],"collection":[{"href":"https:\/\/apotekar-online.rs\/hu\/wp-json\/wp\/v2\/product"}],"about":[{"href":"https:\/\/apotekar-online.rs\/hu\/wp-json\/wp\/v2\/types\/product"}],"wp:featuredmedia":[{"embeddable":true,"href":"https:\/\/apotekar-online.rs\/hu\/wp-json\/wp\/v2\/media\/2384"}],"wp:attachment":[{"href":"https:\/\/apotekar-online.rs\/hu\/wp-json\/wp\/v2\/media?parent=2383"}],"wp:term":[{"taxonomy":"product_brand","embeddable":true,"href":"https:\/\/apotekar-online.rs\/hu\/wp-json\/wp\/v2\/product_brand?post=2383"},{"taxonomy":"product_cat","embeddable":true,"href":"https:\/\/apotekar-online.rs\/hu\/wp-json\/wp\/v2\/product_cat?post=2383"},{"taxonomy":"product_tag","embeddable":true,"href":"https:\/\/apotekar-online.rs\/hu\/wp-json\/wp\/v2\/product_tag?post=2383"}],"curies":[{"name":"wp","href":"https:\/\/api.w.org\/{rel}","templated":true}]}}