{"id":2480,"date":"2023-04-07T18:31:57","date_gmt":"2023-04-07T20:31:57","guid":{"rendered":"https:\/\/apotekar-online.rs\/?post_type=product&#038;p=2480"},"modified":"2026-03-31T00:00:08","modified_gmt":"2026-03-31T02:00:08","slug":"biostate-forte-30-tabletta","status":"publish","type":"product","link":"https:\/\/apotekar-online.rs\/hu\/p\/biostatine-forte-30-tableta\/","title":{"rendered":"Biostatine Forte 30 tabletta"},"content":{"rendered":"","protected":false},"excerpt":{"rendered":"<p>Jav\u00edtja a lipidszintet, v\u00e9di a sz\u00edvet \u00e9s az ereket.<br \/>\nA Biostatine forte erjesztett v\u00f6r\u00f6s rizst, artics\u00f3kalev\u00e9l kivonatot \u00e9s citrus bioflavonoidokat tartalmaz\u00f3 \u00e9trend-kieg\u00e9sz\u00edt\u0151 a norm\u00e1l v\u00e9rzs\u00edrszint fenntart\u00e1s\u00e1ra.<br \/>\nA n\u00f6v\u00e9nyi kivonatok kiv\u00e1l\u00f3 min\u0151s\u00e9g\u0171ek, tiszt\u00edtottak \u00e9s hat\u00f3anyagokra standardiz\u00e1ltak. K\u00f6z\u00f6s hat\u00e1sukkal hat\u00e9konyan cs\u00f6kkentik az \u00f6sszkoleszterin, LDL \u00e9s triglicerid \u00e9rt\u00e9keket.<br \/>\nA v\u00f6r\u00f6s rizsb\u0151l sz\u00e1rmaz\u00f3 monacolin K term\u00e9szetes sztatin (lovasztatin), \u00e9s hozz\u00e1j\u00e1rul a v\u00e9r norm\u00e1l koleszterinszintj\u00e9nek fenntart\u00e1s\u00e1hoz. A j\u00f3t\u00e9kony hat\u00e1s napi 10 mg monacolin K bevitel\u00e9vel \u00e9rhet\u0151 el.<br \/>\nAz artics\u00f3kalev\u00e9l kivonat cs\u00f6kkenti a koleszterin felsz\u00edv\u00f3d\u00e1s\u00e1t \u00e9s szint\u00e9zis\u00e9t. Cs\u00f6kkenti az \u00f6ssz- \u00e9s LDL-koleszterint, m\u00e9rs\u00e9kelten n\u00f6veli a HDL-koleszterint. Jav\u00edtja az erek endot\u00e9lium\u00e1nak m\u0171k\u00f6d\u00e9s\u00e9t hiperkoleszterin\u00e9mi\u00e1ban.<br \/>\nA citrusf\u00e9l\u00e9k flavonoidjai jelent\u0151s hat\u00e1st gyakorolnak az erek rugalmass\u00e1g\u00e1nak \u00e9s m\u0171k\u00f6d\u00e9s\u00e9nek meg\u0151rz\u00e9s\u00e9re, valamint az \u00e9relmeszesed\u00e9si folyamat meg\u00e1ll\u00edt\u00e1s\u00e1ra \u00e9s a v\u00e9n\u00e1kban a trombusk\u00e9pz\u0151d\u00e9sre.<br \/>\nA Biostatine forte tabletta \u00e9trend-kieg\u00e9sz\u00edt\u0151k\u00e9nt aj\u00e1nlott azoknak, akikn\u00e9l emelkedett a v\u00e9r koleszterin- \u00e9s trigliceridszintje, valamint olyan betegeknek, akikn\u00e9l a k\u00e9miai sztatinter\u00e1pia mell\u00e9khat\u00e1sai jelentkeznek.<\/p>\n<p><strong>Fogalmaz\u00e1s :<br \/>\n<\/strong>Eredeti, \u00f6sszetett \u00f6sszet\u00e9tel\u0171, tiszt\u00edtott, standardiz\u00e1lt n\u00f6v\u00e9nyi kivonatok egyed\u00fcl\u00e1ll\u00f3 kombin\u00e1ci\u00f3j\u00e1t tartalmaz\u00f3 k\u00e9sz\u00edtm\u00e9nyek:<br \/>\n- Ferment\u00e1lt v\u00f6r\u00f6s rizs (Oriza sativa, Monascus purpureus de)<br \/>\n- Artics\u00f3ka lev\u00e9l (Cynara scolymusd.e)<br \/>\n\u2013 Citroflavonoidok (heszperidin 60%).<strong><br \/>\n<\/strong><\/p>\n<p><strong>Adagol\u00e1s \u00e9s felhaszn\u00e1l\u00e1si m\u00f3d:<br \/>\n<\/strong>Napi 1 tabletta, eb\u00e9d vagy vacsora el\u0151tt, b\u0151 v\u00edzzel.<\/p>\n<p><strong>Jegyzet:<\/strong>\u00a0Arra t\u00f6reksz\u00fcnk, hogy minden term\u00e9k le\u00edr\u00e1s\u00e1n\u00e1l a lehet\u0151 legpontosabbak legy\u00fcnk, de nem tudjuk garant\u00e1lni, hogy minden le\u00edr\u00e1s teljes \u00e9s hibamentes. K\u00f6sz\u00f6n\u00f6m a meg\u00e9rt\u00e9st.<br \/>\nAz oldalon felt\u00fcntetett \u00f6sszes elem k\u00edn\u00e1latunk r\u00e9sz\u00e9t k\u00e9pezi, de ez nem jelenti azt, hogy mindenkor el\u00e9rhet\u0151.<\/p>","protected":false},"featured_media":2481,"template":"","meta":[],"product_brand":[],"product_cat":[79],"product_tag":[339,259,1907],"class_list":{"0":"post-2480","1":"product","2":"type-product","3":"status-publish","4":"has-post-thumbnail","6":"product_cat-srce-krvni-sudovi-i-holesterol","7":"product_tag-holesterol","8":"product_tag-krvni-sudovi","9":"product_tag-trigliceridi","10":"pa_brend-pharmalife","12":"first","13":"instock","14":"shipping-taxable","15":"purchasable","16":"product-type-simple"},"ams_default_variation_id":0,"ams_product_points_reward":[],"ams_product_discount_percentage":0,"ams_price_to_display":1269.6,"ams_acf":[],"jetpack_sharing_enabled":true,"_links":{"self":[{"href":"https:\/\/apotekar-online.rs\/hu\/wp-json\/wp\/v2\/product\/2480","targetHints":{"allow":["GET"]}}],"collection":[{"href":"https:\/\/apotekar-online.rs\/hu\/wp-json\/wp\/v2\/product"}],"about":[{"href":"https:\/\/apotekar-online.rs\/hu\/wp-json\/wp\/v2\/types\/product"}],"wp:featuredmedia":[{"embeddable":true,"href":"https:\/\/apotekar-online.rs\/hu\/wp-json\/wp\/v2\/media\/2481"}],"wp:attachment":[{"href":"https:\/\/apotekar-online.rs\/hu\/wp-json\/wp\/v2\/media?parent=2480"}],"wp:term":[{"taxonomy":"product_brand","embeddable":true,"href":"https:\/\/apotekar-online.rs\/hu\/wp-json\/wp\/v2\/product_brand?post=2480"},{"taxonomy":"product_cat","embeddable":true,"href":"https:\/\/apotekar-online.rs\/hu\/wp-json\/wp\/v2\/product_cat?post=2480"},{"taxonomy":"product_tag","embeddable":true,"href":"https:\/\/apotekar-online.rs\/hu\/wp-json\/wp\/v2\/product_tag?post=2480"}],"curies":[{"name":"wp","href":"https:\/\/api.w.org\/{rel}","templated":true}]}}