{"id":2484,"date":"2023-04-07T18:54:18","date_gmt":"2023-04-07T20:54:18","guid":{"rendered":"https:\/\/apotekar-online.rs\/?post_type=product&#038;p=2484"},"modified":"2026-03-05T08:21:13","modified_gmt":"2026-03-05T10:21:13","slug":"chymoral-30-gyomorrezisztens-tabletta","status":"publish","type":"product","link":"https:\/\/apotekar-online.rs\/hu\/p\/chymoral-30-gastrorezistentnih-tableta\/","title":{"rendered":"Chymoral\u00ae 30 gyomornedv-ellen\u00e1ll\u00f3 tabletta"},"content":{"rendered":"","protected":false},"excerpt":{"rendered":"<p>A Chymoral\u00ae t\u00e1pl\u00e1l\u00e9k-kieg\u00e9sz\u00edt\u0151 a proteolitikus enzimek tov\u00e1bbi forr\u00e1sa az \u00e9trendben.<br \/>\nA Chymoral\u00ae gyomornedv-ellen\u00e1ll\u00f3 tabletta haszn\u00e1lhat\u00f3:<br \/>\n- duzzanattal \u00e9s v\u00e9rr\u00f6g\u00f6kkel,<br \/>\n- k\u00e1rosodott v\u00e9r- \u00e9s nyirokfolyad\u00e9k \u00e1raml\u00e1s eset\u00e9n,<br \/>\n- a l\u00e9gz\u0151rendszer fels\u0151 r\u00e9sz\u00e9nek gyullad\u00e1sos folyamataival (s\u0171r\u0171 h\u00f6rg\u0151v\u00e1lad\u00e9k, neh\u00e9z k\u00f6ptet\u00e9s).<br \/>\n<strong>Akci\u00f3<\/strong>: A proteolitikus enzimek, a tripszin \u00e9s a kimotripszin a Chymoral\u00ae gyomornedv-ellen\u00e1ll\u00f3 tablett\u00e1kban specifikus endopeptid\u00e1zok \u00e9s \u00e9szter\u00e1zok katalitikus aktivit\u00e1s\u00e1val rendelkeznek. A v\u00e9r\u00e1ramba jutva a tripszin \u00e9s a kimotripszin enzimatikus aktivit\u00e1sa g\u00e1tolt. A g\u00e1tl\u00e1s reverzibilit\u00e1s\u00e1nak k\u00f6sz\u00f6nhet\u0151en a tripszin \u00e9s a kimotripszin a v\u00e9r\u00e1ramb\u00f3l val\u00f3 kil\u00e9p\u00e9st k\u00f6vet\u0151en a perme\u00e1bilis vagy nyitott erek z\u00f3n\u00e1j\u00e1ban nyeri vissza enzimatikus aktivit\u00e1s\u00e1t. Ily m\u00f3don az ereken k\u00edv\u00fcli t\u00e9rben tripszin \u00e9s kimotripszin felszabadul\u00e1sa \u00e9s enzimaktivit\u00e1sa k\u00f6vetkezik be.<\/p>\n<p><strong>Adagol\u00e1s \u00e9s felhaszn\u00e1l\u00e1si m\u00f3d:<\/strong><br \/>\nA tablett\u00e1kat kiz\u00e1r\u00f3lag \u00e9hgyomorra, azaz \u00e9tkez\u00e9s el\u0151tt 1 \u00f3r\u00e1val kell bevenni.<\/p>\n<p>Feln\u0151ttek: 2 gyomornedv-ellen\u00e1ll\u00f3 tabletta naponta h\u00e1romszor. A javul\u00e1s el\u00e9r\u00e9sekor az adag napi k\u00e9tszer 2 gyomornedv-ellen\u00e1ll\u00f3 tablett\u00e1ra cs\u00f6kkenthet\u0151.<\/p>\n<p>A tablett\u00e1kat eg\u00e9szben, sz\u00e9tr\u00e1g\u00e1s n\u00e9lk\u00fcl vagy kev\u00e9s folyad\u00e9kkal kell lenyelni.<\/p>\n<p>A CHYMORAL gyomornedv-ellen\u00e1ll\u00f3 tabletta alkalmaz\u00e1sa nem z\u00e1rja ki m\u00e1s gy\u00f3gyszerek (pl. antibiotikumok stb.) egyidej\u0171 alkalmaz\u00e1s\u00e1t.<\/p>\n<p>Ha az el\u0151\u00edrtn\u00e1l nagyobb adagot vett be a gy\u00f3gyszerb\u0151l, azonnal forduljon kezel\u0151orvos\u00e1hoz vagy gy\u00f3gyszer\u00e9sz\u00e9hez!<\/p>\n<p>Soha ne vegyen be dupla adagot a kihagyott adag p\u00f3tl\u00e1s\u00e1ra!<\/p>\n<p>&nbsp;<\/p>","protected":false},"featured_media":2573,"template":"","meta":[],"product_brand":[],"product_cat":[81],"product_tag":[296,1240,297],"class_list":{"0":"post-2484","1":"product","2":"type-product","3":"status-publish","4":"has-post-thumbnail","6":"product_cat-probiotici-i-enzimi","7":"product_tag-enzimi","8":"product_tag-iskasljavanje","9":"product_tag-otok","10":"pa_brend-galenika","12":"first","13":"instock","14":"shipping-taxable","15":"purchasable","16":"product-type-simple"},"ams_default_variation_id":0,"ams_product_points_reward":[],"ams_product_discount_percentage":0,"ams_price_to_display":750,"ams_acf":[],"jetpack_sharing_enabled":true,"_links":{"self":[{"href":"https:\/\/apotekar-online.rs\/hu\/wp-json\/wp\/v2\/product\/2484","targetHints":{"allow":["GET"]}}],"collection":[{"href":"https:\/\/apotekar-online.rs\/hu\/wp-json\/wp\/v2\/product"}],"about":[{"href":"https:\/\/apotekar-online.rs\/hu\/wp-json\/wp\/v2\/types\/product"}],"wp:featuredmedia":[{"embeddable":true,"href":"https:\/\/apotekar-online.rs\/hu\/wp-json\/wp\/v2\/media\/2573"}],"wp:attachment":[{"href":"https:\/\/apotekar-online.rs\/hu\/wp-json\/wp\/v2\/media?parent=2484"}],"wp:term":[{"taxonomy":"product_brand","embeddable":true,"href":"https:\/\/apotekar-online.rs\/hu\/wp-json\/wp\/v2\/product_brand?post=2484"},{"taxonomy":"product_cat","embeddable":true,"href":"https:\/\/apotekar-online.rs\/hu\/wp-json\/wp\/v2\/product_cat?post=2484"},{"taxonomy":"product_tag","embeddable":true,"href":"https:\/\/apotekar-online.rs\/hu\/wp-json\/wp\/v2\/product_tag?post=2484"}],"curies":[{"name":"wp","href":"https:\/\/api.w.org\/{rel}","templated":true}]}}