{"id":2509,"date":"2023-04-07T20:16:05","date_gmt":"2023-04-07T22:16:05","guid":{"rendered":"https:\/\/apotekar-online.rs\/?post_type=product&#038;p=2509"},"modified":"2026-03-05T08:21:12","modified_gmt":"2026-03-05T10:21:12","slug":"mamavit-plus-cps-a30","status":"publish","type":"product","link":"https:\/\/apotekar-online.rs\/hu\/p\/mamavit-plus-cps-a30\/","title":{"rendered":"Mamavit plus cps A30"},"content":{"rendered":"","protected":false},"excerpt":{"rendered":"<p><strong>MamaVit<\/strong>\u00a0<strong>plusz<\/strong>\u00a0egy biokomplex, amely vitaminokat \u00e9s \u00e1sv\u00e1nyi anyagokat tartalmaz, amelyek a terhess\u00e9get tervez\u0151 n\u0151k, terhes n\u0151k \u00e9s szoptat\u00f3 any\u00e1k sz\u00e1m\u00e1ra sz\u00fcks\u00e9gesek.<\/p>\n<p>&nbsp;<\/p>\n<p><strong>MamaVit<\/strong><strong>\u00a0plusz<\/strong>\u00a0\u00fagy lett kialak\u00edtva, hogy kiel\u00e9g\u00edtse a n\u0151k megn\u00f6vekedett vitamin-, \u00e1sv\u00e1nyianyag- \u00e9s nyomelemsz\u00fcks\u00e9glet\u00e9t terhess\u00e9g el\u0151tt, alatt \u00e9s ut\u00e1n.<br \/>\nAz eml\u00edtett id\u0151szakokban a n\u0151i szervezet \u00e9s a fejl\u0151d\u0151 gyermek sz\u00fcks\u00e9gletei jelent\u0151sen megn\u0151ttek. Tov\u00e1bbi t\u00e1panyagbevitel nem \u00e9rhet\u0151 el puszt\u00e1n a t\u00e1pl\u00e1l\u00e9kfelv\u00e9tel n\u00f6vel\u00e9s\u00e9vel. Az eg\u00e9szs\u00e9ges t\u00e1pl\u00e1lkoz\u00e1s mellett vitaminok \u00e9s \u00e1sv\u00e1nyi anyagok tov\u00e1bbi bevitele javasolt.<\/p>\n<p><strong>MamaVit<\/strong>\u00a0A tablett\u00e1k tartalmaznak: b\u00e9ta-karotint, A-, B-, C-, D-vitamint, B komplex vitaminokat, folsavat, valamint \u00e1sv\u00e1nyi anyagokat \u00e9s nyomelemeket (kalcium, magn\u00e9zium, molibd\u00e9n, vas, kr\u00f3m, j\u00f3d, mang\u00e1n, r\u00e9z, cink \u00e9s szel\u00e9n ).<\/p>\n<p>Ezenk\u00edv\u00fcl az A-, B-, C-, D-vitamin, valamint a cink, a szel\u00e9n \u00e9s a mang\u00e1n antioxid\u00e1nsok, \u00e9s megv\u00e9dik az emberi szervezet sejtjeit a szabad gy\u00f6k\u00f6k k\u00e1ros hat\u00e1sait\u00f3l, amelyek a l\u00e9gszennyez\u00e9s, az ultraibolya sug\u00e1rz\u00e1s, a doh\u00e1nyz\u00e1s k\u00f6vetkezm\u00e9nyei. , alkoholfogyaszt\u00e1s \u00e9s helytelen t\u00e1pl\u00e1lkoz\u00e1s.<\/p>\n<p>A Mamavit plus omega-3 zs\u00edrsavakat tartalmaz, amelyek hozz\u00e1j\u00e1rulnak a magzatok \u00e9s csecsem\u0151k agy\u00e1nak megfelel\u0151 fejl\u0151d\u00e9s\u00e9hez \u00e9s l\u00e1t\u00e1s\u00e1hoz.<\/p>\n<p><b>Adagol\u00e1s \u00e9s felhaszn\u00e1l\u00e1si m\u00f3d:<\/b><\/p>\n<p>Napi 1 kapszula, lehet\u0151leg \u00e9tkez\u00e9s k\u00f6zben.<\/p>\n<p>A Mamavit plus-t nem haszn\u00e1lhatj\u00e1k olyan szem\u00e9lyek, akik \u00e9rz\u00e9kenyek a kapszul\u00e1k b\u00e1rmely \u00f6sszetev\u0151j\u00e9re, valamint A \u00e9s\/vagy D hipervitamin\u00f3zisban, hiperkalc\u00e9mi\u00e1ban, vasanyagcsere-zavarban vagy s\u00falyos vesem\u0171k\u00f6d\u00e9si zavarban szenved\u0151k.<\/p>\n<p><strong>Jegyzet:<\/strong>\u00a0Arra t\u00f6reksz\u00fcnk, hogy minden term\u00e9k le\u00edr\u00e1s\u00e1n\u00e1l a lehet\u0151 legpontosabbak legy\u00fcnk, de nem tudjuk garant\u00e1lni, hogy minden le\u00edr\u00e1s teljes \u00e9s hibamentes. K\u00f6sz\u00f6n\u00f6m a meg\u00e9rt\u00e9st.<br \/>\nAz oldalon felt\u00fcntetett \u00f6sszes elem k\u00edn\u00e1latunk r\u00e9sz\u00e9t k\u00e9pezi, de ez nem jelenti azt, hogy mindenkor el\u00e9rhet\u0151.<\/p>","protected":false},"featured_media":2510,"template":"","meta":[],"product_brand":[],"product_cat":[340,89,85],"product_tag":[],"class_list":{"0":"post-2509","1":"product","2":"type-product","3":"status-publish","4":"has-post-thumbnail","6":"product_cat-deciji-program","7":"product_cat-trudnoca-i-dojenje","8":"product_cat-zdravlje-zena","9":"pa_brend-pharmaswiss","11":"first","12":"instock","13":"shipping-taxable","14":"purchasable","15":"product-type-simple"},"ams_default_variation_id":0,"ams_product_points_reward":[],"ams_product_discount_percentage":0,"ams_price_to_display":1782,"ams_acf":[],"jetpack_sharing_enabled":true,"_links":{"self":[{"href":"https:\/\/apotekar-online.rs\/hu\/wp-json\/wp\/v2\/product\/2509","targetHints":{"allow":["GET"]}}],"collection":[{"href":"https:\/\/apotekar-online.rs\/hu\/wp-json\/wp\/v2\/product"}],"about":[{"href":"https:\/\/apotekar-online.rs\/hu\/wp-json\/wp\/v2\/types\/product"}],"wp:featuredmedia":[{"embeddable":true,"href":"https:\/\/apotekar-online.rs\/hu\/wp-json\/wp\/v2\/media\/2510"}],"wp:attachment":[{"href":"https:\/\/apotekar-online.rs\/hu\/wp-json\/wp\/v2\/media?parent=2509"}],"wp:term":[{"taxonomy":"product_brand","embeddable":true,"href":"https:\/\/apotekar-online.rs\/hu\/wp-json\/wp\/v2\/product_brand?post=2509"},{"taxonomy":"product_cat","embeddable":true,"href":"https:\/\/apotekar-online.rs\/hu\/wp-json\/wp\/v2\/product_cat?post=2509"},{"taxonomy":"product_tag","embeddable":true,"href":"https:\/\/apotekar-online.rs\/hu\/wp-json\/wp\/v2\/product_tag?post=2509"}],"curies":[{"name":"wp","href":"https:\/\/api.w.org\/{rel}","templated":true}]}}