{"id":2516,"date":"2023-04-07T20:22:03","date_gmt":"2023-04-07T22:22:03","guid":{"rendered":"https:\/\/apotekar-online.rs\/?post_type=product&#038;p=2516"},"modified":"2026-03-05T08:21:11","modified_gmt":"2026-03-05T10:21:11","slug":"premama-duo-30-kapszula-30-tabletta-2","status":"publish","type":"product","link":"https:\/\/apotekar-online.rs\/hu\/p\/premama-duo-30-kapsula-30-tableta-2\/","title":{"rendered":"Premama Duo 30 kapszula + 30 tabletta"},"content":{"rendered":"","protected":false},"excerpt":{"rendered":"<p>A Premama Duo egy omega-3 zs\u00edrsavakat tartalmaz\u00f3 multivitamin \u00e9s multi\u00e1sv\u00e1nyi k\u00e9sz\u00edtm\u00e9ny. A terhess\u00e9get tervez\u0151 n\u0151knek, terhes n\u0151knek \u00e9s szoptat\u00f3 n\u0151knek nagyobb vitamin- \u00e9s \u00e1sv\u00e1nyianyag-bevitelre van sz\u00fcks\u00e9g\u00fck. Mindegyiknek fontos szerepe van a leend\u0151 any\u00e1k szervezet\u00e9ben. A folsav bevitele hozz\u00e1j\u00e1rul a neur\u00e1lis cs\u0151hib\u00e1k kock\u00e1zat\u00e1nak cs\u00f6kkent\u00e9s\u00e9hez. Az omega-3 zs\u00edrsavak hozz\u00e1j\u00e1rulnak a magzatok \u00e9s csecsem\u0151k agy\u00e1nak \u00e9s szem\u00e9nek norm\u00e1l fejl\u0151d\u00e9s\u00e9hez. A D-vitamin \u00e9s a kalcium hozz\u00e1j\u00e1rul az eg\u00e9szs\u00e9ges csontokhoz \u00e9s fogakhoz. A vas szerepet j\u00e1tszik a v\u00f6r\u00f6sv\u00e9rtestek \u00e9s a hemoglobin k\u00e9pz\u0151d\u00e9s\u00e9ben. A C-vitamin hozz\u00e1j\u00e1rul a norm\u00e1l kollag\u00e9ntermel\u00e9shez \u00e9s a norm\u00e1l b\u0151rm\u0171k\u00f6d\u00e9shez. A cink \u00e9s a szel\u00e9n hozz\u00e1j\u00e1rul az eg\u00e9szs\u00e9ges haj \u00e9s k\u00f6r\u00f6m meg\u0151rz\u00e9s\u00e9hez.<\/p>\n<h5><strong>Adagol\u00e1s \u00e9s felhaszn\u00e1l\u00e1si m\u00f3d:<\/strong><\/h5>\n<p>A terhess\u00e9get tervez\u0151 n\u0151k, terhes n\u0151k \u00e9s szoptat\u00f3 any\u00e1k napi egy tablett\u00e1t \u00e9s egy kapszul\u00e1t vegyenek be, kev\u00e9s folyad\u00e9kkal \u00e9tkez\u00e9s ut\u00e1n. Ne l\u00e9pje t\u00fal az aj\u00e1nlott napi mennyis\u00e9get vagy adagot.<\/p>\n<h5><strong>Fogalmaz\u00e1s<\/strong><\/h5>\n<p>Tabletta: E-vitamin, C-vitamin, pantot\u00e9nsav, B1-vitamin, B2-vitamin, B6-vitamin, folsav, biotin, D-vitamin, B12-vitamin, kalcium, magn\u00e9zium, vas, cink, mang\u00e1n, r\u00e9z, kr\u00f3m, j\u00f3d, szel\u00e9n, molibd\u00e9n.<\/p>\n<p>Kapszula: Omega-3 halolaj (DHA, EPA).<\/p>\n<p><strong>Jegyzet:<\/strong>\u00a0Arra t\u00f6reksz\u00fcnk, hogy minden term\u00e9k le\u00edr\u00e1s\u00e1n\u00e1l a lehet\u0151 legpontosabbak legy\u00fcnk, de nem tudjuk garant\u00e1lni, hogy minden le\u00edr\u00e1s teljes \u00e9s hibamentes. K\u00f6sz\u00f6n\u00f6m a meg\u00e9rt\u00e9st.<br \/>\nAz oldalon felt\u00fcntetett \u00f6sszes elem k\u00edn\u00e1latunk r\u00e9sz\u00e9t k\u00e9pezi, de ez nem jelenti azt, hogy mindenkor el\u00e9rhet\u0151.<\/p>","protected":false},"featured_media":2519,"template":"","meta":[],"product_brand":[],"product_cat":[340,89],"product_tag":[],"class_list":{"0":"post-2516","1":"product","2":"type-product","3":"status-publish","4":"has-post-thumbnail","6":"product_cat-deciji-program","7":"product_cat-trudnoca-i-dojenje","9":"first","10":"instock","11":"shipping-taxable","12":"purchasable","13":"product-type-simple"},"ams_default_variation_id":0,"ams_product_points_reward":[],"ams_product_discount_percentage":0,"ams_price_to_display":1670,"ams_acf":[],"jetpack_sharing_enabled":true,"_links":{"self":[{"href":"https:\/\/apotekar-online.rs\/hu\/wp-json\/wp\/v2\/product\/2516","targetHints":{"allow":["GET"]}}],"collection":[{"href":"https:\/\/apotekar-online.rs\/hu\/wp-json\/wp\/v2\/product"}],"about":[{"href":"https:\/\/apotekar-online.rs\/hu\/wp-json\/wp\/v2\/types\/product"}],"wp:featuredmedia":[{"embeddable":true,"href":"https:\/\/apotekar-online.rs\/hu\/wp-json\/wp\/v2\/media\/2519"}],"wp:attachment":[{"href":"https:\/\/apotekar-online.rs\/hu\/wp-json\/wp\/v2\/media?parent=2516"}],"wp:term":[{"taxonomy":"product_brand","embeddable":true,"href":"https:\/\/apotekar-online.rs\/hu\/wp-json\/wp\/v2\/product_brand?post=2516"},{"taxonomy":"product_cat","embeddable":true,"href":"https:\/\/apotekar-online.rs\/hu\/wp-json\/wp\/v2\/product_cat?post=2516"},{"taxonomy":"product_tag","embeddable":true,"href":"https:\/\/apotekar-online.rs\/hu\/wp-json\/wp\/v2\/product_tag?post=2516"}],"curies":[{"name":"wp","href":"https:\/\/api.w.org\/{rel}","templated":true}]}}