{"id":2535,"date":"2023-04-07T20:44:24","date_gmt":"2023-04-07T22:44:24","guid":{"rendered":"https:\/\/apotekar-online.rs\/?post_type=product&#038;p=2535"},"modified":"2026-04-30T00:00:03","modified_gmt":"2026-04-30T02:00:03","slug":"waya-biotic-10ml","status":"publish","type":"product","link":"https:\/\/apotekar-online.rs\/hu\/p\/waya-biotic-10ml\/","title":{"rendered":"Waya biotic 10 ml"},"content":{"rendered":"","protected":false},"excerpt":{"rendered":"<p>Ezek a cseppek Lactobacillus rhamnosus GG-t tartalmaznak, \u00e9s minden gyomor-b\u00e9lrendszeri probl\u00e9ma, els\u0151sorban csecsem\u0151k k\u00f3lik\u00e1j\u00e1nak \u00e9s hasmen\u00e9snek a megold\u00e1s\u00e1ra, valamint csecsem\u0151k \u00e9s gyermekek b\u00e9lmikrofl\u00f3r\u00e1j\u00e1nak szab\u00e1lyoz\u00e1s\u00e1ra szolg\u00e1lnak. Az LGG mikrokapszul\u00e1zott, \u00edgy \u00f6tsz\u00f6r magasabb koncentr\u00e1ci\u00f3t biztos\u00edt a hat\u00e1s hely\u00e9n. Ez a term\u00e9k \u00e9lete els\u0151 napj\u00e1t\u00f3l haszn\u00e1lhat\u00f3. Cs\u00f6kkenti a csecsem\u0151kn\u00e9l a k\u00f3lika miatti s\u00edr\u00e1st, ingerl\u00e9kenys\u00e9get, biztos\u00edtja a b\u00e9l mikrofl\u00f3ra kiegyens\u00falyozotts\u00e1g\u00e1t, megel\u0151zi az antibiotikum-haszn\u00e1lat okozta hasmen\u00e9st. A csomag 10 ml-t tartalmaz.<\/p>\n<h5><strong>Adagol\u00e1s \u00e9s felhaszn\u00e1l\u00e1si m\u00f3d:<\/strong><\/h5>\n<p>Csecsem\u0151 2 \u00e9ves korig: 7 csepp. 2-6 \u00e9ves gyermekek: 10 csepp. A palack felbont\u00e1sa ut\u00e1n a cseppek m\u00e9g legal\u00e1bb egy h\u00f3napig haszn\u00e1lhat\u00f3k.<\/p>\n<h5><strong>Fogalmaz\u00e1s<\/strong><\/h5>\n<p>Lactobacillus rhamnosus GG (\u00f6sszesen 1 milli\u00e1rd LGG 7 cseppben).<\/p>\n<p><strong>Jegyzet:<\/strong>\u00a0Arra t\u00f6reksz\u00fcnk, hogy minden term\u00e9k le\u00edr\u00e1s\u00e1n\u00e1l a lehet\u0151 legpontosabbak legy\u00fcnk, de nem tudjuk garant\u00e1lni, hogy minden le\u00edr\u00e1s teljes \u00e9s hibamentes. K\u00f6sz\u00f6n\u00f6m a meg\u00e9rt\u00e9st.<br \/>\nAz oldalon felt\u00fcntetett \u00f6sszes elem k\u00edn\u00e1latunk r\u00e9sz\u00e9t k\u00e9pezi, de ez nem jelenti azt, hogy mindenkor el\u00e9rhet\u0151.<\/p>","protected":false},"featured_media":2533,"template":"","meta":[],"product_brand":[3093],"product_cat":[340,156,107],"product_tag":[271,2319],"class_list":{"0":"post-2535","1":"product","2":"type-product","3":"status-publish","4":"has-post-thumbnail","6":"product_brand-waya","7":"product_cat-deciji-program","8":"product_cat-grcevi-kod-beba","9":"product_cat-probiotici-za-decu","10":"product_tag-grcevi","11":"product_tag-odojcad","12":"pa_brend-waya","14":"first","15":"instock","16":"shipping-taxable","17":"purchasable","18":"product-type-simple"},"ams_default_variation_id":0,"ams_product_points_reward":[],"ams_product_discount_percentage":0,"ams_price_to_display":1159.37,"ams_acf":[],"jetpack_sharing_enabled":true,"_links":{"self":[{"href":"https:\/\/apotekar-online.rs\/hu\/wp-json\/wp\/v2\/product\/2535","targetHints":{"allow":["GET"]}}],"collection":[{"href":"https:\/\/apotekar-online.rs\/hu\/wp-json\/wp\/v2\/product"}],"about":[{"href":"https:\/\/apotekar-online.rs\/hu\/wp-json\/wp\/v2\/types\/product"}],"wp:featuredmedia":[{"embeddable":true,"href":"https:\/\/apotekar-online.rs\/hu\/wp-json\/wp\/v2\/media\/2533"}],"wp:attachment":[{"href":"https:\/\/apotekar-online.rs\/hu\/wp-json\/wp\/v2\/media?parent=2535"}],"wp:term":[{"taxonomy":"product_brand","embeddable":true,"href":"https:\/\/apotekar-online.rs\/hu\/wp-json\/wp\/v2\/product_brand?post=2535"},{"taxonomy":"product_cat","embeddable":true,"href":"https:\/\/apotekar-online.rs\/hu\/wp-json\/wp\/v2\/product_cat?post=2535"},{"taxonomy":"product_tag","embeddable":true,"href":"https:\/\/apotekar-online.rs\/hu\/wp-json\/wp\/v2\/product_tag?post=2535"}],"curies":[{"name":"wp","href":"https:\/\/api.w.org\/{rel}","templated":true}]}}