{"id":2558,"date":"2023-04-07T21:22:38","date_gmt":"2023-04-07T23:22:38","guid":{"rendered":"https:\/\/apotekar-online.rs\/?post_type=product&#038;p=2558"},"modified":"2026-03-05T08:21:10","modified_gmt":"2026-03-05T10:21:10","slug":"chicco-wb-plasticna-flasica-150ml-silikon-plava","status":"publish","type":"product","link":"https:\/\/apotekar-online.rs\/hu\/p\/chicco-wb-plasticna-flasica-150ml-silikon-plava\/","title":{"rendered":"Chicco WB plasti\u010dna fla\u0161ica 150ml, silikon, plava"},"content":{"rendered":"","protected":false},"excerpt":{"rendered":"<p>A kiv\u00e1l\u00f3 min\u0151s\u00e9g\u0171 \u00e9lelmiszer-min\u0151s\u00e9g\u0171 m\u0171anyagnak k\u00f6sz\u00f6nhet\u0151en a Chicco cumis\u00fcveg megk\u00f6nny\u00edti a baba t\u00e1pl\u00e1l\u00e1s\u00e1t az \u00e9let els\u0151 h\u00f3napjai ut\u00e1n a gyors szop\u00e1snak k\u00f6sz\u00f6nhet\u0151en. A cumis\u00fcveg puha szilikon cumit tartalmaz a kellemes \u00e9rz\u00e9s \u00e9rdek\u00e9ben etet\u00e9s k\u00f6zben. Biszfenol A n\u00e9lk\u00fcl. A milliliter \u0171rtartalma 150 ml. A sz\u00edn k\u00e9k. A palack m\u00e1s kivitelben \u00e9s sz\u00ednben is kaphat\u00f3, illetve milliliteres kiszerel\u00e9sben is.<\/p>\n<p><strong>Jegyzet:<\/strong>\u00a0Arra t\u00f6reksz\u00fcnk, hogy minden term\u00e9k le\u00edr\u00e1s\u00e1n\u00e1l a lehet\u0151 legpontosabbak legy\u00fcnk, de nem tudjuk garant\u00e1lni, hogy minden le\u00edr\u00e1s teljes \u00e9s hibamentes. K\u00f6sz\u00f6n\u00f6m a meg\u00e9rt\u00e9st.<br \/>\nAz oldalon felt\u00fcntetett \u00f6sszes elem k\u00edn\u00e1latunk r\u00e9sz\u00e9t k\u00e9pezi, de ez nem jelenti azt, hogy mindenkor el\u00e9rhet\u0151.<\/p>","protected":false},"featured_media":2559,"template":"","meta":[],"product_brand":[],"product_cat":[385,340],"product_tag":[390,392,386],"class_list":{"0":"post-2558","1":"product","2":"type-product","3":"status-publish","4":"has-post-thumbnail","6":"product_cat-bebi-oprema","7":"product_cat-deciji-program","8":"product_tag-bebe","9":"product_tag-ishrana","10":"product_tag-oprema","11":"pa_brend-chicco","13":"first","14":"instock","15":"shipping-taxable","16":"purchasable","17":"product-type-simple"},"ams_default_variation_id":0,"ams_product_points_reward":[],"ams_product_discount_percentage":0,"ams_price_to_display":870,"ams_acf":[],"jetpack_sharing_enabled":true,"_links":{"self":[{"href":"https:\/\/apotekar-online.rs\/hu\/wp-json\/wp\/v2\/product\/2558","targetHints":{"allow":["GET"]}}],"collection":[{"href":"https:\/\/apotekar-online.rs\/hu\/wp-json\/wp\/v2\/product"}],"about":[{"href":"https:\/\/apotekar-online.rs\/hu\/wp-json\/wp\/v2\/types\/product"}],"wp:featuredmedia":[{"embeddable":true,"href":"https:\/\/apotekar-online.rs\/hu\/wp-json\/wp\/v2\/media\/2559"}],"wp:attachment":[{"href":"https:\/\/apotekar-online.rs\/hu\/wp-json\/wp\/v2\/media?parent=2558"}],"wp:term":[{"taxonomy":"product_brand","embeddable":true,"href":"https:\/\/apotekar-online.rs\/hu\/wp-json\/wp\/v2\/product_brand?post=2558"},{"taxonomy":"product_cat","embeddable":true,"href":"https:\/\/apotekar-online.rs\/hu\/wp-json\/wp\/v2\/product_cat?post=2558"},{"taxonomy":"product_tag","embeddable":true,"href":"https:\/\/apotekar-online.rs\/hu\/wp-json\/wp\/v2\/product_tag?post=2558"}],"curies":[{"name":"wp","href":"https:\/\/api.w.org\/{rel}","templated":true}]}}