{"id":2565,"date":"2023-04-07T21:35:18","date_gmt":"2023-04-07T23:35:18","guid":{"rendered":"https:\/\/apotekar-online.rs\/?post_type=product&#038;p=2565"},"modified":"2026-03-05T08:21:10","modified_gmt":"2026-03-05T10:21:10","slug":"chicco-laza-physio-air-sil-plava-6-16m-2kom","status":"publish","type":"product","link":"https:\/\/apotekar-online.rs\/hu\/p\/chicco-laza-physio-air-sil-plava-6-16m-2kom\/","title":{"rendered":"Chicco la\u017ea Physio Air sil. plava 6-16m, 2kom"},"content":{"rendered":"","protected":false},"excerpt":{"rendered":"<p>A Chicco egy t\u00f6bb mint 60 \u00e9ves hagyom\u00e1nyokkal rendelkez\u0151 olasz m\u00e1rka. A Chicco az egyik vezet\u0151 m\u00e1rka a csecsem\u0151knek \u00e9s gyermekeknek sz\u00e1nt term\u00e9kek vil\u00e1gpiac\u00e1n, \u00e9s a vil\u00e1g t\u00edz legkelend\u0151bb olasz m\u00e1rk\u00e1j\u00e1nak egyike. A Chicco m\u00e1rka er\u0151ss\u00e9ge azon alapszik, hogy ez az egyetlen m\u00e1rka a vil\u00e1gon, amely a sz\u00fclet\u00e9st\u0151l h\u00e1rom \u00e9ves korig kiel\u00e9g\u00edti a gyermekek ig\u00e9nyeit.<\/p>\n<p><strong>Jegyzet:<\/strong>\u00a0Arra t\u00f6reksz\u00fcnk, hogy minden term\u00e9k le\u00edr\u00e1s\u00e1n\u00e1l a lehet\u0151 legpontosabbak legy\u00fcnk, de nem tudjuk garant\u00e1lni, hogy minden le\u00edr\u00e1s teljes \u00e9s hibamentes. K\u00f6sz\u00f6n\u00f6m a meg\u00e9rt\u00e9st.<br \/>\nAz oldalon felt\u00fcntetett \u00f6sszes elem k\u00edn\u00e1latunk r\u00e9sz\u00e9t k\u00e9pezi, de ez nem jelenti azt, hogy mindenkor el\u00e9rhet\u0151.<\/p>","protected":false},"featured_media":2568,"template":"","meta":[],"product_brand":[],"product_cat":[385,340],"product_tag":[390,386],"class_list":{"0":"post-2565","1":"product","2":"type-product","3":"status-publish","4":"has-post-thumbnail","6":"product_cat-bebi-oprema","7":"product_cat-deciji-program","8":"product_tag-bebe","9":"product_tag-oprema","10":"pa_brend-chicco","12":"first","13":"instock","14":"shipping-taxable","15":"purchasable","16":"product-type-simple"},"ams_default_variation_id":0,"ams_product_points_reward":[],"ams_product_discount_percentage":0,"ams_price_to_display":860,"ams_acf":[],"jetpack_sharing_enabled":true,"_links":{"self":[{"href":"https:\/\/apotekar-online.rs\/hu\/wp-json\/wp\/v2\/product\/2565","targetHints":{"allow":["GET"]}}],"collection":[{"href":"https:\/\/apotekar-online.rs\/hu\/wp-json\/wp\/v2\/product"}],"about":[{"href":"https:\/\/apotekar-online.rs\/hu\/wp-json\/wp\/v2\/types\/product"}],"wp:featuredmedia":[{"embeddable":true,"href":"https:\/\/apotekar-online.rs\/hu\/wp-json\/wp\/v2\/media\/2568"}],"wp:attachment":[{"href":"https:\/\/apotekar-online.rs\/hu\/wp-json\/wp\/v2\/media?parent=2565"}],"wp:term":[{"taxonomy":"product_brand","embeddable":true,"href":"https:\/\/apotekar-online.rs\/hu\/wp-json\/wp\/v2\/product_brand?post=2565"},{"taxonomy":"product_cat","embeddable":true,"href":"https:\/\/apotekar-online.rs\/hu\/wp-json\/wp\/v2\/product_cat?post=2565"},{"taxonomy":"product_tag","embeddable":true,"href":"https:\/\/apotekar-online.rs\/hu\/wp-json\/wp\/v2\/product_tag?post=2565"}],"curies":[{"name":"wp","href":"https:\/\/api.w.org\/{rel}","templated":true}]}}