{"id":2593,"date":"2023-04-08T16:41:56","date_gmt":"2023-04-08T18:41:56","guid":{"rendered":"https:\/\/apotekar-online.rs\/?post_type=product&#038;p=2593"},"modified":"2026-03-05T08:21:09","modified_gmt":"2026-03-05T10:21:09","slug":"nip-flack-cheer-ovt-children-150ml-sil-cumi-0m-plastic-flacks","status":"publish","type":"product","link":"https:\/\/apotekar-online.rs\/hu\/p\/nip-flasica-sir-otv-decaci-150ml-sil-cucla-0m-plasticne-flasice\/","title":{"rendered":"Cs\u00edp\u0151s palack sz\u00e9les ny\u00edl\u00e1s\u00fa fi\u00fak 150ml sil.cucla 0m+ M\u0171anyag flakonok"},"content":{"rendered":"","protected":false},"excerpt":{"rendered":"<p>A Nip egy 80 \u00e9ves hagyom\u00e1nyokkal rendelkez\u0151 n\u00e9met m\u00e1rka. Minden term\u00e9ket N\u00e9metorsz\u00e1gban fejlesztenek \u00e9s gy\u00e1rtanak azzal a gondolattal, hogy az any\u00e1k \u00e9s a bab\u00e1k sz\u00e1m\u00e1ra csak a legjobb min\u0151s\u00e9g\u0171 term\u00e9keket biztos\u00edts\u00e1k. Sz\u00e9les ny\u00edl\u00e1s\u00fa mellbimb\u00f3s cumis\u00fcveg szilikon cumival \u00e9s sz\u00fclet\u00e9st\u0151l (0m+) bab\u00e1k sz\u00e1m\u00e1ra k\u00e9sz\u00fclt. 150 ml t\u00e9rfogat\u00fa, \u00e9s nem tartalmaz biszfenol A-t.<br \/>\nA palack sz\u00e9les ny\u00edl\u00e1sa megk\u00f6nny\u00edti a palack megt\u00f6lt\u00e9s\u00e9t, valamint a k\u00f6nnyebb mos\u00e1st. A cumi tetej\u00e9n tal\u00e1lhat\u00f3 ACTIFLE X rendszer megakad\u00e1lyozza, hogy a cumi beh\u00faz\u00f3djon, mik\u00f6zben a baba iszik. A palack \u00e9rdekes, sz\u00ednes mint\u00e1j\u00fa, pasztell sz\u00ednekkel \u00e9s fi\u00faknak k\u00e9sz\u00fclt.<br \/>\nAnyaga: PP<br \/>\n\u0170rtartalom: 150 ml<br \/>\nCumi anyaga: szilikon<br \/>\nVide\u00f3: \/<br \/>\nSteriliz\u00e1l\u00e1s: mikrohull\u00e1m\u00fa s\u00fct\u0151ben vagy elektromos steriliz\u00e1torban<\/p>\n<p><strong>Jegyzet:<\/strong>\u00a0Arra t\u00f6reksz\u00fcnk, hogy minden term\u00e9k le\u00edr\u00e1s\u00e1n\u00e1l a lehet\u0151 legpontosabbak legy\u00fcnk, de nem tudjuk garant\u00e1lni, hogy minden le\u00edr\u00e1s teljes \u00e9s hibamentes. K\u00f6sz\u00f6n\u00f6m a meg\u00e9rt\u00e9st.<br \/>\nAz oldalon felt\u00fcntetett \u00f6sszes elem k\u00edn\u00e1latunk r\u00e9sz\u00e9t k\u00e9pezi, de ez nem jelenti azt, hogy mindenkor el\u00e9rhet\u0151.<\/p>","protected":false},"featured_media":2594,"template":"","meta":[],"product_brand":[],"product_cat":[340,385],"product_tag":[],"class_list":{"0":"post-2593","1":"product","2":"type-product","3":"status-publish","4":"has-post-thumbnail","6":"product_cat-deciji-program","7":"product_cat-bebi-oprema","8":"pa_brend-nip","10":"first","11":"instock","12":"shipping-taxable","13":"purchasable","14":"product-type-simple"},"ams_default_variation_id":0,"ams_product_points_reward":[],"ams_product_discount_percentage":0,"ams_price_to_display":625,"ams_acf":[],"jetpack_sharing_enabled":true,"_links":{"self":[{"href":"https:\/\/apotekar-online.rs\/hu\/wp-json\/wp\/v2\/product\/2593","targetHints":{"allow":["GET"]}}],"collection":[{"href":"https:\/\/apotekar-online.rs\/hu\/wp-json\/wp\/v2\/product"}],"about":[{"href":"https:\/\/apotekar-online.rs\/hu\/wp-json\/wp\/v2\/types\/product"}],"wp:featuredmedia":[{"embeddable":true,"href":"https:\/\/apotekar-online.rs\/hu\/wp-json\/wp\/v2\/media\/2594"}],"wp:attachment":[{"href":"https:\/\/apotekar-online.rs\/hu\/wp-json\/wp\/v2\/media?parent=2593"}],"wp:term":[{"taxonomy":"product_brand","embeddable":true,"href":"https:\/\/apotekar-online.rs\/hu\/wp-json\/wp\/v2\/product_brand?post=2593"},{"taxonomy":"product_cat","embeddable":true,"href":"https:\/\/apotekar-online.rs\/hu\/wp-json\/wp\/v2\/product_cat?post=2593"},{"taxonomy":"product_tag","embeddable":true,"href":"https:\/\/apotekar-online.rs\/hu\/wp-json\/wp\/v2\/product_tag?post=2593"}],"curies":[{"name":"wp","href":"https:\/\/api.w.org\/{rel}","templated":true}]}}