{"id":2633,"date":"2023-04-08T18:18:08","date_gmt":"2023-04-08T20:18:08","guid":{"rendered":"https:\/\/apotekar-online.rs\/?post_type=product&#038;p=2633"},"modified":"2026-03-05T08:20:31","modified_gmt":"2026-03-05T10:20:31","slug":"nip-csaladi-szilikon-laza-decake-0-6-honapos-2-darab","status":"publish","type":"product","link":"https:\/\/apotekar-online.rs\/hu\/p\/nip-family-silikonska-laza-za-decake-0-6-meseci-2-komada\/","title":{"rendered":"Nip Family szilikon cumi fi\u00faknak 0-6 h\u00f3napos korig - 2db"},"content":{"rendered":"","protected":false},"excerpt":{"rendered":"<p>A Nip egy t\u00f6bb mint 80 \u00e9ves hagyom\u00e1nyokkal rendelkez\u0151 n\u00e9met m\u00e1rka. Minden term\u00e9ket N\u00e9metorsz\u00e1gban fejlesztenek \u00e9s gy\u00e1rtanak azzal a gondolattal, hogy az any\u00e1k \u00e9s a bab\u00e1k sz\u00e1m\u00e1ra csak a legjobb min\u0151s\u00e9g\u0171 term\u00e9keket biztos\u00edts\u00e1k.<\/p>\n<p>Nip Family szilikon hazugs\u00e1g 0-6 2 db<\/p>\n<p>A Nip Family hazugs\u00e1g szilikonb\u00f3l k\u00e9sz\u00fclt, 0-6 h\u00f3napos korig. Az anat\u00f3miai forma szell\u0151z\u0151ny\u00edl\u00e1sokkal a hazugs\u00e1g m\u0171anyag r\u00e9sz\u00e9n megv\u00e9di a baba \u00e9rz\u00e9keny b\u0151r\u00e9t az irrit\u00e1ci\u00f3t\u00f3l. Biszfenol A n\u00e9lk\u00fcl.<br \/>\nAnyaga: szilikon<br \/>\nKor: 0-6m<br \/>\nDarabsz\u00e1m a csomagban: 2 db<br \/>\nSteriliz\u00e1l\u00e1s: mikrohull\u00e1m\u00fa s\u00fct\u0151ben vagy elektromos steriliz\u00e1torban<\/p>\n<p><strong>Jegyzet:<\/strong>\u00a0Arra t\u00f6reksz\u00fcnk, hogy minden term\u00e9k le\u00edr\u00e1s\u00e1n\u00e1l a lehet\u0151 legpontosabbak legy\u00fcnk, de nem tudjuk garant\u00e1lni, hogy minden le\u00edr\u00e1s teljes \u00e9s hibamentes. K\u00f6sz\u00f6n\u00f6m a meg\u00e9rt\u00e9st.<br \/>\nAz oldalon felt\u00fcntetett \u00f6sszes elem k\u00edn\u00e1latunk r\u00e9sz\u00e9t k\u00e9pezi, de ez nem jelenti azt, hogy mindenkor el\u00e9rhet\u0151.<\/p>","protected":false},"featured_media":2635,"template":"","meta":[],"product_brand":[],"product_cat":[385,340],"product_tag":[],"class_list":{"0":"post-2633","1":"product","2":"type-product","3":"status-publish","4":"has-post-thumbnail","6":"product_cat-bebi-oprema","7":"product_cat-deciji-program","9":"first","10":"instock","11":"shipping-taxable","12":"purchasable","13":"product-type-simple"},"ams_default_variation_id":0,"ams_product_points_reward":[],"ams_product_discount_percentage":0,"ams_price_to_display":600,"ams_acf":[],"jetpack_sharing_enabled":true,"_links":{"self":[{"href":"https:\/\/apotekar-online.rs\/hu\/wp-json\/wp\/v2\/product\/2633","targetHints":{"allow":["GET"]}}],"collection":[{"href":"https:\/\/apotekar-online.rs\/hu\/wp-json\/wp\/v2\/product"}],"about":[{"href":"https:\/\/apotekar-online.rs\/hu\/wp-json\/wp\/v2\/types\/product"}],"wp:featuredmedia":[{"embeddable":true,"href":"https:\/\/apotekar-online.rs\/hu\/wp-json\/wp\/v2\/media\/2635"}],"wp:attachment":[{"href":"https:\/\/apotekar-online.rs\/hu\/wp-json\/wp\/v2\/media?parent=2633"}],"wp:term":[{"taxonomy":"product_brand","embeddable":true,"href":"https:\/\/apotekar-online.rs\/hu\/wp-json\/wp\/v2\/product_brand?post=2633"},{"taxonomy":"product_cat","embeddable":true,"href":"https:\/\/apotekar-online.rs\/hu\/wp-json\/wp\/v2\/product_cat?post=2633"},{"taxonomy":"product_tag","embeddable":true,"href":"https:\/\/apotekar-online.rs\/hu\/wp-json\/wp\/v2\/product_tag?post=2633"}],"curies":[{"name":"wp","href":"https:\/\/api.w.org\/{rel}","templated":true}]}}