{"id":2699,"date":"2023-04-12T09:59:28","date_gmt":"2023-04-12T11:59:28","guid":{"rendered":"https:\/\/apotekar-online.rs\/?post_type=product&#038;p=2699"},"modified":"2026-03-05T08:20:30","modified_gmt":"2026-03-05T10:20:30","slug":"sebamed-baby-sapun-100g","status":"publish","type":"product","link":"https:\/\/apotekar-online.rs\/hu\/p\/sebamed-baby-sapun-100g\/","title":{"rendered":"Sebamed Baba szappan 100g"},"content":{"rendered":"","protected":false},"excerpt":{"rendered":"<p>Sebamed bebi sapun je namenjen za pranje ne\u017ene de\u010dije ko\u017ee i odraslih sa veoma suvom ko\u017eom. Klini\u010dki je testiran i dokazana su njegova svojstva da otklanja masno\u0107e, vla\u017ei i hidrira ko\u017eu. Sa pH\u00a05,5 vredno\u0161\u0107u obezbe\u0111uje razvoj\u00a0kiselinskog omota\u010da koji ja\u010da otpornost ko\u017ee.<\/p>\n<h5><strong>A felhaszn\u00e1l\u00e1s m\u00f3dja<\/strong><\/h5>\n<p>Pokvasiti ko\u017eu i ne\u017eno protrljati sapunom dok se ne napravi pena. Blago izmasirati kru\u017enim pokretima jagodica i zatim isprati ko\u017eu.<\/p>\n<h5><strong>Fogalmaz\u00e1s<\/strong><\/h5>\n<p>Triticum Vulgare Starch, Disodium Lauryl Sulfosuccinate, Palmitic Acid, Stearic Acid, Glyceryl Stearate, Cetearyl Alcohol, Talc, Aqua, Sodium Lauryl Sarcosinate, Cocamidopropyl Betaine, Sodium Lactate, Cera Alba, Panthenol, Inulin, Lecithin, Glycine, Magnesium Aspartate, Alanine, Lysine, Leucine, Parfum, CI\u00a077891.<\/p>\n<p>&nbsp;<\/p>","protected":false},"featured_media":2700,"template":"","meta":[],"product_brand":[],"product_cat":[340,385,224],"product_tag":[390,1849,1850,1851],"class_list":{"0":"post-2699","1":"product","2":"type-product","3":"status-publish","4":"has-post-thumbnail","6":"product_cat-deciji-program","7":"product_cat-bebi-oprema","8":"product_cat-kozmetika-za-decu","9":"product_tag-bebe","10":"product_tag-deciji-sapun","11":"product_tag-sapun","12":"product_tag-seba-med","13":"pa_brend-sebamed","15":"first","16":"outofstock","17":"shipping-taxable","18":"product-type-simple"},"ams_default_variation_id":0,"ams_product_points_reward":[],"ams_product_discount_percentage":0,"ams_price_to_display":0,"ams_acf":[],"jetpack_sharing_enabled":true,"_links":{"self":[{"href":"https:\/\/apotekar-online.rs\/hu\/wp-json\/wp\/v2\/product\/2699","targetHints":{"allow":["GET"]}}],"collection":[{"href":"https:\/\/apotekar-online.rs\/hu\/wp-json\/wp\/v2\/product"}],"about":[{"href":"https:\/\/apotekar-online.rs\/hu\/wp-json\/wp\/v2\/types\/product"}],"wp:featuredmedia":[{"embeddable":true,"href":"https:\/\/apotekar-online.rs\/hu\/wp-json\/wp\/v2\/media\/2700"}],"wp:attachment":[{"href":"https:\/\/apotekar-online.rs\/hu\/wp-json\/wp\/v2\/media?parent=2699"}],"wp:term":[{"taxonomy":"product_brand","embeddable":true,"href":"https:\/\/apotekar-online.rs\/hu\/wp-json\/wp\/v2\/product_brand?post=2699"},{"taxonomy":"product_cat","embeddable":true,"href":"https:\/\/apotekar-online.rs\/hu\/wp-json\/wp\/v2\/product_cat?post=2699"},{"taxonomy":"product_tag","embeddable":true,"href":"https:\/\/apotekar-online.rs\/hu\/wp-json\/wp\/v2\/product_tag?post=2699"}],"curies":[{"name":"wp","href":"https:\/\/api.w.org\/{rel}","templated":true}]}}