{"id":2848,"date":"2023-04-23T10:37:22","date_gmt":"2023-04-23T12:37:22","guid":{"rendered":"https:\/\/apotekar-online.rs\/?post_type=product&#038;p=2848"},"modified":"2026-03-05T08:20:26","modified_gmt":"2026-03-05T10:20:26","slug":"chicco-ns-nedves-torlokendok-72-db","status":"publish","type":"product","link":"https:\/\/apotekar-online.rs\/hu\/p\/chicco-ns-vlazne-maramice-72-kom\/","title":{"rendered":"Chicco ns nedves t\u00f6rl\u0151kend\u0151k, 72 db"},"content":{"rendered":"","protected":false},"excerpt":{"rendered":"<p>Chicco baby nedves t\u00f6rl\u0151kend\u0151k natural sensation 72 db egy t\u00f6rl\u0151kend\u0151vel tiszt\u00edt, \u00e1pol \u00e9s hidrat\u00e1l az innovat\u00edv, cellul\u00f3zos kett\u0151s hat\u00e1s\u00fa anyagnak k\u00f6sz\u00f6nhet\u0151en. A puha fel\u00fclet\u0171 oldal m\u00e9lyen megtiszt\u00edtja gyermeke b\u0151r\u00e9t, m\u00edg a sima oldal gondosan elt\u00e1vol\u00edtja a szennyez\u0151d\u00e9seket. A l\u00f3tusz formula hidrat\u00e1l \u00e9s t\u00e1pl\u00e1l, \u00e9s t\u00f6k\u00e9letes pelenk\u00e1z\u00e1shoz vagy gyermeke arc\u00e1nak \u00e9s kez\u00e9nek tiszt\u00edt\u00e1s\u00e1hoz. Haszn\u00e1lhat\u00f3 arc, k\u00e9z \u00e9s pelenka cser\u00e9jekor is. \u00c9rz\u00e9keny b\u0151r\u00f6n tesztelve. Parab\u00e9nek, fenoxi-etanol, alkohol \u00e9s szappan n\u00e9lk\u00fcl.<\/p>\n<p>Darabsz\u00e1m a csomagban: 72 db.<\/p>\n<p>&nbsp;<\/p>\n<p><strong>Jegyzet:<\/strong>\u00a0Arra t\u00f6reksz\u00fcnk, hogy minden term\u00e9k le\u00edr\u00e1s\u00e1n\u00e1l a lehet\u0151 legpontosabbak legy\u00fcnk, de nem tudjuk garant\u00e1lni, hogy minden le\u00edr\u00e1s teljes \u00e9s hibamentes. K\u00f6sz\u00f6n\u00f6m a meg\u00e9rt\u00e9st.<br \/>\nAz oldalon felt\u00fcntetett \u00f6sszes elem k\u00edn\u00e1latunk r\u00e9sz\u00e9t k\u00e9pezi, de ez nem jelenti azt, hogy mindenkor el\u00e9rhet\u0151.<\/p>","protected":false},"featured_media":2849,"template":"","meta":[],"product_brand":[],"product_cat":[340,385,224],"product_tag":[433,409,411,299,300,438],"class_list":{"0":"post-2848","1":"product","2":"type-product","3":"status-publish","4":"has-post-thumbnail","6":"product_cat-deciji-program","7":"product_cat-bebi-oprema","8":"product_cat-kozmetika-za-decu","9":"product_tag-bez-alkohola","10":"product_tag-kozmetika-za-decu","11":"product_tag-nega-dece","12":"product_tag-nega-koze","13":"product_tag-osetljiva-koza","14":"product_tag-vlazne-mramice","15":"pa_brend-chicco","17":"first","18":"instock","19":"shipping-taxable","20":"purchasable","21":"product-type-simple"},"ams_default_variation_id":0,"ams_product_points_reward":[],"ams_product_discount_percentage":0,"ams_price_to_display":250,"ams_acf":[],"jetpack_sharing_enabled":true,"_links":{"self":[{"href":"https:\/\/apotekar-online.rs\/hu\/wp-json\/wp\/v2\/product\/2848","targetHints":{"allow":["GET"]}}],"collection":[{"href":"https:\/\/apotekar-online.rs\/hu\/wp-json\/wp\/v2\/product"}],"about":[{"href":"https:\/\/apotekar-online.rs\/hu\/wp-json\/wp\/v2\/types\/product"}],"wp:featuredmedia":[{"embeddable":true,"href":"https:\/\/apotekar-online.rs\/hu\/wp-json\/wp\/v2\/media\/2849"}],"wp:attachment":[{"href":"https:\/\/apotekar-online.rs\/hu\/wp-json\/wp\/v2\/media?parent=2848"}],"wp:term":[{"taxonomy":"product_brand","embeddable":true,"href":"https:\/\/apotekar-online.rs\/hu\/wp-json\/wp\/v2\/product_brand?post=2848"},{"taxonomy":"product_cat","embeddable":true,"href":"https:\/\/apotekar-online.rs\/hu\/wp-json\/wp\/v2\/product_cat?post=2848"},{"taxonomy":"product_tag","embeddable":true,"href":"https:\/\/apotekar-online.rs\/hu\/wp-json\/wp\/v2\/product_tag?post=2848"}],"curies":[{"name":"wp","href":"https:\/\/api.w.org\/{rel}","templated":true}]}}