{"id":2862,"date":"2023-04-23T10:57:42","date_gmt":"2023-04-23T12:57:42","guid":{"rendered":"https:\/\/apotekar-online.rs\/?post_type=product&#038;p=2862"},"modified":"2026-03-05T08:20:26","modified_gmt":"2026-03-05T10:20:26","slug":"chicco-bm-normal-2-az-1-ben-furdo-es-sampon-500ml","status":"publish","type":"product","link":"https:\/\/apotekar-online.rs\/hu\/p\/chicco-bm-normal-2u1-kupka-i-sampon-500ml\/","title":{"rendered":"Chicco BM norm\u00e1l 2 az 1-ben f\u00fcrd\u0151 \u00e9s sampon 500 ml"},"content":{"rendered":"","protected":false},"excerpt":{"rendered":"<p>Chicco BM norm\u00e1l 2 az 1-ben f\u00fcrd\u0151 \u00e9s sampon 500 ml<br \/>\nA 92% term\u00e9szetes eredet\u0171 \u00f6sszetev\u0151ket tartalmaz\u00f3 formula gyeng\u00e9den tiszt\u00edtja a baba b\u0151r\u00e9t az els\u0151 f\u00fcrd\u00e9st\u0151l kezdve a zab \u00e9des \u00e9s nyugtat\u00f3 tulajdons\u00e1gaival.<br \/>\n\u00c9letkor: 0+<br \/>\nKiszerel\u00e9s: 500m.<\/p>\n<p><strong>Fogalmaz\u00e1s :<\/strong><br \/>\nV\u00edz, glicerin, kokamidopropil-betain, n\u00e1trium-k\u00f3kusz-amfoacet\u00e1t, etil-hexil-glicerin, fenoxi-etanol, decil-gl\u00fckozid, illatanyag, akril\u00e1tok\/c10-30 alkil-akril\u00e1t keresztpolimer, gliceril-ole\u00e1t, k\u00f3kusz-gl\u00fckozid, gliceril<br \/>\nkapril\u00e1t, n\u00e1trium-hidroxid, polikvaternium-10, n\u00e1trium-gl\u00fckon\u00e1t, propil\u00e9nglikol, zabszalma kivonat, tejsav.<\/p>\n<p>&nbsp;<\/p>\n<p><strong>Jegyzet:<\/strong>\u00a0Arra t\u00f6reksz\u00fcnk, hogy minden term\u00e9k le\u00edr\u00e1s\u00e1n\u00e1l a lehet\u0151 legpontosabbak legy\u00fcnk, de nem tudjuk garant\u00e1lni, hogy minden le\u00edr\u00e1s teljes \u00e9s hibamentes. K\u00f6sz\u00f6n\u00f6m a meg\u00e9rt\u00e9st.<br \/>\nAz oldalon felt\u00fcntetett \u00f6sszes elem k\u00edn\u00e1latunk r\u00e9sz\u00e9t k\u00e9pezi, de ez nem jelenti azt, hogy mindenkor el\u00e9rhet\u0151.<\/p>\n<p>&nbsp;<\/p>","protected":false},"featured_media":2863,"template":"","meta":[],"product_brand":[],"product_cat":[340,385,224],"product_tag":[409,444,411,299],"class_list":{"0":"post-2862","1":"product","2":"type-product","3":"status-publish","4":"has-post-thumbnail","6":"product_cat-deciji-program","7":"product_cat-bebi-oprema","8":"product_cat-kozmetika-za-decu","9":"product_tag-kozmetika-za-decu","10":"product_tag-kupke-i-samponi","11":"product_tag-nega-dece","12":"product_tag-nega-koze","13":"pa_brend-chicco","15":"first","16":"instock","17":"shipping-taxable","18":"purchasable","19":"product-type-simple"},"ams_default_variation_id":0,"ams_product_points_reward":[],"ams_product_discount_percentage":0,"ams_price_to_display":660,"ams_acf":[],"jetpack_sharing_enabled":true,"_links":{"self":[{"href":"https:\/\/apotekar-online.rs\/hu\/wp-json\/wp\/v2\/product\/2862","targetHints":{"allow":["GET"]}}],"collection":[{"href":"https:\/\/apotekar-online.rs\/hu\/wp-json\/wp\/v2\/product"}],"about":[{"href":"https:\/\/apotekar-online.rs\/hu\/wp-json\/wp\/v2\/types\/product"}],"wp:featuredmedia":[{"embeddable":true,"href":"https:\/\/apotekar-online.rs\/hu\/wp-json\/wp\/v2\/media\/2863"}],"wp:attachment":[{"href":"https:\/\/apotekar-online.rs\/hu\/wp-json\/wp\/v2\/media?parent=2862"}],"wp:term":[{"taxonomy":"product_brand","embeddable":true,"href":"https:\/\/apotekar-online.rs\/hu\/wp-json\/wp\/v2\/product_brand?post=2862"},{"taxonomy":"product_cat","embeddable":true,"href":"https:\/\/apotekar-online.rs\/hu\/wp-json\/wp\/v2\/product_cat?post=2862"},{"taxonomy":"product_tag","embeddable":true,"href":"https:\/\/apotekar-online.rs\/hu\/wp-json\/wp\/v2\/product_tag?post=2862"}],"curies":[{"name":"wp","href":"https:\/\/api.w.org\/{rel}","templated":true}]}}