{"id":2880,"date":"2023-04-23T11:27:16","date_gmt":"2023-04-23T13:27:16","guid":{"rendered":"https:\/\/apotekar-online.rs\/?post_type=product&#038;p=2880"},"modified":"2026-03-05T08:20:24","modified_gmt":"2026-03-05T10:20:24","slug":"chicco-bm-normal-kupka-i-sampon-750ml","status":"publish","type":"product","link":"https:\/\/apotekar-online.rs\/hu\/p\/chicco-bm-normal-kupka-i-sampon-750ml\/","title":{"rendered":"Chicco BM norm\u00e1l f\u00fcrd\u0151 \u00e9s sampon 750ml"},"content":{"rendered":"","protected":false},"excerpt":{"rendered":"<p>Chicco BM norm\u00e1l f\u00fcrd\u0151 \u00e9s sampon 750ml<br \/>\n\u010cisti bebinu kosu i ne\u017enu ko\u017eu u jednom koraku. Formula bez suza, sa 92% prirodno izvedenih sastojaka, sadr\u017ei ekstrakt nevena poznat po svojimomek\u0161avajuc\u0301im svojstvima. Ostavlja ko\u017eu i kosu mekom i blago mirisnom.<br \/>\nSz\u00e1rmaz\u00e1si orsz\u00e1g: Olaszorsz\u00e1g.<br \/>\n\u00c9letkor: 0+<br \/>\nPakovanje:750ml.<\/p>\n<p><strong>Fogalmaz\u00e1s :<\/strong><br \/>\nVoda, kokamidopropil betain, dinatrijum lauret sulfosukcinat, glicerin, peg-200 hidrogenovani gliceril palmat, fenoksietanol, miris, decil glukozid, 1,2-heksandiol, peg-7 gliceril kokoat, benzoova kiselina, lauret-2, natrijum glukonat, koko-glukozid, gliceriloleat, ekstrakt cveta nevena, polikvaternium-7, mle\u010dna kiselina.<\/p>\n<p>&nbsp;<\/p>\n<p><strong>Jegyzet:<\/strong>\u00a0Arra t\u00f6reksz\u00fcnk, hogy minden term\u00e9k le\u00edr\u00e1s\u00e1n\u00e1l a lehet\u0151 legpontosabbak legy\u00fcnk, de nem tudjuk garant\u00e1lni, hogy minden le\u00edr\u00e1s teljes \u00e9s hibamentes. K\u00f6sz\u00f6n\u00f6m a meg\u00e9rt\u00e9st.<br \/>\nAz oldalon felt\u00fcntetett \u00f6sszes elem k\u00edn\u00e1latunk r\u00e9sz\u00e9t k\u00e9pezi, de ez nem jelenti azt, hogy mindenkor el\u00e9rhet\u0151.<\/p>","protected":false},"featured_media":2881,"template":"","meta":[],"product_brand":[],"product_cat":[340,385,224],"product_tag":[409,444,411,299,450],"class_list":{"0":"post-2880","1":"product","2":"type-product","3":"status-publish","4":"has-post-thumbnail","6":"product_cat-deciji-program","7":"product_cat-bebi-oprema","8":"product_cat-kozmetika-za-decu","9":"product_tag-kozmetika-za-decu","10":"product_tag-kupke-i-samponi","11":"product_tag-nega-dece","12":"product_tag-nega-koze","13":"product_tag-omeksavajuca-svojstva","14":"pa_brend-chicco","16":"first","17":"instock","18":"shipping-taxable","19":"purchasable","20":"product-type-simple"},"ams_default_variation_id":0,"ams_product_points_reward":[],"ams_product_discount_percentage":0,"ams_price_to_display":850,"ams_acf":[],"jetpack_sharing_enabled":true,"_links":{"self":[{"href":"https:\/\/apotekar-online.rs\/hu\/wp-json\/wp\/v2\/product\/2880","targetHints":{"allow":["GET"]}}],"collection":[{"href":"https:\/\/apotekar-online.rs\/hu\/wp-json\/wp\/v2\/product"}],"about":[{"href":"https:\/\/apotekar-online.rs\/hu\/wp-json\/wp\/v2\/types\/product"}],"wp:featuredmedia":[{"embeddable":true,"href":"https:\/\/apotekar-online.rs\/hu\/wp-json\/wp\/v2\/media\/2881"}],"wp:attachment":[{"href":"https:\/\/apotekar-online.rs\/hu\/wp-json\/wp\/v2\/media?parent=2880"}],"wp:term":[{"taxonomy":"product_brand","embeddable":true,"href":"https:\/\/apotekar-online.rs\/hu\/wp-json\/wp\/v2\/product_brand?post=2880"},{"taxonomy":"product_cat","embeddable":true,"href":"https:\/\/apotekar-online.rs\/hu\/wp-json\/wp\/v2\/product_cat?post=2880"},{"taxonomy":"product_tag","embeddable":true,"href":"https:\/\/apotekar-online.rs\/hu\/wp-json\/wp\/v2\/product_tag?post=2880"}],"curies":[{"name":"wp","href":"https:\/\/api.w.org\/{rel}","templated":true}]}}