{"id":2976,"date":"2023-04-24T09:30:15","date_gmt":"2023-04-24T11:30:15","guid":{"rendered":"https:\/\/apotekar-online.rs\/?post_type=product&#038;p=2976"},"modified":"2026-03-05T08:19:40","modified_gmt":"2026-03-05T10:19:40","slug":"curaprox-baby-duda-velicina-0-tirkizna","status":"publish","type":"product","link":"https:\/\/apotekar-online.rs\/hu\/p\/curaprox-baby-duda-velicina-0-tirkizna\/","title":{"rendered":"Curaprox baba cumi, 0-s m\u00e9ret, t\u00fcrkiz"},"content":{"rendered":"","protected":false},"excerpt":{"rendered":"<p><b>Cumi bab\u00e1knak Curaprox Baby<\/b>\u00a0primerena je za mali\u0161ane starosti od 0 do 7 meseci ili te\u017eine od 3 do 7 kilograma.<\/p>\n<p><b>A cumi szilikonb\u00f3l k\u00e9sz\u00fclt. Nem tartalmaz biszfenol A-t (BPA), ftal\u00e1tokat \u00e9s AZO sz\u00ednez\u00e9keket.<\/b><\/p>\n<p>Mit jelent a Curaprox Baby cumi biofunkcionalit\u00e1sa?<\/p>\n<p>A cumit \u00fagy tervezt\u00e9k, hogy haszn\u00e1lata ne okozzon nemk\u00edv\u00e1natos hat\u00e1sokat, p\u00e9ld\u00e1ul az \u00e1llkapocs deform\u00e1ci\u00f3j\u00e1t \u00e9s a sz\u00e1jon kereszt\u00fcli l\u00e9gz\u00e9si neh\u00e9zs\u00e9geket.<\/p>\n<ol>\n<li>A sz\u00edv\u00f3r\u00e9sz lapos r\u00e9sze nem nyomja a sz\u00e1jpadl\u00e1st, \u00edgy megfelel\u0151 \u00edv j\u00f6n l\u00e9tre. A cumi megakad\u00e1lyozza a ny\u00edlt harap\u00e1st \u00e9s a szab\u00e1lytalan fogz\u00e1st, valamint el\u0151seg\u00edti a megfelel\u0151 l\u00e9gz\u00e9st \u00e9s alv\u00e1st.<\/li>\n<li>A cumi oldals\u00f3 sz\u00e1rnyai a nyom\u00e1st a szop\u00e1s sor\u00e1n az \u00e1llkapocs fel\u00e9 ir\u00e1ny\u00edtj\u00e1k, \u00e9s nem a sz\u00e1jpadl\u00e1s fel\u00e9, \u00edgy a fogak \u00edve megfelel\u0151 lekerek\u00edtett alakot kap.<\/li>\n<li>A cumi \u00e1ll\u00edthat\u00f3 szilikon pajzsa enyhe bord\u00e1zattal a szoptat\u00e1shoz hasonl\u00f3 \u00e9rz\u00e9st k\u00f6lcs\u00f6n\u00f6z a bab\u00e1nak, \u00f6szt\u00f6nzi az \u00e9rz\u00e9kszervi \u00e9s mozg\u00e1sfejl\u0151d\u00e9st, seg\u00edti a nyel\u00e9s term\u00e9szetes folyamat\u00e1nak kialakul\u00e1s\u00e1t.<\/li>\n<\/ol>\n<p>A szok\u00e1sos sz\u00e1jr\u00e9sz v\u00e1kuumot hoz l\u00e9tre a gyermek \u00fcreg\u00e9ben, \u00e9s \u00edgy nyom\u00e1st gyakorol a sz\u00e1jpadl\u00e1sra. A Curaprox Baby r\u00f6gz\u00edt\u0151 nyom\u00e1st gyakorol az \u00e1llkapocsra, ami kit\u00e1gul. \u00cdgy jelent\u0151sen cs\u00f6kken az olyan szab\u00e1lytalans\u00e1gok kialakul\u00e1s\u00e1nak lehet\u0151s\u00e9ge, mint a keresztharap\u00e1s \u00e9s a ny\u00edlt harap\u00e1s.<\/p>\n<p>Gy\u00e1rt\u00f3: Curaden International AG, Sv\u00e1jc.<\/p>\n<p><strong>Jegyzet:<\/strong>\u00a0Arra t\u00f6reksz\u00fcnk, hogy minden term\u00e9k le\u00edr\u00e1s\u00e1n\u00e1l a lehet\u0151 legpontosabbak legy\u00fcnk, de nem tudjuk garant\u00e1lni, hogy minden le\u00edr\u00e1s teljes \u00e9s hibamentes. K\u00f6sz\u00f6n\u00f6m a meg\u00e9rt\u00e9st.<br \/>\nAz oldalon felt\u00fcntetett \u00f6sszes elem k\u00edn\u00e1latunk r\u00e9sz\u00e9t k\u00e9pezi, de ez nem jelenti azt, hogy mindenkor el\u00e9rhet\u0151.<\/p>","protected":false},"featured_media":2977,"template":"","meta":[],"product_brand":[],"product_cat":[340,385,121,224],"product_tag":[472,470,379,409,465,478,396,471],"class_list":{"0":"post-2976","1":"product","2":"type-product","3":"status-publish","4":"has-post-thumbnail","6":"product_cat-deciji-program","7":"product_cat-bebi-oprema","8":"product_cat-higijena-usta-i-zuba","9":"product_cat-kozmetika-za-decu","10":"product_tag-curaprox","11":"product_tag-duda-za-bebe","12":"product_tag-higijena-zuba","13":"product_tag-kozmetika-za-decu","14":"product_tag-nega-desni","15":"product_tag-novo","16":"product_tag-varalice","17":"product_tag-velicina-0","18":"pa_brend-curaprox","20":"first","21":"outofstock","22":"shipping-taxable","23":"purchasable","24":"product-type-simple"},"ams_default_variation_id":0,"ams_product_points_reward":[],"ams_product_discount_percentage":0,"ams_price_to_display":1260,"ams_acf":[],"jetpack_sharing_enabled":true,"_links":{"self":[{"href":"https:\/\/apotekar-online.rs\/hu\/wp-json\/wp\/v2\/product\/2976","targetHints":{"allow":["GET"]}}],"collection":[{"href":"https:\/\/apotekar-online.rs\/hu\/wp-json\/wp\/v2\/product"}],"about":[{"href":"https:\/\/apotekar-online.rs\/hu\/wp-json\/wp\/v2\/types\/product"}],"wp:featuredmedia":[{"embeddable":true,"href":"https:\/\/apotekar-online.rs\/hu\/wp-json\/wp\/v2\/media\/2977"}],"wp:attachment":[{"href":"https:\/\/apotekar-online.rs\/hu\/wp-json\/wp\/v2\/media?parent=2976"}],"wp:term":[{"taxonomy":"product_brand","embeddable":true,"href":"https:\/\/apotekar-online.rs\/hu\/wp-json\/wp\/v2\/product_brand?post=2976"},{"taxonomy":"product_cat","embeddable":true,"href":"https:\/\/apotekar-online.rs\/hu\/wp-json\/wp\/v2\/product_cat?post=2976"},{"taxonomy":"product_tag","embeddable":true,"href":"https:\/\/apotekar-online.rs\/hu\/wp-json\/wp\/v2\/product_tag?post=2976"}],"curies":[{"name":"wp","href":"https:\/\/api.w.org\/{rel}","templated":true}]}}