{"id":2986,"date":"2023-04-24T17:58:35","date_gmt":"2023-04-24T19:58:35","guid":{"rendered":"https:\/\/apotekar-online.rs\/?post_type=product&#038;p=2986"},"modified":"2026-03-05T08:19:39","modified_gmt":"2026-03-05T10:19:39","slug":"oligogal-zn-30-kapsula-kopiraj","status":"publish","type":"product","link":"https:\/\/apotekar-online.rs\/hu\/p\/oligogal-zn-30-kapsula-kopiraj\/","title":{"rendered":"Oligogal Zn 30 kapszula"},"content":{"rendered":"","protected":false},"excerpt":{"rendered":"<h2><\/h2>\n<h2>A cink jelent\u0151s szerepet j\u00e1tszik sz\u00e1mos enzim akt\u00edv \u00f6sszetev\u0151jek\u00e9nt, amelyek r\u00e9szt vesznek a feh\u00e9rj\u00e9k, sz\u00e9nhidr\u00e1tok \u00e9s zs\u00edrok anyagcser\u00e9j\u00e9ben. Sz\u00fcks\u00e9ges az inzulin hormon termel\u00e9s\u00e9hez, valamint az immunrendszer m\u0171k\u00f6d\u00e9s\u00e9hez. Sz\u00fcks\u00e9ges a sejtek n\u00f6veked\u00e9s\u00e9hez, oszt\u00f3d\u00e1s\u00e1hoz \u00e9s \u00e9r\u00e9s\u00e9hez. J\u00f3t\u00e9kony hat\u00e1ssal van a reprodukt\u00edv rendszer funkci\u00f3ira, szerveire (petef\u00e9szek, prosztata), valamint a csontok n\u00f6veked\u00e9s\u00e9re. Az Oligogal\u00ae Zn kapszul\u00e1t C-vitaminnal javasolt azonnal bevenni t\u00fcssz\u00f6g\u00e9s vagy megf\u00e1z\u00e1s kezdet\u00e9n, ami enyh\u00edtheti erej\u00fcket \u00e9s id\u0151tartamukat, er\u0151s\u00edti az ellen\u00e1ll\u00e1st \u00e9s jav\u00edtja az immunit\u00e1st.<\/h2>\n<p><strong>Adagol\u00e1s \u00e9s felhaszn\u00e1l\u00e1si m\u00f3d:<\/strong><\/p>\n<p>Naponta egyszer kell bevenni, kev\u00e9s v\u00edzzel. A term\u00e9k alkalmaz\u00e1s\u00e1nak hossza az egy\u00e9n ig\u00e9nyeihez igaz\u00edthat\u00f3.<\/p>\n<p><strong>Fogalmaz\u00e1s :<\/strong><\/p>\n<p>Cink 15 mg, C-vitamin 60 mg<\/p>\n<p><strong>Jegyzet:<\/strong>\u00a0Arra t\u00f6reksz\u00fcnk, hogy minden term\u00e9k le\u00edr\u00e1s\u00e1n\u00e1l a lehet\u0151 legpontosabbak legy\u00fcnk, de nem tudjuk garant\u00e1lni, hogy minden le\u00edr\u00e1s teljes \u00e9s hibamentes. K\u00f6sz\u00f6n\u00f6m a meg\u00e9rt\u00e9st.<br \/>\nAz oldalon felt\u00fcntetett \u00f6sszes elem k\u00edn\u00e1latunk r\u00e9sz\u00e9t k\u00e9pezi, de ez nem jelenti azt, hogy mindenkor el\u00e9rhet\u0151<\/p>","protected":false},"featured_media":1963,"template":"","meta":[],"product_brand":[3081],"product_cat":[78,77],"product_tag":[185,179,270],"class_list":{"0":"post-2986","1":"product","2":"type-product","3":"status-publish","4":"has-post-thumbnail","6":"product_brand-galenika","7":"product_cat-vitamini-i-minerali","8":"product_cat-imunitet","9":"product_tag-cink","10":"product_tag-imunitet","11":"product_tag-minerali","13":"first","14":"instock","15":"shipping-taxable","16":"purchasable","17":"product-type-simple"},"ams_default_variation_id":0,"ams_product_points_reward":[],"ams_product_discount_percentage":0,"ams_price_to_display":637.5,"ams_acf":[],"jetpack_sharing_enabled":true,"_links":{"self":[{"href":"https:\/\/apotekar-online.rs\/hu\/wp-json\/wp\/v2\/product\/2986","targetHints":{"allow":["GET"]}}],"collection":[{"href":"https:\/\/apotekar-online.rs\/hu\/wp-json\/wp\/v2\/product"}],"about":[{"href":"https:\/\/apotekar-online.rs\/hu\/wp-json\/wp\/v2\/types\/product"}],"wp:featuredmedia":[{"embeddable":true,"href":"https:\/\/apotekar-online.rs\/hu\/wp-json\/wp\/v2\/media\/1963"}],"wp:attachment":[{"href":"https:\/\/apotekar-online.rs\/hu\/wp-json\/wp\/v2\/media?parent=2986"}],"wp:term":[{"taxonomy":"product_brand","embeddable":true,"href":"https:\/\/apotekar-online.rs\/hu\/wp-json\/wp\/v2\/product_brand?post=2986"},{"taxonomy":"product_cat","embeddable":true,"href":"https:\/\/apotekar-online.rs\/hu\/wp-json\/wp\/v2\/product_cat?post=2986"},{"taxonomy":"product_tag","embeddable":true,"href":"https:\/\/apotekar-online.rs\/hu\/wp-json\/wp\/v2\/product_tag?post=2986"}],"curies":[{"name":"wp","href":"https:\/\/api.w.org\/{rel}","templated":true}]}}