{"id":2995,"date":"2023-04-25T14:42:12","date_gmt":"2023-04-25T16:42:12","guid":{"rendered":"https:\/\/apotekar-online.rs\/?post_type=product&#038;p=2995"},"modified":"2026-03-05T08:19:39","modified_gmt":"2026-03-05T10:19:39","slug":"frosch-babafurdo-sampon-300-ml","status":"publish","type":"product","link":"https:\/\/apotekar-online.rs\/hu\/p\/frosch-baby-kupka-i-sampom-300-ml\/","title":{"rendered":"Frosch babaf\u00fcrd\u0151 \u00e9s sampon 300 ml"},"content":{"rendered":"","protected":false},"excerpt":{"rendered":"<p>A Frosch gyermekf\u00fcrd\u0151 \u00e9s sampon 3000 ml enyhe, szakad\u00e1s- \u00e9s gubancmentes k\u00e9sz\u00edtm\u00e9ny, amely hidrat\u00e1lja \u00e9s v\u00e9di a gyermekek \u00e9rz\u00e9keny b\u0151r\u00e9t. B\u00fazafeh\u00e9rj\u00e9ket tartalmaz, amelyek t\u00e1pl\u00e1lj\u00e1k a hajat \u00e9s megk\u00f6nny\u00edtik a f\u00e9s\u00fcl\u00e9st. A term\u00e9k pH semleges \u00e9s b\u0151rgy\u00f3gy\u00e1szatilag tesztelt.<\/p>\n<p><strong>Jegyzet:<\/strong>\u00a0Arra t\u00f6reksz\u00fcnk, hogy minden term\u00e9k le\u00edr\u00e1s\u00e1n\u00e1l a lehet\u0151 legpontosabbak legy\u00fcnk, de nem tudjuk garant\u00e1lni, hogy minden le\u00edr\u00e1s teljes \u00e9s hibamentes. K\u00f6sz\u00f6n\u00f6m a meg\u00e9rt\u00e9st.<br \/>\nAz oldalon felt\u00fcntetett \u00f6sszes elem k\u00edn\u00e1latunk r\u00e9sz\u00e9t k\u00e9pezi, de ez nem jelenti azt, hogy mindenkor el\u00e9rhet\u0151.<\/p>","protected":false},"featured_media":2996,"template":"","meta":[],"product_brand":[],"product_cat":[340,224],"product_tag":[],"class_list":{"0":"post-2995","1":"product","2":"type-product","3":"status-publish","4":"has-post-thumbnail","6":"product_cat-deciji-program","7":"product_cat-kozmetika-za-decu","9":"first","10":"instock","11":"shipping-taxable","12":"purchasable","13":"product-type-simple"},"ams_default_variation_id":0,"ams_product_points_reward":[],"ams_product_discount_percentage":0,"ams_price_to_display":295,"ams_acf":[],"jetpack_sharing_enabled":true,"_links":{"self":[{"href":"https:\/\/apotekar-online.rs\/hu\/wp-json\/wp\/v2\/product\/2995","targetHints":{"allow":["GET"]}}],"collection":[{"href":"https:\/\/apotekar-online.rs\/hu\/wp-json\/wp\/v2\/product"}],"about":[{"href":"https:\/\/apotekar-online.rs\/hu\/wp-json\/wp\/v2\/types\/product"}],"wp:featuredmedia":[{"embeddable":true,"href":"https:\/\/apotekar-online.rs\/hu\/wp-json\/wp\/v2\/media\/2996"}],"wp:attachment":[{"href":"https:\/\/apotekar-online.rs\/hu\/wp-json\/wp\/v2\/media?parent=2995"}],"wp:term":[{"taxonomy":"product_brand","embeddable":true,"href":"https:\/\/apotekar-online.rs\/hu\/wp-json\/wp\/v2\/product_brand?post=2995"},{"taxonomy":"product_cat","embeddable":true,"href":"https:\/\/apotekar-online.rs\/hu\/wp-json\/wp\/v2\/product_cat?post=2995"},{"taxonomy":"product_tag","embeddable":true,"href":"https:\/\/apotekar-online.rs\/hu\/wp-json\/wp\/v2\/product_tag?post=2995"}],"curies":[{"name":"wp","href":"https:\/\/api.w.org\/{rel}","templated":true}]}}