{"id":3035,"date":"2023-04-30T14:36:21","date_gmt":"2023-04-30T16:36:21","guid":{"rendered":"https:\/\/apotekar-online.rs\/?post_type=product&#038;p=3035"},"modified":"2026-03-05T08:19:38","modified_gmt":"2026-03-05T10:19:38","slug":"oligovit-szirup-100-ml","status":"publish","type":"product","link":"https:\/\/apotekar-online.rs\/hu\/p\/oligovit-sirup-100ml\/","title":{"rendered":"Oligovit szirup 100 ml"},"content":{"rendered":"","protected":false},"excerpt":{"rendered":"<p>Az Oligovit vitaminszirup gyermekeknek egy di\u00e9t\u00e1s k\u00e9sz\u00edtm\u00e9ny, amelyet els\u0151sorban a legkisebbeknek sz\u00e1ntak, mert a gyermekeknek fokozott vitaminig\u00e9ny\u00fck van, amelyek lehet\u0151v\u00e9 teszik eg\u00e9szs\u00e9ges n\u00f6veked\u00e9s\u00fcket \u00e9s fejl\u0151d\u00e9s\u00fcket. Az Oligovit vitaminszirup kilenc olyan vitamint tartalmaz, amelyek sz\u00fcks\u00e9gesek a szervezet k\u00fcl\u00f6nb\u00f6z\u0151 anyagcsere- \u00e9s biok\u00e9miai folyamatainak z\u00f6kken\u0151mentes fejl\u0151d\u00e9s\u00e9hez. Az A-vitamin sz\u00fcks\u00e9ges a l\u00e1t\u00e1shoz, a h\u00e1mk\u00e9pz\u0151d\u00e9shez \u00e9s a csontok fejl\u0151d\u00e9s\u00e9hez. A D-vitamin sz\u00fcks\u00e9ges a kalcium anyagcser\u00e9hez, amely biztos\u00edtja az eg\u00e9szs\u00e9ges fogak \u00e9s csontok n\u00f6veked\u00e9s\u00e9t. Az E-vitamin v\u00e9di a szervezetet a szabad gy\u00f6k\u00f6kt\u0151l \u00e9s jav\u00edtja a szervezet \u00e1ltal\u00e1nos \u00e1llapot\u00e1t. A C-vitamin jav\u00edtja a vas felsz\u00edv\u00f3d\u00e1s\u00e1t \u00e9s nagysz\u00e1m\u00fa oxid\u00e1ci\u00f3ban vesz r\u00e9szt<br \/>\nredukci\u00f3s folyamatok a szervezetben. A B1-, B2-, B6-vitamin, a nikotinamid \u00e9s a pantoten\u00e1t biztos\u00edtj\u00e1k az idegrendszer, a gyomor-b\u00e9lrendszer \u00e9s a b\u0151r norm\u00e1l m\u0171k\u00f6d\u00e9s\u00e9t.<br \/>\nAz Oligovit vitaminszirup aj\u00e1nlott:<br \/>\n- Nem megfelel\u0151 vitaminbevitel eset\u00e9n (nem megfelel\u0151, rendszertelen t\u00e1pl\u00e1lkoz\u00e1s)<br \/>\n\u2013 Vitaminszeg\u00e9ny \u00e9trend kieg\u00e9sz\u00edt\u00e9sek\u00e9nt a t\u00e9li h\u00f3napokban<br \/>\n- \u00c9trend-kieg\u00e9sz\u00edt\u0151k\u00e9nt \u00e9tv\u00e1gytalans\u00e1g, f\u00e1radts\u00e1g \u00e9s fert\u0151z\u00e9sekre val\u00f3 hajlam eset\u00e9n<br \/>\n\u2013 T\u00e1pl\u00e1l\u00e9k-kieg\u00e9sz\u00edt\u0151k\u00e9nt antibiotikumos kezel\u00e9s sor\u00e1n<br \/>\n- T\u00e1pl\u00e1l\u00e9k-kieg\u00e9sz\u00edt\u0151k\u00e9nt rekre\u00e1ci\u00f3s fizikai tev\u00e9kenys\u00e9gekhez.<\/p>\n<p><strong>Adagol\u00e1s \u00e9s felhaszn\u00e1l\u00e1si m\u00f3d:<br \/>\n<\/strong>Gyermekek 1-6 \u00e9ves korig:<br \/>\nVegyen be egy te\u00e1skan\u00e1l (5 ml) szirupot naponta egyszer<br \/>\nGyermekek 6 \u00e9ves kort\u00f3l:<br \/>\nNaponta egyszer vegyen be k\u00e9t te\u00e1skan\u00e1l (10 ml) szirupot<br \/>\nHaszn\u00e1lat el\u0151tt r\u00e1zza fel!<\/p>\n<p><strong>Fogalmaz\u00e1s :<br \/>\n<\/strong>A-vitamin, D3-vitamin, E-vitamin, B1-vitamin, B2-vitamin, B6-vitamin, C-vitamin, niacin, pantot\u00e9nsav.<\/p>\n<p><strong>Jegyzet:<\/strong>\u00a0Arra t\u00f6reksz\u00fcnk, hogy minden term\u00e9k le\u00edr\u00e1s\u00e1n\u00e1l a lehet\u0151 legpontosabbak legy\u00fcnk, de nem tudjuk garant\u00e1lni, hogy minden le\u00edr\u00e1s teljes \u00e9s hibamentes. K\u00f6sz\u00f6n\u00f6m a meg\u00e9rt\u00e9st.<br \/>\nAz oldalon felt\u00fcntetett \u00f6sszes elem k\u00edn\u00e1latunk r\u00e9sz\u00e9t k\u00e9pezi, de ez nem jelenti azt, hogy mindenkor el\u00e9rhet\u0151.<\/p>","protected":false},"featured_media":3036,"template":"","meta":[],"product_brand":[],"product_cat":[340,106,127],"product_tag":[490,332,278,245,246,209,489],"class_list":{"0":"post-3035","1":"product","2":"type-product","3":"status-publish","4":"has-post-thumbnail","6":"product_cat-deciji-program","7":"product_cat-preparati-za-apetit-i-imunitet-kod-dece","8":"product_cat-vitamini-i-minerali-za-decu","9":"product_tag-niacin","10":"product_tag-rast-i-razvoj","11":"product_tag-vitamin-a","12":"product_tag-vitamin-c","13":"product_tag-vitamin-d","14":"product_tag-vitamin-e","15":"product_tag-vitaminski-sirup","16":"pa_brend-galenika","18":"first","19":"instock","20":"shipping-taxable","21":"purchasable","22":"product-type-simple"},"ams_default_variation_id":0,"ams_product_points_reward":[],"ams_product_discount_percentage":0,"ams_price_to_display":620.43,"ams_acf":[],"jetpack_sharing_enabled":true,"_links":{"self":[{"href":"https:\/\/apotekar-online.rs\/hu\/wp-json\/wp\/v2\/product\/3035","targetHints":{"allow":["GET"]}}],"collection":[{"href":"https:\/\/apotekar-online.rs\/hu\/wp-json\/wp\/v2\/product"}],"about":[{"href":"https:\/\/apotekar-online.rs\/hu\/wp-json\/wp\/v2\/types\/product"}],"wp:featuredmedia":[{"embeddable":true,"href":"https:\/\/apotekar-online.rs\/hu\/wp-json\/wp\/v2\/media\/3036"}],"wp:attachment":[{"href":"https:\/\/apotekar-online.rs\/hu\/wp-json\/wp\/v2\/media?parent=3035"}],"wp:term":[{"taxonomy":"product_brand","embeddable":true,"href":"https:\/\/apotekar-online.rs\/hu\/wp-json\/wp\/v2\/product_brand?post=3035"},{"taxonomy":"product_cat","embeddable":true,"href":"https:\/\/apotekar-online.rs\/hu\/wp-json\/wp\/v2\/product_cat?post=3035"},{"taxonomy":"product_tag","embeddable":true,"href":"https:\/\/apotekar-online.rs\/hu\/wp-json\/wp\/v2\/product_tag?post=3035"}],"curies":[{"name":"wp","href":"https:\/\/api.w.org\/{rel}","templated":true}]}}