{"id":3042,"date":"2023-04-30T15:05:22","date_gmt":"2023-04-30T17:05:22","guid":{"rendered":"https:\/\/apotekar-online.rs\/?post_type=product&#038;p=3042"},"modified":"2026-03-31T00:00:08","modified_gmt":"2026-03-31T02:00:08","slug":"supradyn-kids-immuno-boost-100-green-cukorka","status":"publish","type":"product","link":"https:\/\/apotekar-online.rs\/hu\/p\/supradyn-kids-imuno-boost-100-zele-bombona\/","title":{"rendered":"Supradyn Kids Immuno Boost, 100 db zsel\u00e9s cukorka"},"content":{"rendered":"","protected":false},"excerpt":{"rendered":"<p>\u00c9trend-kieg\u00e9sz\u00edt\u0151 C- \u00e9s D-vitaminnal \u00e9s cinkkel zsel\u00e9s cukorka form\u00e1j\u00e1ban. A C- \u00e9s D-vitamin, valamint a cink seg\u00edt az immunrendszer szab\u00e1lyoz\u00e1s\u00e1ban a v\u00e9dekez\u00e9s minden szintj\u00e9n. A C-vitamin hi\u00e1nya az immunit\u00e1s gyeng\u00fcl\u00e9s\u00e9hez \u00e9s a fert\u0151z\u00e9sekre val\u00f3 fokozott fog\u00e9konys\u00e1ghoz vezet. A D-vitamin seg\u00edti a kalcium \u00e9s a foszfor felsz\u00edv\u00f3d\u00e1s\u00e1t \u00e9s felhaszn\u00e1l\u00e1s\u00e1t, valamint seg\u00edthet cs\u00f6kkenteni a v\u00edrusfert\u0151z\u00e9sek kock\u00e1zat\u00e1t, fenntartani az immunit\u00e1st, az izomer\u0151t \u00e9s a csonts\u0171r\u0171s\u00e9get. A csomag 100 db narancs, eper \u00e9s papaya \u00edz\u0171 zsel\u00e9s cukork\u00e1t tartalmaz.<\/p>\n<p><strong>Adagol\u00e1s \u00e9s felhaszn\u00e1l\u00e1si m\u00f3d:<br \/>\n<\/strong>4-6 \u00e9ves gyermekeknek napi 1 zsel\u00e9s cukorka, 7 \u00e9v felettieknek pedig napi 1-2 zsel\u00e9s cukorka aj\u00e1nlott.<\/p>\n<p><strong>Fogalmaz\u00e1s :<br \/>\n<\/strong>Egy cukorka: C-vitamin 40 mg, D-vitamin 5,0 \u03bcg, cink 2,5 mg.<\/p>\n<p><strong>Jegyzet:<\/strong>\u00a0Arra t\u00f6reksz\u00fcnk, hogy minden term\u00e9k le\u00edr\u00e1s\u00e1n\u00e1l a lehet\u0151 legpontosabbak legy\u00fcnk, de nem tudjuk garant\u00e1lni, hogy minden le\u00edr\u00e1s teljes \u00e9s hibamentes. K\u00f6sz\u00f6n\u00f6m a meg\u00e9rt\u00e9st.<br \/>\nAz oldalon felt\u00fcntetett \u00f6sszes elem k\u00edn\u00e1latunk r\u00e9sz\u00e9t k\u00e9pezi, de ez nem jelenti azt, hogy mindenkor el\u00e9rhet\u0151.<\/p>\n<p>&nbsp;<\/p>","protected":false},"featured_media":3044,"template":"","meta":[],"product_brand":[3094],"product_cat":[340,106,78,127],"product_tag":[180,496,372,270,245,246,304,497],"class_list":{"0":"post-3042","1":"product","2":"type-product","3":"status-publish","4":"has-post-thumbnail","6":"product_brand-bayer","7":"product_cat-deciji-program","8":"product_cat-preparati-za-apetit-i-imunitet-kod-dece","9":"product_cat-vitamini-i-minerali","10":"product_cat-vitamini-i-minerali-za-decu","11":"product_tag-deca","12":"product_tag-dodatak-ishrani","13":"product_tag-imuni-sistem","14":"product_tag-minerali","15":"product_tag-vitamin-c","16":"product_tag-vitamin-d","17":"product_tag-vitamini","18":"product_tag-zele-bombone","19":"pa_brend-supradyn","21":"first","22":"instock","23":"shipping-taxable","24":"purchasable","25":"product-type-simple"},"ams_default_variation_id":0,"ams_product_points_reward":[],"ams_product_discount_percentage":0,"ams_price_to_display":2518.5,"ams_acf":[],"jetpack_sharing_enabled":true,"_links":{"self":[{"href":"https:\/\/apotekar-online.rs\/hu\/wp-json\/wp\/v2\/product\/3042","targetHints":{"allow":["GET"]}}],"collection":[{"href":"https:\/\/apotekar-online.rs\/hu\/wp-json\/wp\/v2\/product"}],"about":[{"href":"https:\/\/apotekar-online.rs\/hu\/wp-json\/wp\/v2\/types\/product"}],"wp:featuredmedia":[{"embeddable":true,"href":"https:\/\/apotekar-online.rs\/hu\/wp-json\/wp\/v2\/media\/3044"}],"wp:attachment":[{"href":"https:\/\/apotekar-online.rs\/hu\/wp-json\/wp\/v2\/media?parent=3042"}],"wp:term":[{"taxonomy":"product_brand","embeddable":true,"href":"https:\/\/apotekar-online.rs\/hu\/wp-json\/wp\/v2\/product_brand?post=3042"},{"taxonomy":"product_cat","embeddable":true,"href":"https:\/\/apotekar-online.rs\/hu\/wp-json\/wp\/v2\/product_cat?post=3042"},{"taxonomy":"product_tag","embeddable":true,"href":"https:\/\/apotekar-online.rs\/hu\/wp-json\/wp\/v2\/product_tag?post=3042"}],"curies":[{"name":"wp","href":"https:\/\/api.w.org\/{rel}","templated":true}]}}