{"id":3047,"date":"2023-04-30T15:21:18","date_gmt":"2023-04-30T17:21:18","guid":{"rendered":"https:\/\/apotekar-online.rs\/?post_type=product&#038;p=3047"},"modified":"2026-03-05T08:19:38","modified_gmt":"2026-03-05T10:19:38","slug":"sambucus-kids-szirup-120-ml","status":"publish","type":"product","link":"https:\/\/apotekar-online.rs\/hu\/p\/sambucus-kids-sirup-120-ml\/","title":{"rendered":"Sambucus Kids szirup, 120 ml"},"content":{"rendered":"","protected":false},"excerpt":{"rendered":"<p>A Sambucus Kids szirup egy \u00e9trend-kieg\u00e9sz\u00edt\u0151 szirup form\u00e1j\u00e1ban fekete bodza gy\u00fcm\u00f6lcs kivonat\u00e1val, szabv\u00e1nyos\u00edtva<br \/>\nbiol\u00f3giailag akt\u00edv vegy\u00fcletek gy\u0171jtem\u00e9nye: antocianinok \u00e9s polifenolok, gyermekek immunit\u00e1s\u00e1nak er\u0151s\u00edt\u00e9s\u00e9re. A Zova hozz\u00e1j\u00e1rul az immunrendszer norm\u00e1l m\u0171k\u00f6d\u00e9s\u00e9hez. Szirup term\u00e9szetes m\u00e1lna arom\u00e1val, mesters\u00e9ges sz\u00ednez\u00e9kek n\u00e9lk\u00fcl, gl\u00fck\u00f3z \u00e9s tart\u00f3s\u00edt\u00f3szerek n\u00e9lk\u00fcl, gyermekeknek megfelel\u0151 \u00edzzel.<\/p>\n<p><strong>Adagol\u00e1s \u00e9s felhaszn\u00e1l\u00e1si m\u00f3d:<br \/>\n<\/strong>Haszn\u00e1lat el\u0151tt j\u00f3l r\u00e1zza fel a szirupot. 1-6 \u00e9ves gyermekek: 5-10 ml naponta (1 te\u00e1skan\u00e1l naponta 1-2 alkalommal). 6 \u00e9vesn\u00e9l id\u0151sebb gyermekek \u00e9s feln\u0151ttek: 10-25 ml naponta (1 te\u00e1skan\u00e1l naponta 2-5 alkalommal). Cukorbetegek sz\u00e1m\u00e1ra is alkalmas, cukor n\u00e9lk\u00fcl.<\/p>\n<p><strong>Fogalmaz\u00e1s :<br \/>\n<\/strong>Agave szirup; savass\u00e1gszab\u00e1lyoz\u00f3 - citromsav; fekete bodza (Sambucus nigra L.) gy\u00fcm\u00f6lcskivonat 13% antocianinokra standardiz\u00e1lt, DER 64:1; fekete bodza (Sambucus nigra L.) gy\u00fcm\u00f6lcskivonat 10% plifenolokra standardiz\u00e1lt, DER %:1; term\u00e9szetes m\u00e1lna aroma; maltodextrin, por\u00edtott m\u00e1lna.<\/p>\n<p><strong>Jegyzet:<\/strong>\u00a0Arra t\u00f6reksz\u00fcnk, hogy minden term\u00e9k le\u00edr\u00e1s\u00e1n\u00e1l a lehet\u0151 legpontosabbak legy\u00fcnk, de nem tudjuk garant\u00e1lni, hogy minden le\u00edr\u00e1s teljes \u00e9s hibamentes. K\u00f6sz\u00f6n\u00f6m a meg\u00e9rt\u00e9st.<br \/>\nAz oldalon felt\u00fcntetett \u00f6sszes elem k\u00edn\u00e1latunk r\u00e9sz\u00e9t k\u00e9pezi, de ez nem jelenti azt, hogy mindenkor el\u00e9rhet\u0151.<\/p>","protected":false},"featured_media":3048,"template":"","meta":[],"product_brand":[],"product_cat":[340,106,127],"product_tag":[501,180,179,270,499,304],"class_list":{"0":"post-3047","1":"product","2":"type-product","3":"status-publish","4":"has-post-thumbnail","6":"product_cat-deciji-program","7":"product_cat-preparati-za-apetit-i-imunitet-kod-dece","8":"product_cat-vitamini-i-minerali-za-decu","9":"product_tag-bez-konzervansa","10":"product_tag-deca","11":"product_tag-imunitet","12":"product_tag-minerali","13":"product_tag-tecni-sirup","14":"product_tag-vitamini","15":"pa_brend-tetesept","17":"first","18":"instock","19":"shipping-taxable","20":"purchasable","21":"product-type-simple"},"ams_default_variation_id":0,"ams_product_points_reward":[],"ams_product_discount_percentage":0,"ams_price_to_display":890,"ams_acf":[],"jetpack_sharing_enabled":true,"_links":{"self":[{"href":"https:\/\/apotekar-online.rs\/hu\/wp-json\/wp\/v2\/product\/3047","targetHints":{"allow":["GET"]}}],"collection":[{"href":"https:\/\/apotekar-online.rs\/hu\/wp-json\/wp\/v2\/product"}],"about":[{"href":"https:\/\/apotekar-online.rs\/hu\/wp-json\/wp\/v2\/types\/product"}],"wp:featuredmedia":[{"embeddable":true,"href":"https:\/\/apotekar-online.rs\/hu\/wp-json\/wp\/v2\/media\/3048"}],"wp:attachment":[{"href":"https:\/\/apotekar-online.rs\/hu\/wp-json\/wp\/v2\/media?parent=3047"}],"wp:term":[{"taxonomy":"product_brand","embeddable":true,"href":"https:\/\/apotekar-online.rs\/hu\/wp-json\/wp\/v2\/product_brand?post=3047"},{"taxonomy":"product_cat","embeddable":true,"href":"https:\/\/apotekar-online.rs\/hu\/wp-json\/wp\/v2\/product_cat?post=3047"},{"taxonomy":"product_tag","embeddable":true,"href":"https:\/\/apotekar-online.rs\/hu\/wp-json\/wp\/v2\/product_tag?post=3047"}],"curies":[{"name":"wp","href":"https:\/\/api.w.org\/{rel}","templated":true}]}}