{"id":3063,"date":"2023-04-30T16:26:13","date_gmt":"2023-04-30T18:26:13","guid":{"rendered":"https:\/\/apotekar-online.rs\/?post_type=product&#038;p=3063"},"modified":"2026-03-05T08:19:38","modified_gmt":"2026-03-05T10:19:38","slug":"propolisz-c-100-24-tabletta","status":"publish","type":"product","link":"https:\/\/apotekar-online.rs\/hu\/p\/propolis-c-100-24-tablete\/","title":{"rendered":"Propolisz C-100 24 tabletta"},"content":{"rendered":"","protected":false},"excerpt":{"rendered":"<p>A propolisz C egy propolisz kivonat \u00e9s \u00f6sszet\u00e9tel\u00e9ben l\u00e9v\u0151 C-vitamin alap\u00fa \u00e9trend-kieg\u00e9sz\u00edt\u0151, amely megel\u0151z\u0151 hat\u00e1st fejt ki az immunit\u00e1s er\u0151s\u00edt\u00e9s\u00e9re \u00e9s a megf\u00e1z\u00e1s \u00e9s fert\u0151z\u00e9sek megel\u0151z\u00e9s\u00e9re. Hozz\u00e1j\u00e1rul az immunrendszer norm\u00e1l m\u0171k\u00f6d\u00e9s\u00e9hez, a k\u00e9sz\u00edtm\u00e9ny haszn\u00e1lata k\u00fcl\u00f6n\u00f6sen olyan id\u0151szakokban javasolt, amikor gyakoriak a megf\u00e1z\u00e1s \u00e9s a v\u00edrusfert\u0151z\u00e9sek.<\/p>\n<p><strong>Adagol\u00e1s \u00e9s felhaszn\u00e1l\u00e1si m\u00f3d:<br \/>\n<\/strong><\/p>\n<p>A propolisz C-t h\u00e1rom \u00e9vesn\u00e9l id\u0151sebb gyermekek haszn\u00e1lhatj\u00e1k. Feln\u0151ttek napi egy-h\u00e1rom tablett\u00e1t, gyerekek egy-k\u00e9t tablett\u00e1t sz\u00e1jban feloldva szedhetnek. A tabletta bev\u00e9tele ut\u00e1n 30 percig nem szabad enni vagy inni.<\/p>\n<p><strong>Fogalmaz\u00e1s :<br \/>\n<\/strong>Propolisz kivonat, C-vitamin. Egy\u00e9b \u00f6sszetev\u0151k: szachar\u00f3z, csom\u00f3sod\u00e1st g\u00e1tl\u00f3 anyagok, mannit \u00e9s magn\u00e9zium-sztear\u00e1t, term\u00e9szetes narancs aroma.<\/p>\n<p><strong>Jegyzet:<\/strong>\u00a0Arra t\u00f6reksz\u00fcnk, hogy minden term\u00e9k le\u00edr\u00e1s\u00e1n\u00e1l a lehet\u0151 legpontosabbak legy\u00fcnk, de nem tudjuk garant\u00e1lni, hogy minden le\u00edr\u00e1s teljes \u00e9s hibamentes. K\u00f6sz\u00f6n\u00f6m a meg\u00e9rt\u00e9st.<br \/>\nAz oldalon felt\u00fcntetett \u00f6sszes elem k\u00edn\u00e1latunk r\u00e9sz\u00e9t k\u00e9pezi, de ez nem jelenti azt, hogy mindenkor el\u00e9rhet\u0151.<\/p>\n<p>&nbsp;<\/p>\n<p>&nbsp;<\/p>","protected":false},"featured_media":3064,"template":"","meta":[],"product_brand":[],"product_cat":[340,106,127],"product_tag":[487,180,179,270,332,245,304],"class_list":{"0":"post-3063","1":"product","2":"type-product","3":"status-publish","4":"has-post-thumbnail","6":"product_cat-deciji-program","7":"product_cat-preparati-za-apetit-i-imunitet-kod-dece","8":"product_cat-vitamini-i-minerali-za-decu","9":"product_tag-apetit","10":"product_tag-deca","11":"product_tag-imunitet","12":"product_tag-minerali","13":"product_tag-rast-i-razvoj","14":"product_tag-vitamin-c","15":"product_tag-vitamini","16":"pa_brend-eko-farm","18":"first","19":"instock","20":"shipping-taxable","21":"purchasable","22":"product-type-simple"},"ams_default_variation_id":0,"ams_product_points_reward":[],"ams_product_discount_percentage":0,"ams_price_to_display":177.48,"ams_acf":[],"jetpack_sharing_enabled":true,"_links":{"self":[{"href":"https:\/\/apotekar-online.rs\/hu\/wp-json\/wp\/v2\/product\/3063","targetHints":{"allow":["GET"]}}],"collection":[{"href":"https:\/\/apotekar-online.rs\/hu\/wp-json\/wp\/v2\/product"}],"about":[{"href":"https:\/\/apotekar-online.rs\/hu\/wp-json\/wp\/v2\/types\/product"}],"wp:featuredmedia":[{"embeddable":true,"href":"https:\/\/apotekar-online.rs\/hu\/wp-json\/wp\/v2\/media\/3064"}],"wp:attachment":[{"href":"https:\/\/apotekar-online.rs\/hu\/wp-json\/wp\/v2\/media?parent=3063"}],"wp:term":[{"taxonomy":"product_brand","embeddable":true,"href":"https:\/\/apotekar-online.rs\/hu\/wp-json\/wp\/v2\/product_brand?post=3063"},{"taxonomy":"product_cat","embeddable":true,"href":"https:\/\/apotekar-online.rs\/hu\/wp-json\/wp\/v2\/product_cat?post=3063"},{"taxonomy":"product_tag","embeddable":true,"href":"https:\/\/apotekar-online.rs\/hu\/wp-json\/wp\/v2\/product_tag?post=3063"}],"curies":[{"name":"wp","href":"https:\/\/api.w.org\/{rel}","templated":true}]}}