{"id":3166,"date":"2023-06-01T07:58:44","date_gmt":"2023-06-01T09:58:44","guid":{"rendered":"https:\/\/apotekar-online.rs\/?post_type=product&#038;p=3166"},"modified":"2026-03-31T00:00:09","modified_gmt":"2026-03-31T02:00:09","slug":"centrum-ezust-50-noi-30-tabletta","status":"publish","type":"product","link":"https:\/\/apotekar-online.rs\/hu\/p\/centrum-silver-50-women-30-tableta\/","title":{"rendered":"Centrum Silver 50+ n\u0151i, 30 tabletta"},"content":{"rendered":"","protected":false},"excerpt":{"rendered":"<p>\u00d6sszet\u00e9tel\u00e9nek k\u00f6sz\u00f6nhet\u0151en a Centrum Silver 50+ Women 50 \u00e9v feletti D-vitamin-hipovitamin\u00f3zisban, csontritkul\u00e1sban \u00e9s csontritkul\u00e1sban szenved\u0151 n\u0151k, legyeng\u00fclt \u00e9s cs\u00f6kkent immunit\u00e1s\u00fa, energia-anyagcsere-zavarban szenved\u0151k, hormon\u00e1lis aktivit\u00e1si zavarokban, l\u00e1t\u00e1s- \u00e9s kognit\u00edv zavarokban szenved\u0151k t\u00e1pl\u00e1lkoz\u00e1si ig\u00e9nyeinek kiel\u00e9g\u00edt\u00e9s\u00e9re szolg\u00e1l. funkci\u00f3k, valamint egy\u00e9b olyan rendelleness\u00e9gek, amelyekn\u00e9l sz\u00fcks\u00e9ges a term\u00e9kben l\u00e9v\u0151 vitaminok \u00e9s \u00e1sv\u00e1nyi anyagok p\u00f3tl\u00e1sa, amelyek \u00f6sszet\u00e9tele az 50 \u00e9v feletti n\u0151k sz\u00fcks\u00e9gleteihez igazodik. A term\u00e9ket orvosi fel\u00fcgyelet mellett alkalmazz\u00e1k.<\/p>\n<h5><strong>Adagol\u00e1s \u00e9s alkalmaz\u00e1s m\u00f3dja<\/strong><\/h5>\n<p>A term\u00e9k 50 \u00e9v feletti n\u0151k sz\u00e1m\u00e1ra k\u00e9sz\u00fclt. Napi 1 tablett\u00e1t vegyen be v\u00edzzel, lehet\u0151leg \u00e9tkez\u00e9s k\u00f6zben.<\/p>\n<p>&nbsp;<\/p>","protected":false},"featured_media":8820,"template":"","meta":[],"product_brand":[3215],"product_cat":[77,3054,78],"product_tag":[3000,179,2104,1233,759],"class_list":{"0":"post-3166","1":"product","2":"type-product","3":"status-publish","4":"has-post-thumbnail","6":"product_brand-centrum","7":"product_cat-imunitet","8":"product_cat-akcija","9":"product_cat-vitamini-i-minerali","10":"product_tag-centrum","11":"product_tag-imunitet","12":"product_tag-kompleks-vitamini","13":"product_tag-za-zene","14":"product_tag-zene","15":"pa_brend-centrum","17":"first","18":"instock","19":"shipping-taxable","20":"purchasable","21":"product-type-simple"},"ams_default_variation_id":0,"ams_product_points_reward":[],"ams_product_discount_percentage":0,"ams_price_to_display":1610,"ams_acf":[],"jetpack_sharing_enabled":true,"_links":{"self":[{"href":"https:\/\/apotekar-online.rs\/hu\/wp-json\/wp\/v2\/product\/3166","targetHints":{"allow":["GET"]}}],"collection":[{"href":"https:\/\/apotekar-online.rs\/hu\/wp-json\/wp\/v2\/product"}],"about":[{"href":"https:\/\/apotekar-online.rs\/hu\/wp-json\/wp\/v2\/types\/product"}],"wp:featuredmedia":[{"embeddable":true,"href":"https:\/\/apotekar-online.rs\/hu\/wp-json\/wp\/v2\/media\/8820"}],"wp:attachment":[{"href":"https:\/\/apotekar-online.rs\/hu\/wp-json\/wp\/v2\/media?parent=3166"}],"wp:term":[{"taxonomy":"product_brand","embeddable":true,"href":"https:\/\/apotekar-online.rs\/hu\/wp-json\/wp\/v2\/product_brand?post=3166"},{"taxonomy":"product_cat","embeddable":true,"href":"https:\/\/apotekar-online.rs\/hu\/wp-json\/wp\/v2\/product_cat?post=3166"},{"taxonomy":"product_tag","embeddable":true,"href":"https:\/\/apotekar-online.rs\/hu\/wp-json\/wp\/v2\/product_tag?post=3166"}],"curies":[{"name":"wp","href":"https:\/\/api.w.org\/{rel}","templated":true}]}}