{"id":3169,"date":"2023-06-05T18:40:19","date_gmt":"2023-06-05T20:40:19","guid":{"rendered":"https:\/\/apotekar-online.rs\/?post_type=product&#038;p=3169"},"modified":"2026-03-05T08:38:29","modified_gmt":"2026-03-05T10:38:29","slug":"kolosszalis-30-tabletta","status":"publish","type":"product","link":"https:\/\/apotekar-online.rs\/hu\/p\/colosal-30-tableta\/","title":{"rendered":"Kolossz\u00e1lis, 30 tabletta"},"content":{"rendered":"","protected":false},"excerpt":{"rendered":"<p><b>\u00d3ri\u00e1si<\/b>\u00a0vajsav, fruktooligoszacharidok, valamint Bifidobacterium bifidum \u00e9s Bifidobacterium lactis \u00e9l\u0151 kult\u00far\u00e1i alapj\u00e1n k\u00e9sz\u00fclt t\u00e1pl\u00e1l\u00e9k-kieg\u00e9sz\u00edt\u0151, amelyet olyan betegs\u00e9gek \u00e9s rendelleness\u00e9gek eset\u00e9n haszn\u00e1lnak, mint az irrit\u00e1bilis b\u00e9lszindr\u00f3ma, a Crohn-betegs\u00e9g vagy a b\u00e9lgyullad\u00e1s (divertikulitisz). Jav\u00edtja az olyan t\u00fcneteket, mint a hasmen\u00e9s, hasi f\u00e1jdalom \u00e9s \u00e1ltal\u00e1nos rossz k\u00f6z\u00e9rzet.<\/p>\n<p>* A szab\u00e1lyozott felszabadul\u00e1s\u00fa gyomornedv-ellen\u00e1ll\u00f3 tabletta teljes eg\u00e9sz\u00e9ben el\u00e9ri a vastagbelet, ahol feloldja \u00e9s felszabad\u00edtja a komponenseket.<\/p>\n<p>* A vajsav a vastagb\u00e9lsejtek (kolonocit\u00e1k) f\u0151 energiaforr\u00e1sa, serkenti az anyagcser\u00e9t \u00e9s \u00e9lettani \u00e9r\u00e9s\u00e9t, kulcsszerepet j\u00e1tszik a ny\u00e1lkah\u00e1rtya \u00e9ps\u00e9g\u00e9nek meg\u0151rz\u00e9s\u00e9ben \u00e9s a b\u00e9lrendszeri elv\u00e1ltoz\u00e1sok gy\u00f3gyul\u00e1si folyamataiban; el\u0151seg\u00edti a v\u00edz \u00e9s a n\u00e1trium reabszorpci\u00f3j\u00e1t a belekben; seg\u00edt cs\u00f6kkenteni a b\u00e9l pH-\u00e9rt\u00e9k\u00e9t az\u00e1ltal, hogy kedvez\u0151tlen k\u00f6rnyezetet teremt a k\u00f3rokoz\u00f3 bakt\u00e9riumok fejl\u0151d\u00e9s\u00e9hez.<\/p>\n<p>* A bifidobakt\u00e9riumok a feln\u0151ttek \u00e9s gyermekek vastagb\u00e9l\u00e9ben tal\u00e1lhat\u00f3 legfontosabb bakt\u00e9riumok. A bifidobakt\u00e9riumok sz\u00e1ma az \u00e9letkorral \u00e9s az eg\u00e9szs\u00e9gi \u00e1llapot roml\u00e1s\u00e1val cs\u00f6kken. A bifidobakt\u00e9riumok integr\u00e1l\u00e1s\u00e1nak el\u0151nyei:<\/p>\n<p>- az ellens\u00e9ges k\u00f3rokoz\u00f3 bakt\u00e9riumok \u00e9s \u00e9leszt\u0151gomb\u00e1k b\u00e9lben val\u00f3 koloniz\u00e1ci\u00f3j\u00e1nak megel\u0151z\u00e9se, amelyekkel a bifidobakt\u00e9riumok versengenek a t\u00e1panyagok\u00e9rt;<br \/>\n- ecetsav \u00e9s tejsav termel\u00e9se, amelyek cs\u00f6kkentik a belek pH-\u00e9rt\u00e9k\u00e9t, \u00e9s ez\u00e1ltal m\u00e1s bakt\u00e9riumok sz\u00e1m\u00e1ra lakhatatlann\u00e1 teszik a ter\u00fcletet;<br \/>\n- az \u00e9lelmiszer-nitr\u00e1tokat potenci\u00e1lisan vesz\u00e9lyes nitritt\u00e9 alak\u00edt\u00f3 bakt\u00e9riumok meg\u00e1ll\u00edt\u00e1sa;<br \/>\n- a bifidobakt\u00e9riumok j\u00f3 adapt\u00e1ci\u00f3ja seg\u00edthet megoldani a sz\u00e9kreked\u00e9s probl\u00e9m\u00e1j\u00e1t \u00e9s jav\u00edtani a b\u00e9lm\u0171k\u00f6d\u00e9st.<\/p>\n<p>* A FOS (fruktooligoszacharidok) \u00f6sszetett sz\u00e9nhidr\u00e1tok, term\u00e9szetes cukrok polimerek form\u00e1j\u00e1ban, amelyek szinte teljesen em\u00e9szthetetlenek. A fruktooligoszacharidok az \u00e9l\u0151 bakt\u00e9riumkult\u00far\u00e1k t\u00e1pl\u00e1l\u00e9kai.<\/p>\n<p><b>Adagol\u00e1s \u00e9s felhaszn\u00e1l\u00e1si m\u00f3d<\/b><\/p>\n<p><b> <\/b>Az els\u0151 h\u00f3napban napi 2 tabletta, majd a m\u00e1sodik h\u00f3napban napi 1 tabletta szed\u00e9se javasolt.<\/p>\n<p>* A tablett\u00e1t nem szabad sz\u00e9tr\u00e1gni vagy elt\u00f6rni.<\/p>\n<p><b>Fogalmaz\u00e1s:<\/b>\u00a0t\u00e9rfogatn\u00f6vel\u0151 szer - mikrokrist\u00e1lyos cellul\u00f3z; kalcium-butir\u00e1t; t\u00e9rfogatn\u00f6vel\u0151 szer - hidroxi-propil-metil-cellul\u00f3z; frukto-oligoszacharidok (FOS); f\u00e9nyez\u0151 szerek - kem\u00e9ny\u00edt\u0151, talkum, glicerin, tit\u00e1n-dioxid; csom\u00f3sod\u00e1st g\u00e1tl\u00f3 szer - magn\u00e9zium-sztear\u00e1t; Bifidobacterium bifidum BBF055-DSM 25565; savass\u00e1gszab\u00e1lyoz\u00f3 - citromsav; Bifidobacterium lactis BL050-DSM 25566; t\u00e9rfogatn\u00f6vel\u0151 szer - polivinil-pirrolidon; sz\u00edn \u2013 patentk\u00e9k V<\/p>","protected":false},"featured_media":3170,"template":"","meta":[],"product_brand":[],"product_cat":[81,3054],"product_tag":[1709],"class_list":{"0":"post-3169","1":"product","2":"type-product","3":"status-publish","4":"has-post-thumbnail","6":"product_cat-probiotici-i-enzimi","7":"product_cat-akcija","8":"product_tag-betty","10":"first","11":"instock","12":"shipping-taxable","13":"purchasable","14":"product-type-simple"},"ams_default_variation_id":0,"ams_product_points_reward":[],"ams_product_discount_percentage":0,"ams_price_to_display":2255,"ams_acf":[],"jetpack_sharing_enabled":true,"_links":{"self":[{"href":"https:\/\/apotekar-online.rs\/hu\/wp-json\/wp\/v2\/product\/3169","targetHints":{"allow":["GET"]}}],"collection":[{"href":"https:\/\/apotekar-online.rs\/hu\/wp-json\/wp\/v2\/product"}],"about":[{"href":"https:\/\/apotekar-online.rs\/hu\/wp-json\/wp\/v2\/types\/product"}],"wp:featuredmedia":[{"embeddable":true,"href":"https:\/\/apotekar-online.rs\/hu\/wp-json\/wp\/v2\/media\/3170"}],"wp:attachment":[{"href":"https:\/\/apotekar-online.rs\/hu\/wp-json\/wp\/v2\/media?parent=3169"}],"wp:term":[{"taxonomy":"product_brand","embeddable":true,"href":"https:\/\/apotekar-online.rs\/hu\/wp-json\/wp\/v2\/product_brand?post=3169"},{"taxonomy":"product_cat","embeddable":true,"href":"https:\/\/apotekar-online.rs\/hu\/wp-json\/wp\/v2\/product_cat?post=3169"},{"taxonomy":"product_tag","embeddable":true,"href":"https:\/\/apotekar-online.rs\/hu\/wp-json\/wp\/v2\/product_tag?post=3169"}],"curies":[{"name":"wp","href":"https:\/\/api.w.org\/{rel}","templated":true}]}}