{"id":3173,"date":"2023-06-05T20:04:20","date_gmt":"2023-06-05T22:04:20","guid":{"rendered":"https:\/\/apotekar-online.rs\/?post_type=product&#038;p=3173"},"modified":"2026-03-05T08:19:35","modified_gmt":"2026-03-05T10:19:35","slug":"3173","status":"publish","type":"product","link":"https:\/\/apotekar-online.rs\/hu\/p\/3173\/","title":{"rendered":"Nailner 2 az 1-ben k\u00f6nny\u0171 kezel\u00e9s k\u00f6r\u00f6mgomba ellen"},"content":{"rendered":"","protected":false},"excerpt":{"rendered":"<p>Kezeli \u00e9s megel\u0151zi a k\u00f6r\u00f6m gomb\u00e1s fert\u0151z\u00e9seit. Vil\u00e1gos\u00edt\u00f3 hat\u00e1ssal - l\u00e1that\u00f3 eredm\u00e9nyek m\u00e1r 7 nap ut\u00e1n.<br \/>\nMegv\u00e9di az \u00fajonnan n\u00f6vesztett k\u00f6rm\u00f6t a fert\u0151z\u00e9sekt\u0151l. Klinikailag tesztelt.<\/p>\n<p><strong>Haszn\u00e1lat m\u00f3dja:<\/strong><\/p>\n<p>Vigyen fel k\u00f6r\u00f6mfest\u0151t a tiszta \u00e9s sz\u00e1raz k\u00f6rm\u00f6kre. Minden haszn\u00e1lat el\u0151tt t\u00e1vol\u00edtsa el a marad\u00e9k kozmetikai k\u00f6r\u00f6mlakkot. Az oldatnak le kell fednie a k\u00f6r\u00f6m teljes fel\u00fclet\u00e9t. V\u00e1rjon legal\u00e1bb 1-2 percet, am\u00edg az oldat teljesen felsz\u00edv\u00f3dik a k\u00f6r\u00f6mbe. A Nailner haszn\u00e1lhat\u00f3 k\u00e9z- vagy l\u00e1bk\u00f6rm\u00f6k\u00f6n. Miut\u00e1n felvitte a Nailner term\u00e9ket a k\u00f6r\u00f6mre, felviheti a kozmetikai lakkot.<\/p>\n<p><strong>Jegyzet:<\/strong>\u00a0Arra t\u00f6reksz\u00fcnk, hogy minden term\u00e9k le\u00edr\u00e1s\u00e1n\u00e1l a lehet\u0151 legpontosabbak legy\u00fcnk, de nem tudjuk garant\u00e1lni, hogy minden le\u00edr\u00e1s teljes \u00e9s hibamentes. K\u00f6sz\u00f6n\u00f6m a meg\u00e9rt\u00e9st.<br \/>\nAz oldalon felt\u00fcntetett \u00f6sszes elem k\u00edn\u00e1latunk r\u00e9sz\u00e9t k\u00e9pezi, de ez nem jelenti azt, hogy mindenkor el\u00e9rhet\u0151.<\/p>\n<p>&nbsp;<\/p>","protected":false},"featured_media":3267,"template":"","meta":[],"product_brand":[],"product_cat":[80,547],"product_tag":[647,648,645,646],"class_list":{"0":"post-3173","1":"product","2":"type-product","3":"status-publish","4":"has-post-thumbnail","6":"product_cat-koza-kosa-i-nokti","7":"product_cat-kozmetika-i-nega-za-odrasle","8":"product_tag-efekat-posvetljivanja","9":"product_tag-klinicki-ispitano","10":"product_tag-lak-za-nokte","11":"product_tag-zastita-od-gljivica","12":"pa_brend-nailner","14":"first","15":"instock","16":"shipping-taxable","17":"purchasable","18":"product-type-simple"},"ams_default_variation_id":0,"ams_product_points_reward":[],"ams_product_discount_percentage":0,"ams_price_to_display":1870,"ams_acf":[],"jetpack_sharing_enabled":true,"_links":{"self":[{"href":"https:\/\/apotekar-online.rs\/hu\/wp-json\/wp\/v2\/product\/3173","targetHints":{"allow":["GET"]}}],"collection":[{"href":"https:\/\/apotekar-online.rs\/hu\/wp-json\/wp\/v2\/product"}],"about":[{"href":"https:\/\/apotekar-online.rs\/hu\/wp-json\/wp\/v2\/types\/product"}],"wp:featuredmedia":[{"embeddable":true,"href":"https:\/\/apotekar-online.rs\/hu\/wp-json\/wp\/v2\/media\/3267"}],"wp:attachment":[{"href":"https:\/\/apotekar-online.rs\/hu\/wp-json\/wp\/v2\/media?parent=3173"}],"wp:term":[{"taxonomy":"product_brand","embeddable":true,"href":"https:\/\/apotekar-online.rs\/hu\/wp-json\/wp\/v2\/product_brand?post=3173"},{"taxonomy":"product_cat","embeddable":true,"href":"https:\/\/apotekar-online.rs\/hu\/wp-json\/wp\/v2\/product_cat?post=3173"},{"taxonomy":"product_tag","embeddable":true,"href":"https:\/\/apotekar-online.rs\/hu\/wp-json\/wp\/v2\/product_tag?post=3173"}],"curies":[{"name":"wp","href":"https:\/\/api.w.org\/{rel}","templated":true}]}}