{"id":3244,"date":"2023-06-07T18:22:38","date_gmt":"2023-06-07T20:22:38","guid":{"rendered":"https:\/\/apotekar-online.rs\/?post_type=product&#038;p=3244"},"modified":"2026-03-05T08:19:35","modified_gmt":"2026-03-05T10:19:35","slug":"herbafast-meregtelenito-kapszula-a10","status":"publish","type":"product","link":"https:\/\/apotekar-online.rs\/hu\/p\/herbafast-detox-kapsule-a10\/","title":{"rendered":"Herbafast Detox kapszula A10"},"content":{"rendered":"","protected":false},"excerpt":{"rendered":"<p>A Herbafast\u00ae Detox kapszula egy \u00e9trend-kieg\u00e9sz\u00edt\u0151 herba rastavica, j\u00e1va tealev\u00e9l, ny\u00edrfalev\u00e9l \u00e9s bor\u00f3ka gy\u00fcm\u00f6lcs kivonat\u00e1val. A Rastavic hozz\u00e1j\u00e1rul a norm\u00e1l koler\u00e9zishez \u00e9s a szervezet megtisztul\u00e1s\u00e1hoz, a prosztata, a ves\u00e9k \u00e9s a h\u00fagyutak norm\u00e1l m\u0171k\u00f6d\u00e9s\u00e9hez, valamint hozz\u00e1j\u00e1rul a norm\u00e1l vizelet\u00e1raml\u00e1shoz. A j\u00e1va tea tiszt\u00edt\u00f3 \u00e9s vizelethajt\u00f3 tulajdons\u00e1gokkal rendelkezik, \u00e9s hozz\u00e1j\u00e1rul a szervezet term\u00e9szetes tiszt\u00edt\u00e1s\u00e1hoz \u00e9s a m\u00e9reganyagok elt\u00e1vol\u00edt\u00e1s\u00e1hoz. A ny\u00edrfa hozz\u00e1j\u00e1rul az als\u00f3 h\u00fagyutak eg\u00e9szs\u00e9g\u00e9hez, befoly\u00e1solja az em\u00e9szt\u00e9st \u00e9s el\u0151seg\u00edti a szervezet m\u00e9regtelen\u00edt\u00e9s\u00e9t. A bor\u00f3ka egy antioxid\u00e1ns, amely megv\u00e9di a sejteket az oxidat\u00edv stresszt\u0151l, hozz\u00e1j\u00e1rul az em\u00e9szt\u0151rendszer eg\u00e9szs\u00e9g\u00e9hez, a ves\u00e9k eg\u00e9szs\u00e9g\u00e9hez, a ves\u00e9n kereszt\u00fcli elimin\u00e1ci\u00f3hoz, valamint a szervezet megtiszt\u00edt\u00e1s\u00e1nak \u00e9s a m\u00e9reganyagok elt\u00e1vol\u00edt\u00e1s\u00e1nak term\u00e9szetes mechanizmus\u00e1hoz.<\/p>\n<p><strong>Adagol\u00e1s \u00e9s felhaszn\u00e1l\u00e1si m\u00f3d:<br \/>\n<\/strong>Igyon 1-2 kapszul\u00e1t naponta egy poh\u00e1r v\u00edzzel.<\/p>\n<p><strong>Fogalmaz\u00e1s :<br \/>\n<\/strong>A rastavica l\u00e9gi r\u00e9sz\u00e9nek sz\u00e1raz kivonata, Java tealev\u00e9l sz\u00e1raz kivonata, kapszula (hipromell\u00f3z, sz\u00edn: tit\u00e1n-dioxid), ny\u00edrlev\u00e9l sz\u00e1raz kivonat, bor\u00f3ka gy\u00fcm\u00f6lcs sz\u00e1raz kivonata, kem\u00e9ny\u00edt\u0151 (kukorica), maltodextrin (kukorica, b\u00faza), csom\u00f3sod\u00e1st g\u00e1tl\u00f3 szerek: magn\u00e9zium-sztear\u00e1t, szil\u00edcium-dioxid.<\/p>\n<p><strong>Jegyzet:<\/strong>\u00a0Arra t\u00f6reksz\u00fcnk, hogy minden term\u00e9k le\u00edr\u00e1s\u00e1n\u00e1l a lehet\u0151 legpontosabbak legy\u00fcnk, de nem tudjuk garant\u00e1lni, hogy minden le\u00edr\u00e1s teljes \u00e9s hibamentes. K\u00f6sz\u00f6n\u00f6m a meg\u00e9rt\u00e9st.<br \/>\nAz oldalon felt\u00fcntetett \u00f6sszes elem k\u00edn\u00e1latunk r\u00e9sz\u00e9t k\u00e9pezi, de ez nem jelenti azt, hogy mindenkor el\u00e9rhet\u0151.<\/p>","protected":false},"featured_media":3245,"template":"","meta":[],"product_brand":[],"product_cat":[154],"product_tag":[620,592,613,614,615,616,617,618,619],"class_list":{"0":"post-3244","1":"product","2":"type-product","3":"status-publish","4":"has-post-thumbnail","6":"product_cat-preparati-za-mrsavljenje-i-anticelulit","7":"product_tag-antioksidans","8":"product_tag-dijetetski-suplement","9":"product_tag-ekstrakt-herbe-rastavica","10":"product_tag-java-caj","11":"product_tag-list-breze","12":"product_tag-plod-kleke","13":"product_tag-preciscavanje-organizma","14":"product_tag-prostata","15":"product_tag-urinarni-trakt","16":"pa_brend-abela-pharm","18":"first","19":"instock","20":"shipping-taxable","21":"product-type-simple"},"ams_default_variation_id":0,"ams_product_points_reward":[],"ams_product_discount_percentage":0,"ams_price_to_display":0,"ams_acf":[],"jetpack_sharing_enabled":true,"_links":{"self":[{"href":"https:\/\/apotekar-online.rs\/hu\/wp-json\/wp\/v2\/product\/3244","targetHints":{"allow":["GET"]}}],"collection":[{"href":"https:\/\/apotekar-online.rs\/hu\/wp-json\/wp\/v2\/product"}],"about":[{"href":"https:\/\/apotekar-online.rs\/hu\/wp-json\/wp\/v2\/types\/product"}],"wp:featuredmedia":[{"embeddable":true,"href":"https:\/\/apotekar-online.rs\/hu\/wp-json\/wp\/v2\/media\/3245"}],"wp:attachment":[{"href":"https:\/\/apotekar-online.rs\/hu\/wp-json\/wp\/v2\/media?parent=3244"}],"wp:term":[{"taxonomy":"product_brand","embeddable":true,"href":"https:\/\/apotekar-online.rs\/hu\/wp-json\/wp\/v2\/product_brand?post=3244"},{"taxonomy":"product_cat","embeddable":true,"href":"https:\/\/apotekar-online.rs\/hu\/wp-json\/wp\/v2\/product_cat?post=3244"},{"taxonomy":"product_tag","embeddable":true,"href":"https:\/\/apotekar-online.rs\/hu\/wp-json\/wp\/v2\/product_tag?post=3244"}],"curies":[{"name":"wp","href":"https:\/\/api.w.org\/{rel}","templated":true}]}}