{"id":3256,"date":"2023-06-08T14:18:59","date_gmt":"2023-06-08T16:18:59","guid":{"rendered":"https:\/\/apotekar-online.rs\/?post_type=product&#038;p=3256"},"modified":"2026-03-05T08:16:04","modified_gmt":"2026-03-05T10:16:04","slug":"serrap-md-forte-120000-spu-capsules-a-10","status":"publish","type":"product","link":"https:\/\/apotekar-online.rs\/hu\/p\/serrap-md-forte-120000-spu-kapsule-a-10\/","title":{"rendered":"Serrap MD Forte 120000 SPU kapszula A 10"},"content":{"rendered":"","protected":false},"excerpt":{"rendered":"<p>Hat\u00e9konyan elt\u00e1vol\u00edtja a f\u00e1jdalmat \u00e9s a duzzanatot.<br \/>\n- Cs\u00f6kkenti a sz\u00edvinfarktust \u00e9s agyv\u00e9rz\u00e9st okoz\u00f3 trombusok \u00e9s tromb\u00f3zisok kialakul\u00e1s\u00e1nak lehet\u0151s\u00e9g\u00e9t.<br \/>\n- Jav\u00edtja az antibiotikumok hat\u00e1s\u00e1t.<br \/>\n- Felgyors\u00edtja a ny\u00e1lka, genny \u00e9s v\u00e9r\u00f6mleny felh\u00edgul\u00e1s\u00e1t \u00e9s elt\u00e1vol\u00edt\u00e1s\u00e1t, jelent\u0151sen felgyors\u00edtja a gy\u00f3gyul\u00e1st.<br \/>\nProteolitikus enzim sok \u00e9ves haszn\u00e1lattal, biztons\u00e1gos a betegek sz\u00e1m\u00e1ra. A Serratia E-15 t\u00edpus\u00fa enterobakt\u00e9riumb\u00f3l \u00e1ll\u00edtj\u00e1k el\u0151, amely a legjobb min\u0151s\u00e9g\u0171 szerrapept\u00e1z forr\u00e1s. Ez az enzim cinket tartalmaz, amely fontos a proteolitikus aktivit\u00e1shoz. A Serrap MD - a tartalma 2250 SPU\/mg, m\u00edg a t\u00f6bbi k\u00f6r\u00fclbel\u00fcl 2000 SPU\/mg, ami er\u0151sebb\u00e9, jobb\u00e1, hat\u00e9konyabb\u00e1 teszi a Serrap MD-t.<br \/>\nA piacon l\u00e9v\u0151 t\u00f6bbi szerrapept\u00e1zt\u00f3l elt\u00e9r\u0151en a Serrap MD gy\u00e1rt\u00e1si folyamata sor\u00e1n a legjobb min\u0151s\u00e9g\u0171 ferment\u00e1ci\u00f3s elj\u00e1r\u00e1st alkalmazz\u00e1k.<br \/>\nM\u00e1s gy\u00e1rt\u00f3khoz k\u00e9pest a Serrap MD kett\u0151s v\u00e9detts\u00e9g\u0171 enzimet tartalmaz:<br \/>\nA szerapept\u00e1z por form\u00e1j\u00fa, amelyet maltodextrinnel \u00e9s HPMC-vel mint hordoz\u00f3anyaggal kevernek \u00f6ssze, \u00e9s mint ilyen \u00f6nmag\u00e1ban gyomornedv-ellen\u00e1ll\u00f3, de gyomornedv-ellen\u00e1ll\u00f3 kapszul\u00e1ba is t\u00f6ltik, \u00edgy a szerapept\u00e1z min\u0151s\u00e9ge hat\u00e9konyabban v\u00e9dhet\u0151 a gyomor-b\u00e9lrendszer ellen. gy\u00fcm\u00f6lcsl\u00e9. Veg\u00e1noknak \u00e9s veget\u00e1ri\u00e1nusoknak aj\u00e1nlott.<\/p>\n<p><strong>Adagol\u00e1s \u00e9s felhaszn\u00e1l\u00e1si m\u00f3d:<br \/>\n<\/strong>Napi 1 kapszula Serrap MD Forte 120 000 200 ml v\u00edzzel 1 \u00f3r\u00e1val \u00e9tkez\u00e9s el\u0151tt vagy 2 \u00f3r\u00e1val \u00e9tkez\u00e9s ut\u00e1n.<\/p>\n<p><strong>Jegyzet:<\/strong>\u00a0Arra t\u00f6reksz\u00fcnk, hogy minden term\u00e9k le\u00edr\u00e1s\u00e1n\u00e1l a lehet\u0151 legpontosabbak legy\u00fcnk, de nem tudjuk garant\u00e1lni, hogy minden le\u00edr\u00e1s teljes \u00e9s hibamentes. K\u00f6sz\u00f6n\u00f6m a meg\u00e9rt\u00e9st.<br \/>\nAz oldalon felt\u00fcntetett \u00f6sszes elem k\u00edn\u00e1latunk r\u00e9sz\u00e9t k\u00e9pezi, de ez nem jelenti azt, hogy mindenkor el\u00e9rhet\u0151.<\/p>","protected":false},"featured_media":3257,"template":"","meta":[],"product_brand":[],"product_cat":[81],"product_tag":[348,185,633,634,632,297],"class_list":{"0":"post-3256","1":"product","2":"type-product","3":"status-publish","4":"has-post-thumbnail","6":"product_cat-probiotici-i-enzimi","7":"product_tag-bol","8":"product_tag-cink","9":"product_tag-e-15","10":"product_tag-enterobakterija","11":"product_tag-enzim","12":"product_tag-otok","13":"pa_brend-serrap","15":"first","16":"instock","17":"shipping-taxable","18":"purchasable","19":"product-type-simple"},"ams_default_variation_id":0,"ams_product_points_reward":[],"ams_product_discount_percentage":0,"ams_price_to_display":1296,"ams_acf":[],"jetpack_sharing_enabled":true,"_links":{"self":[{"href":"https:\/\/apotekar-online.rs\/hu\/wp-json\/wp\/v2\/product\/3256","targetHints":{"allow":["GET"]}}],"collection":[{"href":"https:\/\/apotekar-online.rs\/hu\/wp-json\/wp\/v2\/product"}],"about":[{"href":"https:\/\/apotekar-online.rs\/hu\/wp-json\/wp\/v2\/types\/product"}],"wp:featuredmedia":[{"embeddable":true,"href":"https:\/\/apotekar-online.rs\/hu\/wp-json\/wp\/v2\/media\/3257"}],"wp:attachment":[{"href":"https:\/\/apotekar-online.rs\/hu\/wp-json\/wp\/v2\/media?parent=3256"}],"wp:term":[{"taxonomy":"product_brand","embeddable":true,"href":"https:\/\/apotekar-online.rs\/hu\/wp-json\/wp\/v2\/product_brand?post=3256"},{"taxonomy":"product_cat","embeddable":true,"href":"https:\/\/apotekar-online.rs\/hu\/wp-json\/wp\/v2\/product_cat?post=3256"},{"taxonomy":"product_tag","embeddable":true,"href":"https:\/\/apotekar-online.rs\/hu\/wp-json\/wp\/v2\/product_tag?post=3256"}],"curies":[{"name":"wp","href":"https:\/\/api.w.org\/{rel}","templated":true}]}}