{"id":3272,"date":"2023-06-08T15:12:39","date_gmt":"2023-06-08T17:12:39","guid":{"rendered":"https:\/\/apotekar-online.rs\/?post_type=product&#038;p=3272"},"modified":"2026-03-05T08:38:29","modified_gmt":"2026-03-05T10:38:29","slug":"livsane-dexpanthenol-orrspray-panthenollal-orr-20-ml","status":"publish","type":"product","link":"https:\/\/apotekar-online.rs\/hu\/p\/livsane-dexpanthenol-nasal-sprej-sa-pantenolom-za-nos-20-ml\/","title":{"rendered":"Livsane Dexpanthenol orrspray panthenollal 20 ml"},"content":{"rendered":"","protected":false},"excerpt":{"rendered":"<p>Izot\u00f3ni\u00e1s s\u00f3oldat 3% dexpanthenollal az orrdugul\u00e1s t\u00fcneteinek enyh\u00edt\u00e9s\u00e9re, valamint az orr sz\u00e1razs\u00e1g\u00e1nak \u00e9s kisz\u00e1rad\u00e1s\u00e1nak cs\u00f6kkent\u00e9s\u00e9re szolg\u00e1l.<br \/>\nHidrat\u00e1l\u00f3 hat\u00e1s\u00e1nak k\u00f6sz\u00f6nhet\u0151en ide\u00e1lis az orrsz\u00e1razs\u00e1g megel\u0151z\u00e9s\u00e9re \u00e9s kezel\u00e9s\u00e9re. Stimul\u00e1lja az orr k\u00f6t\u0151h\u00e1rty\u00e1j\u00e1t. Nem tartalmaz hajt\u00f3g\u00e1zt.<\/p>\n<p><strong>Jegyzet:<\/strong>\u00a0Arra t\u00f6reksz\u00fcnk, hogy minden term\u00e9k le\u00edr\u00e1s\u00e1n\u00e1l a lehet\u0151 legpontosabbak legy\u00fcnk, de nem tudjuk garant\u00e1lni, hogy minden le\u00edr\u00e1s teljes \u00e9s hibamentes. K\u00f6sz\u00f6n\u00f6m a meg\u00e9rt\u00e9st.<br \/>\nAz oldalon felt\u00fcntetett \u00f6sszes elem k\u00edn\u00e1latunk r\u00e9sz\u00e9t k\u00e9pezi, de ez nem jelenti azt, hogy mindenkor el\u00e9rhet\u0151.<\/p>","protected":false},"featured_media":4905,"template":"","meta":[],"product_brand":[3090],"product_cat":[151,3054],"product_tag":[1709,563,623,642,494,655],"class_list":{"0":"post-3272","1":"product","2":"type-product","3":"status-publish","4":"has-post-thumbnail","6":"product_brand-livsane","7":"product_cat-prehlada-i-kasalj","8":"product_cat-akcija","9":"product_tag-betty","10":"product_tag-nega-za-odrasle","11":"product_tag-pantenol","12":"product_tag-prehlada-i-grip","13":"product_tag-sprej","14":"product_tag-zapusen-nos","15":"pa_brend-livsane","17":"first","18":"instock","19":"sale","20":"shipping-taxable","21":"purchasable","22":"product-type-simple"},"ams_default_variation_id":0,"ams_product_points_reward":[],"ams_product_discount_percentage":15,"ams_price_to_display":400.35,"ams_acf":[],"jetpack_sharing_enabled":true,"_links":{"self":[{"href":"https:\/\/apotekar-online.rs\/hu\/wp-json\/wp\/v2\/product\/3272","targetHints":{"allow":["GET"]}}],"collection":[{"href":"https:\/\/apotekar-online.rs\/hu\/wp-json\/wp\/v2\/product"}],"about":[{"href":"https:\/\/apotekar-online.rs\/hu\/wp-json\/wp\/v2\/types\/product"}],"wp:featuredmedia":[{"embeddable":true,"href":"https:\/\/apotekar-online.rs\/hu\/wp-json\/wp\/v2\/media\/4905"}],"wp:attachment":[{"href":"https:\/\/apotekar-online.rs\/hu\/wp-json\/wp\/v2\/media?parent=3272"}],"wp:term":[{"taxonomy":"product_brand","embeddable":true,"href":"https:\/\/apotekar-online.rs\/hu\/wp-json\/wp\/v2\/product_brand?post=3272"},{"taxonomy":"product_cat","embeddable":true,"href":"https:\/\/apotekar-online.rs\/hu\/wp-json\/wp\/v2\/product_cat?post=3272"},{"taxonomy":"product_tag","embeddable":true,"href":"https:\/\/apotekar-online.rs\/hu\/wp-json\/wp\/v2\/product_tag?post=3272"}],"curies":[{"name":"wp","href":"https:\/\/api.w.org\/{rel}","templated":true}]}}