{"id":3402,"date":"2023-06-23T18:08:53","date_gmt":"2023-06-23T20:08:53","guid":{"rendered":"https:\/\/apotekar-online.rs\/?post_type=product&#038;p=3402"},"modified":"2026-03-05T08:15:57","modified_gmt":"2026-03-05T10:15:57","slug":"biota-intima-15-kapszula","status":"publish","type":"product","link":"https:\/\/apotekar-online.rs\/hu\/p\/biota-intima-15-kapsula\/","title":{"rendered":"Biota Intima, 15 kapszula"},"content":{"rendered":"","protected":false},"excerpt":{"rendered":"<p style=\"font-weight: 400;\"><b><strong>M\u0171velet:<\/strong><\/b><br \/>\nA BIOTA intima kapszul\u00e1k ak\u00e1r 6 nagyon specifikus probiotikus bakt\u00e9rium \u00e9s k\u00e9t kulcsfontoss\u00e1g\u00fa immunmodul\u00e1tor: a laktoferrin \u00e9s a D-vitamin egyed\u00fcl\u00e1ll\u00f3 kombin\u00e1ci\u00f3j\u00e1t k\u00e9pviselik.<br \/>\nAz eg\u00e9szs\u00e9ges n\u0151k h\u00fcvelyi mikrobiot\u00e1j\u00e1ban a legnagyobb mennyis\u00e9gben el\u0151fordul\u00f3 bakt\u00e9riumok a laktobacillusok csoportj\u00e1ba tartoznak. Ezek a bakt\u00e9riumok savas k\u00f6rnyezetet tartanak fenn, \u00e9s kedvez\u0151tlen felt\u00e9teleket teremtenek a k\u00e1ros mikroorganizmusok n\u00f6veked\u00e9s\u00e9hez \u00e9s fejl\u0151d\u00e9s\u00e9hez. A nem megfelel\u0151 higi\u00e9nia, a stressznek val\u00f3 kitetts\u00e9g, a hormon\u00e1lis v\u00e1ltoz\u00e1sok, az antibiotikumok haszn\u00e1lata, az \u00e1ltal\u00e1nos vagy helyi immunit\u00e1s megzavar\u00e1sa \u00e9s sz\u00e1mos egy\u00e9b t\u00e9nyez\u0151 a laktobacillusok sz\u00e1m\u00e1nak cs\u00f6kken\u00e9s\u00e9hez \u00e9s potenci\u00e1lisan h\u00fcvelyi fert\u0151z\u00e9sekhez vezethet.<br \/>\nA BIOTA Intima gondosan kiv\u00e1lasztott bakt\u00e9riumteny\u00e9szeteket tartalmaz, amelyek t\u00falnyom\u00f3r\u00e9szt az eg\u00e9szs\u00e9ges h\u00fcvelyi mikrobiot\u00e1ban tal\u00e1lhat\u00f3k meg.<\/p>\n<ul style=\"font-weight: 400;\">\n<li>B\u00e1rmilyen \u00e9letkor\u00fa n\u0151k sz\u00e1m\u00e1ra k\u00e9sz\u00fclt (l\u00e1nyok, reprodukt\u00edv kor\u00fa n\u0151k, terhes n\u0151k, szoptat\u00f3 n\u0151k, menopauz\u00e1s n\u0151k)<\/li>\n<li>B\u00e1rmilyen antimikrobi\u00e1lis ter\u00e1pia sz\u00fcks\u00e9ges t\u00e1mogat\u00e1sa (antibiotikum + BIOTA intima, gombaellenes + BIOTA intima),<\/li>\n<li>K\u00f6telez\u0151 alkalmaz\u00e1sa antimikrobi\u00e1lis kezel\u00e9s ut\u00e1n,<\/li>\n<li>Megel\u0151z\u0151 alkalmaz\u00e1s a menstru\u00e1ci\u00f3s ciklus alatt \u00e9s ut\u00e1n a h\u00fcvelyi, b\u00e9l- \u00e9s h\u00fagy\u00fati fert\u0151z\u00e9sek megel\u0151z\u00e9s\u00e9re,<\/li>\n<li>Hat\u00e9kony t\u00e1mogat\u00e1s az eg\u00e9szs\u00e9ges h\u00fcvelyi mikrobi\u00f3ta kialak\u00edt\u00e1s\u00e1ban a VTO k\u00e9sz\u00edtm\u00e9nyben<\/li>\n<li>Biztons\u00e1gos a terhess\u00e9g \u00e9s a szoptat\u00e1s ideje alatt,<\/li>\n<li>El\u0151seg\u00edti a sziszt\u00e9m\u00e1s \u00e9s helyi immunit\u00e1st a term\u00e9szetes immunmodul\u00e1toroknak (laktoferrin \u00e9s D-vitamin) k\u00f6sz\u00f6nhet\u0151en.<\/li>\n<\/ul>\n<p>&nbsp;<\/p>\n<p style=\"font-weight: 400;\"><b>Adagol\u00e1s \u00e9s felhaszn\u00e1l\u00e1si m\u00f3d<\/b><\/p>\n<p style=\"font-weight: 400;\">Napi 1 kapszula \u00e9tkez\u00e9sek k\u00f6z\u00f6tt 4-6 h\u00e9ten kereszt\u00fcl.<\/p>\n<p style=\"font-weight: 400;\"><b><strong>Fogalmaz\u00e1s:<\/strong><\/b><br \/>\n1 kapszula tartalma:<br \/>\nLactobacillus crispatus KS 127.1 \u2026\u2026\u2026\u2026\u2026\u2026\u2026\u2026\u2026\u2026\u2026.. 1\u00d7109 cfu<br \/>\nLactobacillus gasseri LG050 \u2026\u2026\u2026\u2026\u2026\u2026\u2026\u2026\u2026\u2026\u2026\u2026\u2026\u2026 1\u00d7109 cfu<br \/>\nLactobacillus jensenii KS121.1 \u2026\u2026\u2026\u2026\u2026\u2026\u2026\u2026\u2026\u2026\u2026\u2026. 1\u00d7109 cfu<br \/>\nLactobacillus reuteri LR92 \u2026\u2026\u2026\u2026\u2026\u2026\u2026\u2026\u2026\u2026\u2026\u2026\u2026. 1\u00d7109 cfu<br \/>\nLactobacillus rhamnosus IMC501 \u2026\u2026\u2026\u2026\u2026\u2026\u2026\u2026\u2026. 1\u00d7109 cfu<br \/>\nLactobacillus paracasei IMC502 \u2026\u2026\u2026\u2026\u2026\u2026\u2026\u2026\u2026\u2026\u2026 1\u00d7109 cfu<br \/>\nLaktoferrin \u2026\u2026\u2026\u2026\u2026\u2026\u2026\u2026\u2026\u2026\u2026\u2026\u2026\u2026\u2026\u2026\u2026\u2026\u2026\u2026\u2026\u2026\u2026\u2026\u2026\u2026\u2026\u2026\u2026.. 10 mg<br \/>\nD3-vitamin (kolekalciferol form\u00e1j\u00e1ban) \u2026\u2026\u2026\u2026\u2026\u2026. 5 \u00b5g<\/p>\n<p style=\"font-weight: 400;\"><b><strong>Csomagolt:<\/strong><\/b>\u00a015 kapszula<\/p>\n<p><strong>Jegyzet:<\/strong>\u00a0Arra t\u00f6reksz\u00fcnk, hogy minden term\u00e9k le\u00edr\u00e1s\u00e1n\u00e1l a lehet\u0151 legpontosabbak legy\u00fcnk, de nem tudjuk garant\u00e1lni, hogy minden le\u00edr\u00e1s teljes \u00e9s hibamentes. K\u00f6sz\u00f6n\u00f6m a meg\u00e9rt\u00e9st.<br \/>\nAz oldalon felt\u00fcntetett \u00f6sszes elem k\u00edn\u00e1latunk r\u00e9sz\u00e9t k\u00e9pezi, de ez nem jelenti azt, hogy mindenkor el\u00e9rhet\u0151<\/p>\n<p>&nbsp;<\/p>\n<p>&nbsp;<\/p>","protected":false},"featured_media":3403,"template":"","meta":[],"product_brand":[],"product_cat":[88,81,85],"product_tag":[785,760,790],"class_list":{"0":"post-3402","1":"product","2":"type-product","3":"status-publish","4":"has-post-thumbnail","6":"product_cat-intimna-nega","7":"product_cat-probiotici-i-enzimi","8":"product_cat-zdravlje-zena","9":"product_tag-intimna-higijena","10":"product_tag-intimna-nega","11":"product_tag-vaginalna-mikrobiota","12":"pa_brend-biota-intima","14":"first","15":"instock","16":"shipping-taxable","17":"purchasable","18":"product-type-simple"},"ams_default_variation_id":0,"ams_product_points_reward":[],"ams_product_discount_percentage":0,"ams_price_to_display":1665.85,"ams_acf":[],"jetpack_sharing_enabled":true,"_links":{"self":[{"href":"https:\/\/apotekar-online.rs\/hu\/wp-json\/wp\/v2\/product\/3402","targetHints":{"allow":["GET"]}}],"collection":[{"href":"https:\/\/apotekar-online.rs\/hu\/wp-json\/wp\/v2\/product"}],"about":[{"href":"https:\/\/apotekar-online.rs\/hu\/wp-json\/wp\/v2\/types\/product"}],"wp:featuredmedia":[{"embeddable":true,"href":"https:\/\/apotekar-online.rs\/hu\/wp-json\/wp\/v2\/media\/3403"}],"wp:attachment":[{"href":"https:\/\/apotekar-online.rs\/hu\/wp-json\/wp\/v2\/media?parent=3402"}],"wp:term":[{"taxonomy":"product_brand","embeddable":true,"href":"https:\/\/apotekar-online.rs\/hu\/wp-json\/wp\/v2\/product_brand?post=3402"},{"taxonomy":"product_cat","embeddable":true,"href":"https:\/\/apotekar-online.rs\/hu\/wp-json\/wp\/v2\/product_cat?post=3402"},{"taxonomy":"product_tag","embeddable":true,"href":"https:\/\/apotekar-online.rs\/hu\/wp-json\/wp\/v2\/product_tag?post=3402"}],"curies":[{"name":"wp","href":"https:\/\/api.w.org\/{rel}","templated":true}]}}