{"id":3424,"date":"2023-06-28T10:36:10","date_gmt":"2023-06-28T12:36:10","guid":{"rendered":"https:\/\/apotekar-online.rs\/?post_type=product&#038;p=3424"},"modified":"2026-03-05T08:15:56","modified_gmt":"2026-03-05T10:15:56","slug":"flufsan-gace-pelenka-xl-meretu-14-es","status":"publish","type":"product","link":"https:\/\/apotekar-online.rs\/hu\/p\/flufsan-gace-pelene-xl-velicina-14-komada\/","title":{"rendered":"Flufsan als\u00f3nadr\u00e1g pelenka XL m\u00e9ret\u0171 14 db"},"content":{"rendered":"","protected":false},"excerpt":{"rendered":"<p>A PULL ON pelenkabugyi als\u00f3nem\u0171 alak\u00fa, \u00e9s maxim\u00e1lis v\u00e9delmet ny\u00fajt k\u00f6zepes \u00e9s s\u00falyos inkontinencia eset\u00e9n. K\u00fcl\u00f6nleges kialak\u00edt\u00e1suknak k\u00f6sz\u00f6nhet\u0151en alkalmasak akt\u00edv \u00e9s gyakran mozg\u00e1sban l\u00e9v\u0151 emberek sz\u00e1m\u00e1ra.<\/p>\n<p>Nem l\u00e1that\u00f3k a ruha alatt, ami tov\u00e1bbi diszkr\u00e9ci\u00f3t, k\u00e9nyelmet \u00e9s biztons\u00e1got ny\u00fajt a napi tev\u00e9kenys\u00e9gek v\u00e9gz\u00e9se sor\u00e1n. Feh\u00e9rnem\u0171k\u00e9nt hordj\u00e1k, puha \u00e9s rugalmas sz\u00e9lei pedig lehet\u0151v\u00e9 teszik a pelenka k\u00f6nny\u0171 feltapad\u00e1s\u00e1t \u00e9s a felhaszn\u00e1l\u00f3 test\u00e9hez val\u00f3 alkalmazkod\u00e1s\u00e1t.<\/p>\n<p>Jellemz\u0151k:<\/p>\n<p>L\u00e9g\u00e1tereszt\u0151- A Flufsan pelenkabugyi k\u00fcls\u0151 anyagr\u00e9teggel rendelkezik, amely lehet\u0151v\u00e9 teszi a b\u0151r l\u00e9legz\u00e9s\u00e9t \u00e9s a leveg\u0151 kering\u00e9s\u00e9t, ami megakad\u00e1lyozza a b\u0151r nem k\u00edv\u00e1nt nedvess\u00e9gtartalm\u00e1t.<br \/>\nGyors felsz\u00edv\u00f3d\u00e1st biztos\u00edt\u00f3 rendszer - amely lehet\u0151v\u00e9 teszi nagy mennyis\u00e9g\u0171 folyad\u00e9k felsz\u00edv\u00f3d\u00e1s\u00e1t r\u00f6vid id\u0151n bel\u00fcl, de \u00fagy, hogy a pelenka fel\u00fclete sz\u00e1raz marad, \u00edgy a b\u0151r is.<br \/>\nOdor Stop System - minden pelenka antibakteri\u00e1lis nedvsz\u00edv\u00f3 maggal rendelkezik, amely megakad\u00e1lyozza a bakt\u00e9riumok \u00e9s a kellemetlen szagok kialakul\u00e1s\u00e1t.<br \/>\nA pelenk\u00e1k cellul\u00f3z magja szuperabszorbens r\u00e9sszel rendelkezik, amely hozz\u00e1j\u00e1rul a megn\u00f6vekedett nedvsz\u00edv\u00f3 k\u00e9pess\u00e9ghez.<\/p>\n<p>120-170 cm-es k\u00f6rm\u00e9rethez<\/p>\n<p><strong>Jegyzet:<\/strong>\u00a0Arra t\u00f6reksz\u00fcnk, hogy minden term\u00e9k le\u00edr\u00e1s\u00e1n\u00e1l a lehet\u0151 legpontosabbak legy\u00fcnk, de nem tudjuk garant\u00e1lni, hogy minden le\u00edr\u00e1s teljes \u00e9s hibamentes. K\u00f6sz\u00f6n\u00f6m a meg\u00e9rt\u00e9st.<br \/>\nAz oldalon felt\u00fcntetett \u00f6sszes elem k\u00edn\u00e1latunk r\u00e9sz\u00e9t k\u00e9pezi, de ez nem jelenti azt, hogy mindenkor el\u00e9rhet\u0151.<\/p>","protected":false},"featured_media":3425,"template":"","meta":[],"product_brand":[],"product_cat":[176],"product_tag":[795,796,794],"class_list":{"0":"post-3424","1":"product","2":"type-product","3":"status-publish","4":"has-post-thumbnail","6":"product_cat-medicinska-oprema-i-materijal","7":"product_tag-inkontinencija","8":"product_tag-pelene-gace","9":"product_tag-pelene-za-odrasle","10":"pa_brend-flufsan","12":"first","13":"instock","14":"shipping-taxable","15":"purchasable","16":"product-type-simple"},"ams_default_variation_id":0,"ams_product_points_reward":[],"ams_product_discount_percentage":0,"ams_price_to_display":1260,"ams_acf":[],"jetpack_sharing_enabled":true,"_links":{"self":[{"href":"https:\/\/apotekar-online.rs\/hu\/wp-json\/wp\/v2\/product\/3424","targetHints":{"allow":["GET"]}}],"collection":[{"href":"https:\/\/apotekar-online.rs\/hu\/wp-json\/wp\/v2\/product"}],"about":[{"href":"https:\/\/apotekar-online.rs\/hu\/wp-json\/wp\/v2\/types\/product"}],"wp:featuredmedia":[{"embeddable":true,"href":"https:\/\/apotekar-online.rs\/hu\/wp-json\/wp\/v2\/media\/3425"}],"wp:attachment":[{"href":"https:\/\/apotekar-online.rs\/hu\/wp-json\/wp\/v2\/media?parent=3424"}],"wp:term":[{"taxonomy":"product_brand","embeddable":true,"href":"https:\/\/apotekar-online.rs\/hu\/wp-json\/wp\/v2\/product_brand?post=3424"},{"taxonomy":"product_cat","embeddable":true,"href":"https:\/\/apotekar-online.rs\/hu\/wp-json\/wp\/v2\/product_cat?post=3424"},{"taxonomy":"product_tag","embeddable":true,"href":"https:\/\/apotekar-online.rs\/hu\/wp-json\/wp\/v2\/product_tag?post=3424"}],"curies":[{"name":"wp","href":"https:\/\/api.w.org\/{rel}","templated":true}]}}