{"id":3487,"date":"2023-07-20T07:22:51","date_gmt":"2023-07-20T09:22:51","guid":{"rendered":"https:\/\/apotekar-online.rs\/?post_type=product&#038;p=3487"},"modified":"2026-03-05T08:15:54","modified_gmt":"2026-03-05T10:15:54","slug":"dove-nutritive-solutions-pro-age-sampon-400ml","status":"publish","type":"product","link":"https:\/\/apotekar-online.rs\/hu\/p\/dove-nutritive-solutions-pro-age-sampon-400ml\/","title":{"rendered":"Dove t\u00e1pl\u00e1lkoz\u00e1si megold\u00e1sok PRO-AGE sampon 400ml"},"content":{"rendered":"","protected":false},"excerpt":{"rendered":"<p>\u0160ampon za ja\u010danje protiv starenja kose za \u017eene 400 ml<\/p>\n<p><strong>Dove Nutritive Solutions Pro-age Shampoo\u00a0<\/strong>\u0161ampon protiv starenja sadr\u017ei posebnu formulu MicroMousture Seruma &#x2122; koja ja\u010da, obnavlja i vra\u0107a zdrav izgled i mladolik izgled. \u0160ampon \u010disti i njeguje tanku i lomljivu kosu. Revitalizira vlakna kose i ja\u010da retku kosu. Duboko hidratizira.<\/p>\n<p><strong>Jegyzet:<\/strong>\u00a0Arra t\u00f6reksz\u00fcnk, hogy minden term\u00e9k le\u00edr\u00e1s\u00e1n\u00e1l a lehet\u0151 legpontosabbak legy\u00fcnk, de nem tudjuk garant\u00e1lni, hogy minden le\u00edr\u00e1s teljes \u00e9s hibamentes. K\u00f6sz\u00f6n\u00f6m a meg\u00e9rt\u00e9st.<br \/>\nAz oldalon felt\u00fcntetett \u00f6sszes elem k\u00edn\u00e1latunk r\u00e9sz\u00e9t k\u00e9pezi, de ez nem jelenti azt, hogy mindenkor el\u00e9rhet\u0151.<\/p>","protected":false},"featured_media":3488,"template":"","meta":[],"product_brand":[],"product_cat":[547,147],"product_tag":[812,811],"class_list":{"0":"post-3487","1":"product","2":"type-product","3":"status-publish","4":"has-post-thumbnail","6":"product_cat-kozmetika-i-nega-za-odrasle","7":"product_cat-samponi-za-negu-kose","8":"product_tag-pro-age","9":"product_tag-sampon","10":"pa_brend-dove","12":"first","13":"instock","14":"shipping-taxable","15":"purchasable","16":"product-type-simple"},"ams_default_variation_id":0,"ams_product_points_reward":[],"ams_product_discount_percentage":0,"ams_price_to_display":360,"ams_acf":[],"jetpack_sharing_enabled":true,"_links":{"self":[{"href":"https:\/\/apotekar-online.rs\/hu\/wp-json\/wp\/v2\/product\/3487","targetHints":{"allow":["GET"]}}],"collection":[{"href":"https:\/\/apotekar-online.rs\/hu\/wp-json\/wp\/v2\/product"}],"about":[{"href":"https:\/\/apotekar-online.rs\/hu\/wp-json\/wp\/v2\/types\/product"}],"wp:featuredmedia":[{"embeddable":true,"href":"https:\/\/apotekar-online.rs\/hu\/wp-json\/wp\/v2\/media\/3488"}],"wp:attachment":[{"href":"https:\/\/apotekar-online.rs\/hu\/wp-json\/wp\/v2\/media?parent=3487"}],"wp:term":[{"taxonomy":"product_brand","embeddable":true,"href":"https:\/\/apotekar-online.rs\/hu\/wp-json\/wp\/v2\/product_brand?post=3487"},{"taxonomy":"product_cat","embeddable":true,"href":"https:\/\/apotekar-online.rs\/hu\/wp-json\/wp\/v2\/product_cat?post=3487"},{"taxonomy":"product_tag","embeddable":true,"href":"https:\/\/apotekar-online.rs\/hu\/wp-json\/wp\/v2\/product_tag?post=3487"}],"curies":[{"name":"wp","href":"https:\/\/api.w.org\/{rel}","templated":true}]}}