{"id":3530,"date":"2023-07-21T08:36:47","date_gmt":"2023-07-21T10:36:47","guid":{"rendered":"https:\/\/apotekar-online.rs\/?post_type=product&#038;p=3530"},"modified":"2026-03-05T08:15:10","modified_gmt":"2026-03-05T10:15:10","slug":"la-rive-frozen-szett-lanyoknak-edp-tusfurdo","status":"publish","type":"product","link":"https:\/\/apotekar-online.rs\/hu\/p\/la-rive-frozen-set-za-devojcice-edp-shower-gel\/","title":{"rendered":"La rive - Fagyasztott szett l\u00e1nyoknak (edp + tusf\u00fcrd\u0151)"},"content":{"rendered":"","protected":false},"excerpt":{"rendered":"<p>A parf\u00fcm illata minden l\u00e1nyt elvar\u00e1zsol gy\u00fcm\u00f6lcs\u00f6s vir\u00e1gillat\u00e1val. A kompoz\u00edci\u00f3 fejjegyei \u0151szibarack, \u00e1fonya, fr\u00e9zia, piros alma \u00e9s narancsvir\u00e1g, friss \u00e9s egzotikus \u00edzzel. Az illat k\u00f6z\u00e9ppontj\u00e1ban a szilva, a gy\u00f6ngyvir\u00e1g, az ilang-ilang, a j\u00e1zmin \u00e9s a tuber\u00f3zsa \u00e1ll, amelyek gyeng\u00e9ds\u00e9ggel t\u00f6ltik meg a parf\u00fcm\u00f6t. Az alapban a szant\u00e1lfa, a feh\u00e9r p\u00e9zsma \u00e9s a t\u00f6lgymoha jegyei vannak, amelyek friss\u00edt\u0151 hat\u00e1ssal b\u00edrnak. A parf\u00fcm\u00f6s \u00fcveg modern diz\u00e1jnnal rendelkezik, vir\u00e1g alak\u00fa kupakkal, amely leny\u0171g\u00f6zi \u00d6nt.<\/p>\n<p>\u00d6sszet\u00e9tel: Edp: alkohol Denat, Parfum, Aqua, Diethylhexyl Syringylidenemalonate, Caprylic\/Capric Trigtyceride, Hydroxylsohexyl 3-Cyclohexene Carboxaldehid, Amil Cinnamal, Hexyt Cinnamal, Alpha-Isomethyl Benzoholate, CibelloBenz Alloncoholate, Benzyl Benzolont l, Limonene , Geraniol, Isoeugenol, Linalool, Butylphenyl Methylpropional, Cl 14720, Cl 60730. F\u00fcrd\u0151zsel\u00e9 \u00e9s sampon 2 az 1-ben: AQUA, SODIUM LAURETH SULFATE, SODIUM CLORIDE, COCAMIDOPROPYL GELECERIATE, GRICOEGRICERCILINE, GREMIDOPROPYL-GERICERELIN, C SAV, N\u00c1TRIUM BENZO\u00c1T, K\u00c1LIUMSZORB\u00c1T, CI 17200, CI 42090.<\/p>\n<p><strong>Jegyzet:<\/strong>\u00a0Arra t\u00f6reksz\u00fcnk, hogy minden term\u00e9k le\u00edr\u00e1s\u00e1n\u00e1l a lehet\u0151 legpontosabbak legy\u00fcnk, de nem tudjuk garant\u00e1lni, hogy minden le\u00edr\u00e1s teljes \u00e9s hibamentes. K\u00f6sz\u00f6n\u00f6m a meg\u00e9rt\u00e9st.<br \/>\nAz oldalon felt\u00fcntetett \u00f6sszes elem k\u00edn\u00e1latunk r\u00e9sz\u00e9t k\u00e9pezi, de ez nem jelenti azt, hogy mindenkor el\u00e9rhet\u0151.<\/p>","protected":false},"featured_media":3531,"template":"","meta":[],"product_brand":[],"product_cat":[224,340],"product_tag":[841,842,840,843],"class_list":{"0":"post-3530","1":"product","2":"type-product","3":"status-publish","4":"has-post-thumbnail","6":"product_cat-kozmetika-za-decu","7":"product_cat-deciji-program","8":"product_tag-frozen","9":"product_tag-kupka","10":"product_tag-parfem","11":"product_tag-set","12":"pa_brend-la-rive","14":"first","15":"instock","16":"shipping-taxable","17":"purchasable","18":"product-type-simple"},"ams_default_variation_id":0,"ams_product_points_reward":[],"ams_product_discount_percentage":0,"ams_price_to_display":1380,"ams_acf":[],"jetpack_sharing_enabled":true,"_links":{"self":[{"href":"https:\/\/apotekar-online.rs\/hu\/wp-json\/wp\/v2\/product\/3530","targetHints":{"allow":["GET"]}}],"collection":[{"href":"https:\/\/apotekar-online.rs\/hu\/wp-json\/wp\/v2\/product"}],"about":[{"href":"https:\/\/apotekar-online.rs\/hu\/wp-json\/wp\/v2\/types\/product"}],"wp:featuredmedia":[{"embeddable":true,"href":"https:\/\/apotekar-online.rs\/hu\/wp-json\/wp\/v2\/media\/3531"}],"wp:attachment":[{"href":"https:\/\/apotekar-online.rs\/hu\/wp-json\/wp\/v2\/media?parent=3530"}],"wp:term":[{"taxonomy":"product_brand","embeddable":true,"href":"https:\/\/apotekar-online.rs\/hu\/wp-json\/wp\/v2\/product_brand?post=3530"},{"taxonomy":"product_cat","embeddable":true,"href":"https:\/\/apotekar-online.rs\/hu\/wp-json\/wp\/v2\/product_cat?post=3530"},{"taxonomy":"product_tag","embeddable":true,"href":"https:\/\/apotekar-online.rs\/hu\/wp-json\/wp\/v2\/product_tag?post=3530"}],"curies":[{"name":"wp","href":"https:\/\/api.w.org\/{rel}","templated":true}]}}