{"id":3532,"date":"2023-07-21T08:54:05","date_gmt":"2023-07-21T10:54:05","guid":{"rendered":"https:\/\/apotekar-online.rs\/?post_type=product&#038;p=3532"},"modified":"2026-03-05T08:15:10","modified_gmt":"2026-03-05T10:15:10","slug":"la-rive-orult-szerelem-spray-testre-es-hajra-200-ml","status":"publish","type":"product","link":"https:\/\/apotekar-online.rs\/hu\/p\/la-rive-crazy-in-love-sprej-za-telo-i-kosu-200ml\/","title":{"rendered":"La rive - Crazy in Love test- \u00e9s hajlakk 200 ml"},"content":{"rendered":"","protected":false},"excerpt":{"rendered":"<p>E-vitamin \u00e9s B5 provitamin hozz\u00e1ad\u00e1s\u00e1val. T\u00e1pl\u00e1lja a testet \u00e9s a hajat, hidrat\u00e1lja azt. B\u0151rgy\u00f3gy\u00e1szatilag tesztelt. A term\u00e9k k\u00fcls\u0151 haszn\u00e1latra k\u00e9sz\u00fclt. Alkalmas veg\u00e1nok sz\u00e1m\u00e1ra.<\/p>\n<p>Az illatjegy a k\u00f6vetkez\u0151kb\u0151l \u00e1ll:<br \/>\n\u2013 citrom, mandulavir\u00e1g<br \/>\n\u2013 cseresznyevir\u00e1g, magn\u00f3lia, ibolya<br \/>\n\u2013 szant\u00e1lfa, feh\u00e9r borosty\u00e1n, p\u00e9zsma<\/p>\n<p>Haszn\u00e1lata: Vigye fel a hajra \u00e9s a testre 20 cm t\u00e1vols\u00e1gb\u00f3l.<\/p>\n<p>Figyelmeztet\u00e9sek: Ker\u00fclje a szembe jut\u00e1st. Ne haszn\u00e1lja az arcon. Tartsa t\u00e1vol gyermekekt\u0151l. Gy\u00fal\u00e9kony!<\/p>\n<p><strong>Jegyzet:<\/strong>\u00a0Arra t\u00f6reksz\u00fcnk, hogy minden term\u00e9k le\u00edr\u00e1s\u00e1n\u00e1l a lehet\u0151 legpontosabbak legy\u00fcnk, de nem tudjuk garant\u00e1lni, hogy minden le\u00edr\u00e1s teljes \u00e9s hibamentes. K\u00f6sz\u00f6n\u00f6m a meg\u00e9rt\u00e9st.<br \/>\nAz oldalon felt\u00fcntetett \u00f6sszes elem k\u00edn\u00e1latunk r\u00e9sz\u00e9t k\u00e9pezi, de ez nem jelenti azt, hogy mindenkor el\u00e9rhet\u0151.<\/p>","protected":false},"featured_media":3533,"template":"","meta":[],"product_brand":[],"product_cat":[177,547],"product_tag":[829,844],"class_list":{"0":"post-3532","1":"product","2":"type-product","3":"status-publish","4":"has-post-thumbnail","6":"product_cat-nega-tela","7":"product_cat-kozmetika-i-nega-za-odrasle","8":"product_tag-sprej-za-kosu","9":"product_tag-sprej-za-telo","10":"pa_brend-la-rive","12":"first","13":"instock","14":"shipping-taxable","15":"purchasable","16":"product-type-simple"},"ams_default_variation_id":0,"ams_product_points_reward":[],"ams_product_discount_percentage":0,"ams_price_to_display":435,"ams_acf":[],"jetpack_sharing_enabled":true,"_links":{"self":[{"href":"https:\/\/apotekar-online.rs\/hu\/wp-json\/wp\/v2\/product\/3532","targetHints":{"allow":["GET"]}}],"collection":[{"href":"https:\/\/apotekar-online.rs\/hu\/wp-json\/wp\/v2\/product"}],"about":[{"href":"https:\/\/apotekar-online.rs\/hu\/wp-json\/wp\/v2\/types\/product"}],"wp:featuredmedia":[{"embeddable":true,"href":"https:\/\/apotekar-online.rs\/hu\/wp-json\/wp\/v2\/media\/3533"}],"wp:attachment":[{"href":"https:\/\/apotekar-online.rs\/hu\/wp-json\/wp\/v2\/media?parent=3532"}],"wp:term":[{"taxonomy":"product_brand","embeddable":true,"href":"https:\/\/apotekar-online.rs\/hu\/wp-json\/wp\/v2\/product_brand?post=3532"},{"taxonomy":"product_cat","embeddable":true,"href":"https:\/\/apotekar-online.rs\/hu\/wp-json\/wp\/v2\/product_cat?post=3532"},{"taxonomy":"product_tag","embeddable":true,"href":"https:\/\/apotekar-online.rs\/hu\/wp-json\/wp\/v2\/product_tag?post=3532"}],"curies":[{"name":"wp","href":"https:\/\/api.w.org\/{rel}","templated":true}]}}