{"id":3568,"date":"2023-07-24T08:51:19","date_gmt":"2023-07-24T10:51:19","guid":{"rendered":"https:\/\/apotekar-online.rs\/?post_type=product&#038;p=3568"},"modified":"2026-03-05T08:15:09","modified_gmt":"2026-03-05T10:15:09","slug":"afrodita-sampon-haj-es-test-argan-1000ml","status":"publish","type":"product","link":"https:\/\/apotekar-online.rs\/hu\/p\/afrodita-sampon-za-kosu-i-telo-argan-1000ml\/","title":{"rendered":"Afrodita sampon hajra \u00e9s testre Argan 1000ml"},"content":{"rendered":"","protected":false},"excerpt":{"rendered":"<p>A Formula 100% bio arg\u00e1nolaj gyeng\u00e9den t\u00e1pl\u00e1lja \u00e9s puh\u00e1v\u00e1 var\u00e1zsolja a b\u0151rt, valamint a t\u00f6v\u00e9t\u0151l a hajv\u00e9gekig regener\u00e1lja a hajat.<\/p>\n<ul>\n<li>\u00a0\u00a0\u00a0 2 az 1-ben<\/li>\n<li>\u00a0 \u00a0 szilikon n\u00e9lk\u00fcl<\/li>\n<li>\u00a0\u00a0\u00a0 VEG\u00c1N<\/li>\n<\/ul>\n<p><strong>Fogalmaz\u00e1s:\u00a0<\/strong>Aqua, n\u00e1trium-laureth-szulf\u00e1t, n\u00e1trium-klorid, kokamidopropil-betain, k\u00f3kusz-gl\u00fckozid, parf\u00fcm, argania spinosa magolaj, PEG-40 hidrog\u00e9nezett ricinusolaj, citromsav, n\u00e1trium-szulf\u00e1t, metil-izotiazolinon, metil-kl\u00f3rizotiazolinon, metil-izotiazolinon, 40,147, CI20, 14, 20, 14, 14, 15<\/p>\n<p><strong>Jegyzet:<\/strong>\u00a0Arra t\u00f6reksz\u00fcnk, hogy minden term\u00e9k le\u00edr\u00e1s\u00e1n\u00e1l a lehet\u0151 legpontosabbak legy\u00fcnk, de nem tudjuk garant\u00e1lni, hogy minden le\u00edr\u00e1s teljes \u00e9s hibamentes. K\u00f6sz\u00f6n\u00f6m a meg\u00e9rt\u00e9st.<br \/>\nAz oldalon felt\u00fcntetett \u00f6sszes elem k\u00edn\u00e1latunk r\u00e9sz\u00e9t k\u00e9pezi, de ez nem jelenti azt, hogy mindenkor el\u00e9rhet\u0151.<\/p>","protected":false},"featured_media":3569,"template":"","meta":[],"product_brand":[],"product_cat":[547,147,1073],"product_tag":[863,862,864],"class_list":{"0":"post-3568","1":"product","2":"type-product","3":"status-publish","4":"has-post-thumbnail","6":"product_cat-kozmetika-i-nega-za-odrasle","7":"product_cat-samponi-za-negu-kose","8":"product_cat-samponi","9":"product_tag-argan","10":"product_tag-bez-silikona","11":"product_tag-sampon-i-kupka","12":"pa_brend-afrodita","14":"first","15":"instock","16":"shipping-taxable","17":"purchasable","18":"product-type-simple"},"ams_default_variation_id":0,"ams_product_points_reward":[],"ams_product_discount_percentage":0,"ams_price_to_display":480,"ams_acf":[],"jetpack_sharing_enabled":true,"_links":{"self":[{"href":"https:\/\/apotekar-online.rs\/hu\/wp-json\/wp\/v2\/product\/3568","targetHints":{"allow":["GET"]}}],"collection":[{"href":"https:\/\/apotekar-online.rs\/hu\/wp-json\/wp\/v2\/product"}],"about":[{"href":"https:\/\/apotekar-online.rs\/hu\/wp-json\/wp\/v2\/types\/product"}],"wp:featuredmedia":[{"embeddable":true,"href":"https:\/\/apotekar-online.rs\/hu\/wp-json\/wp\/v2\/media\/3569"}],"wp:attachment":[{"href":"https:\/\/apotekar-online.rs\/hu\/wp-json\/wp\/v2\/media?parent=3568"}],"wp:term":[{"taxonomy":"product_brand","embeddable":true,"href":"https:\/\/apotekar-online.rs\/hu\/wp-json\/wp\/v2\/product_brand?post=3568"},{"taxonomy":"product_cat","embeddable":true,"href":"https:\/\/apotekar-online.rs\/hu\/wp-json\/wp\/v2\/product_cat?post=3568"},{"taxonomy":"product_tag","embeddable":true,"href":"https:\/\/apotekar-online.rs\/hu\/wp-json\/wp\/v2\/product_tag?post=3568"}],"curies":[{"name":"wp","href":"https:\/\/api.w.org\/{rel}","templated":true}]}}