{"id":3572,"date":"2023-07-24T09:09:41","date_gmt":"2023-07-24T11:09:41","guid":{"rendered":"https:\/\/apotekar-online.rs\/?post_type=product&#038;p=3572"},"modified":"2026-03-05T08:15:09","modified_gmt":"2026-03-05T10:15:09","slug":"afrodita-sampon-za-kosu-i-telo-aloe-vera-1000ml","status":"publish","type":"product","link":"https:\/\/apotekar-online.rs\/hu\/p\/afrodita-sampon-za-kosu-i-telo-aloe-vera-1000ml\/","title":{"rendered":"Afrodita sampon hajra \u00e9s testre ALOE VERA 1000ml"},"content":{"rendered":"","protected":false},"excerpt":{"rendered":"<p>Osve\u017eavaju\u0107i \u0161ampon za kosu i telo ALOE VERA 2 u 1. Koncentrovani sok aloe vere i eteri\u010dno ulje mente za nenadma\u0161nu sve\u017einu i negu \u00a0ko\u017ee i kose. Deluje hidratantno i revitalizuju\u0107e. Aktivira \u010dula i pru\u017ea novu energiju za telo i duh. Optimalna pH vrednost. O %\u00a0 silikona. VEGAN. SVE\u017dINA NADAHNUTA PRIRODOM!<\/p>\n<p><strong>Fogalmaz\u00e1s:<\/strong>Aqua, Sodium Laureth Sulfate, Sodium Chloride, Cocamidopropyl Betaine, Parfum,Coco-Glucoside, Cocamide DEA, Aloe Barbadensis Leaf Juice,\u00a0 Mentha Arvensis Leaf Oil, Glycol Distearate,\u00a0 Cocamide MEA,\u00a0 Laureth-10, Potassium Sorbate, Sodium Benzoate,\u00a0 Sodium Sulfite, Sodium Sulfate,\u00a0 Citric Acid, Methylchloroisothiazolinone, Methylisothiazolinone, Hexyl Cinnamal, CI 42051, CI 19140.<\/p>\n<p><strong>Jegyzet:<\/strong>\u00a0Arra t\u00f6reksz\u00fcnk, hogy minden term\u00e9k le\u00edr\u00e1s\u00e1n\u00e1l a lehet\u0151 legpontosabbak legy\u00fcnk, de nem tudjuk garant\u00e1lni, hogy minden le\u00edr\u00e1s teljes \u00e9s hibamentes. K\u00f6sz\u00f6n\u00f6m a meg\u00e9rt\u00e9st.<br \/>\nAz oldalon felt\u00fcntetett \u00f6sszes elem k\u00edn\u00e1latunk r\u00e9sz\u00e9t k\u00e9pezi, de ez nem jelenti azt, hogy mindenkor el\u00e9rhet\u0151.<\/p>\n<p>&nbsp;<\/p>","protected":false},"featured_media":3573,"template":"","meta":[],"product_brand":[],"product_cat":[147,547,1073],"product_tag":[816,862,866,444,867],"class_list":{"0":"post-3572","1":"product","2":"type-product","3":"status-publish","4":"has-post-thumbnail","6":"product_cat-samponi-za-negu-kose","7":"product_cat-kozmetika-i-nega-za-odrasle","8":"product_cat-samponi","9":"product_tag-aloe-vera","10":"product_tag-bez-silikona","11":"product_tag-hidratantna","12":"product_tag-kupke-i-samponi","13":"product_tag-osvezava","14":"pa_brend-afrodita","16":"first","17":"instock","18":"shipping-taxable","19":"purchasable","20":"product-type-simple"},"ams_default_variation_id":0,"ams_product_points_reward":[],"ams_product_discount_percentage":0,"ams_price_to_display":460.8,"ams_acf":[],"jetpack_sharing_enabled":true,"_links":{"self":[{"href":"https:\/\/apotekar-online.rs\/hu\/wp-json\/wp\/v2\/product\/3572","targetHints":{"allow":["GET"]}}],"collection":[{"href":"https:\/\/apotekar-online.rs\/hu\/wp-json\/wp\/v2\/product"}],"about":[{"href":"https:\/\/apotekar-online.rs\/hu\/wp-json\/wp\/v2\/types\/product"}],"wp:featuredmedia":[{"embeddable":true,"href":"https:\/\/apotekar-online.rs\/hu\/wp-json\/wp\/v2\/media\/3573"}],"wp:attachment":[{"href":"https:\/\/apotekar-online.rs\/hu\/wp-json\/wp\/v2\/media?parent=3572"}],"wp:term":[{"taxonomy":"product_brand","embeddable":true,"href":"https:\/\/apotekar-online.rs\/hu\/wp-json\/wp\/v2\/product_brand?post=3572"},{"taxonomy":"product_cat","embeddable":true,"href":"https:\/\/apotekar-online.rs\/hu\/wp-json\/wp\/v2\/product_cat?post=3572"},{"taxonomy":"product_tag","embeddable":true,"href":"https:\/\/apotekar-online.rs\/hu\/wp-json\/wp\/v2\/product_tag?post=3572"}],"curies":[{"name":"wp","href":"https:\/\/api.w.org\/{rel}","templated":true}]}}