{"id":3574,"date":"2023-07-24T09:15:02","date_gmt":"2023-07-24T11:15:02","guid":{"rendered":"https:\/\/apotekar-online.rs\/?post_type=product&#038;p=3574"},"modified":"2026-03-05T08:15:09","modified_gmt":"2026-03-05T10:15:09","slug":"aphrodite-sampon-haj-es-test-hyaluron-1000-ml","status":"publish","type":"product","link":"https:\/\/apotekar-online.rs\/hu\/p\/afrodita-sampon-za-kosu-i-telo-hyaluron-1000ml\/","title":{"rendered":"Afrodita sampon hajra \u00e9s testre HYALURON 1000ml"},"content":{"rendered":"","protected":false},"excerpt":{"rendered":"<p>Hidrat\u00e1l\u00f3 sampon hajra \u00e9s testre HYALURON 2in1. A szabadalmaztatott hialuronsav, 100 % term\u00e9szetes eredet\u0171, hidrat\u00e1lja a hajat \u00e9s a fejb\u0151rt, valamint j\u00f3t\u00e9konyan t\u00e1pl\u00e1lja a test b\u0151r\u00e9t. Megakad\u00e1lyozza a b\u0151r \u00e9s a haj kisz\u00e1rad\u00e1s\u00e1t, friss\u00edt\u0151 hat\u00e1s\u00fa. optim\u00e1lis pH-\u00e9rt\u00e9k. K\u00f6r\u00fclbel\u00fcl % szilikon. VEG\u00c1N. A TERM\u00c9SZET Ihlette FRISSS\u00c9G!<\/p>\n<p><strong>Fogalmaz\u00e1s: <\/strong>Aqua, n\u00e1trium-laureth-szulf\u00e1t, n\u00e1trium-klorid, kokamidopropil-betain, parf\u00fcm, k\u00f3kusz-gl\u00fckozid, PEG-40 hidrog\u00e9nezett ricinusolaj, n\u00e1trium-hialuron\u00e1t, citromsav, n\u00e1trium-szulf\u00e1t, oktokril\u00e9n, homoszal\u00e1t, butil-metoxidibenzoil-met\u00e1n, kl\u00f3r-metoxi-dibenzoilmet\u00e1n, helino-touzil, kl\u00f3r-met\u00e1n, , Metilizotiazolinon, CI 42051.<\/p>\n<p><strong>Jegyzet:<\/strong>\u00a0Arra t\u00f6reksz\u00fcnk, hogy minden term\u00e9k le\u00edr\u00e1s\u00e1n\u00e1l a lehet\u0151 legpontosabbak legy\u00fcnk, de nem tudjuk garant\u00e1lni, hogy minden le\u00edr\u00e1s teljes \u00e9s hibamentes. K\u00f6sz\u00f6n\u00f6m a meg\u00e9rt\u00e9st.<br \/>\nAz oldalon felt\u00fcntetett \u00f6sszes elem k\u00edn\u00e1latunk r\u00e9sz\u00e9t k\u00e9pezi, de ez nem jelenti azt, hogy mindenkor el\u00e9rhet\u0151.<\/p>\n<p>&nbsp;<\/p>","protected":false},"featured_media":3575,"template":"","meta":[],"product_brand":[],"product_cat":[547,177,147,1073],"product_tag":[869,868,444],"class_list":{"0":"post-3574","1":"product","2":"type-product","3":"status-publish","4":"has-post-thumbnail","6":"product_cat-kozmetika-i-nega-za-odrasle","7":"product_cat-nega-tela","8":"product_cat-samponi-za-negu-kose","9":"product_cat-samponi","10":"product_tag-hidrira","11":"product_tag-hyaluron","12":"product_tag-kupke-i-samponi","13":"pa_brend-afrodita","15":"first","16":"instock","17":"shipping-taxable","18":"purchasable","19":"product-type-simple"},"ams_default_variation_id":0,"ams_product_points_reward":[],"ams_product_discount_percentage":0,"ams_price_to_display":460.8,"ams_acf":[],"jetpack_sharing_enabled":true,"_links":{"self":[{"href":"https:\/\/apotekar-online.rs\/hu\/wp-json\/wp\/v2\/product\/3574","targetHints":{"allow":["GET"]}}],"collection":[{"href":"https:\/\/apotekar-online.rs\/hu\/wp-json\/wp\/v2\/product"}],"about":[{"href":"https:\/\/apotekar-online.rs\/hu\/wp-json\/wp\/v2\/types\/product"}],"wp:featuredmedia":[{"embeddable":true,"href":"https:\/\/apotekar-online.rs\/hu\/wp-json\/wp\/v2\/media\/3575"}],"wp:attachment":[{"href":"https:\/\/apotekar-online.rs\/hu\/wp-json\/wp\/v2\/media?parent=3574"}],"wp:term":[{"taxonomy":"product_brand","embeddable":true,"href":"https:\/\/apotekar-online.rs\/hu\/wp-json\/wp\/v2\/product_brand?post=3574"},{"taxonomy":"product_cat","embeddable":true,"href":"https:\/\/apotekar-online.rs\/hu\/wp-json\/wp\/v2\/product_cat?post=3574"},{"taxonomy":"product_tag","embeddable":true,"href":"https:\/\/apotekar-online.rs\/hu\/wp-json\/wp\/v2\/product_tag?post=3574"}],"curies":[{"name":"wp","href":"https:\/\/api.w.org\/{rel}","templated":true}]}}