{"id":3617,"date":"2023-07-26T10:02:18","date_gmt":"2023-07-26T12:02:18","guid":{"rendered":"https:\/\/apotekar-online.rs\/?post_type=product&#038;p=3617"},"modified":"2026-03-05T08:15:07","modified_gmt":"2026-03-05T10:15:07","slug":"fitoval-sampon-hajhullas-ellen-200-ml","status":"publish","type":"product","link":"https:\/\/apotekar-online.rs\/hu\/p\/fitoval-sampon-protiv-opadanja-kose-200-ml\/","title":{"rendered":"Fitoval sampon hajhull\u00e1s ellen 200 ml"},"content":{"rendered":"","protected":false},"excerpt":{"rendered":"<p>A Fitoval b\u0151rgy\u00f3gy\u00e1szati sampon hajhull\u00e1s ellen \u00e1tfog\u00f3 megk\u00f6zel\u00edt\u00e9st alkalmaz a t\u00falzott hajhull\u00e1sra hajlamos haj hat\u00e9kony \u00e1pol\u00e1s\u00e1ra. Ez az egyed\u00fcl\u00e1ll\u00f3 kombin\u00e1ci\u00f3 lehet\u0151v\u00e9 teszi a fejb\u0151r jobb kering\u00e9s\u00e9t \u00e9s t\u00e1pl\u00e1lja a hajgy\u00f6kereket. Er\u0151s\u00edti a haj gy\u00f6ker\u00e9t \u00e9s serkenti az \u00faj haj n\u00f6veked\u00e9s\u00e9t.<\/p>\n<h5>Adagol\u00e1s \u00e9s alkalmaz\u00e1s m\u00f3dja<\/h5>\n<p>Vigye fel a nedves hajra \u00e9s d\u00f6rzs\u00f6lje be a fejb\u0151rbe. Hagyja hatni h\u00e1rom percig, majd alaposan \u00f6bl\u00edtse le. Ha sz\u00fcks\u00e9ges, ism\u00e9telje meg az eg\u00e9sz elj\u00e1r\u00e1st. Haszn\u00e1lja a hull\u00e1sra hajlamos haj rendszeres mos\u00e1s\u00e1ra.<\/p>\n<h5>Fogalmaz\u00e1s<\/h5>\n<p>A Phytoval hajhull\u00e1s elleni sampon glikog\u00e9nt, b\u00fazapeptideket, rozmaring kivonatot \u00e9s \u00e1rnik\u00e1t tartalmaz, amelyek m\u00e9lyen behatolnak a haj felsz\u00edni r\u00e9teg\u00e9be, er\u0151s\u00edtik a hajsz\u00e1lakat \u00e9s serkentik az \u00faj n\u00f6veked\u00e9st.<\/p>\n<p><strong>Jegyzet:<\/strong>\u00a0Arra t\u00f6reksz\u00fcnk, hogy minden term\u00e9k le\u00edr\u00e1s\u00e1n\u00e1l a lehet\u0151 legpontosabbak legy\u00fcnk, de nem tudjuk garant\u00e1lni, hogy minden le\u00edr\u00e1s teljes \u00e9s hibamentes. K\u00f6sz\u00f6n\u00f6m a meg\u00e9rt\u00e9st.<br \/>\nAz oldalon felt\u00fcntetett \u00f6sszes elem k\u00edn\u00e1latunk r\u00e9sz\u00e9t k\u00e9pezi, de ez nem jelenti azt, hogy mindenkor el\u00e9rhet\u0151<\/p>","protected":false},"featured_media":3619,"template":"","meta":[],"product_brand":[],"product_cat":[547,147,1073],"product_tag":[896,606,808],"class_list":{"0":"post-3617","1":"product","2":"type-product","3":"status-publish","4":"has-post-thumbnail","6":"product_cat-kozmetika-i-nega-za-odrasle","7":"product_cat-samponi-za-negu-kose","8":"product_cat-samponi","9":"product_tag-povecava-volumen","10":"product_tag-protiv-opadanja-kose","11":"product_tag-sampon-za-kosu","12":"pa_brend-krka","14":"first","15":"instock","16":"shipping-taxable","17":"purchasable","18":"product-type-simple"},"ams_default_variation_id":0,"ams_product_points_reward":[],"ams_product_discount_percentage":0,"ams_price_to_display":960,"ams_acf":[],"jetpack_sharing_enabled":true,"_links":{"self":[{"href":"https:\/\/apotekar-online.rs\/hu\/wp-json\/wp\/v2\/product\/3617","targetHints":{"allow":["GET"]}}],"collection":[{"href":"https:\/\/apotekar-online.rs\/hu\/wp-json\/wp\/v2\/product"}],"about":[{"href":"https:\/\/apotekar-online.rs\/hu\/wp-json\/wp\/v2\/types\/product"}],"wp:featuredmedia":[{"embeddable":true,"href":"https:\/\/apotekar-online.rs\/hu\/wp-json\/wp\/v2\/media\/3619"}],"wp:attachment":[{"href":"https:\/\/apotekar-online.rs\/hu\/wp-json\/wp\/v2\/media?parent=3617"}],"wp:term":[{"taxonomy":"product_brand","embeddable":true,"href":"https:\/\/apotekar-online.rs\/hu\/wp-json\/wp\/v2\/product_brand?post=3617"},{"taxonomy":"product_cat","embeddable":true,"href":"https:\/\/apotekar-online.rs\/hu\/wp-json\/wp\/v2\/product_cat?post=3617"},{"taxonomy":"product_tag","embeddable":true,"href":"https:\/\/apotekar-online.rs\/hu\/wp-json\/wp\/v2\/product_tag?post=3617"}],"curies":[{"name":"wp","href":"https:\/\/api.w.org\/{rel}","templated":true}]}}