{"id":3620,"date":"2023-07-26T10:13:43","date_gmt":"2023-07-26T12:13:43","guid":{"rendered":"https:\/\/apotekar-online.rs\/?post_type=product&#038;p=3620"},"modified":"2026-03-05T08:15:07","modified_gmt":"2026-03-05T10:15:07","slug":"nerilex-sampon-hajhullas-ellen-200-ml","status":"publish","type":"product","link":"https:\/\/apotekar-online.rs\/hu\/p\/nerilex-sampon-protiv-opadanja-kose-200-ml\/","title":{"rendered":"Nerilex sampon hajhull\u00e1s ellen 200 ml"},"content":{"rendered":"","protected":false},"excerpt":{"rendered":"<p>Megakad\u00e1lyozza a hajhull\u00e1st. T\u00e1pl\u00e1lja \u00e9s t\u00e1pl\u00e1lja a haj gy\u00f6ker\u00e9t \u00e9s a fejb\u0151rt. Aktiv\u00e1lja a haj gy\u00f6ker\u00e9t \u00e9s serkenti annak n\u00f6veked\u00e9s\u00e9t. Megakad\u00e1lyozza a korp\u00e1sod\u00e1s kialakul\u00e1s\u00e1t. Elt\u00e1vol\u00edtja a felesleges zs\u00edrt a hajr\u00f3l \u00e9s a fejb\u0151rr\u0151l. Alaposan tiszt\u00edtja a fejb\u0151rt \u00e9s er\u0151s\u00edti a haj gy\u00f6kereit. Nem irrit\u00e1lja \u00e9s nem sz\u00e1r\u00edtja a hajat \u00e9s a fejb\u0151rt.<\/p>\n<p>A Nerilex sampon akt\u00edv mos\u00f3anyagokat tartalmaz, amelyek alaposan megtiszt\u00edtj\u00e1k a haj gy\u00f6ker\u00e9t \u00e9s a fejb\u0151rt, valamint olyan hat\u00f3anyagokat, amelyek \u00fajraaktiv\u00e1lj\u00e1k a haj gy\u00f6ker\u00e9t \u00e9s serkentik annak n\u00f6veked\u00e9s\u00e9t.<br \/>\nA reaktiv\u00e1l\u00f3 hat\u00e1s rendszeres haszn\u00e1lat mellett fokozatosan \u00e9rhet\u0151 el.<br \/>\nA Nerilex sampont kifejezetten \u00fagy alak\u00edtott\u00e1k ki, hogy hat\u00f3anyagaival j\u00f3t\u00e9kony hat\u00e1st fejtsen ki a korai hajhull\u00e1s \u00e9s hajritkul\u00e1s megel\u0151z\u00e9s\u00e9re.<\/p>\n<p>El\u0151mos\u00e1s:<br \/>\nNedves\u00edtse meg a haj\u00e1t langyos v\u00edzzel, \u00e9s alkalmazza a nerilex sampont<br \/>\nUjjbegyeivel massz\u00edrozza a hajat \u00e9s a fejb\u0151rt<br \/>\nJ\u00f3l \u00f6bl\u00edtse le a hajat.<\/p>\n<p>Nagymos\u00e1s:<br \/>\nVigye fel \u00fajra a NERILEX sampont, hozzon l\u00e9tre habot \u00e9s alaposan d\u00f6rzs\u00f6lje be<br \/>\nHagyja hatni a sampont 3-4 percig<br \/>\nMossa meg alaposan a hajat \u00e9s sz\u00e1r\u00edtsa meg<br \/>\nHa a sampon szembe ker\u00fcl, azonnal \u00f6bl\u00edtse ki v\u00edzzel.<\/p>\n<p>Hetente legal\u00e1bb h\u00e1romszor alkalmazza a NERILEX hajsampont. Haszn\u00e1lat el\u0151tt r\u00e1zza fel a samponos \u00fcveget.<\/p>\n<p><strong>Jegyzet:<\/strong>\u00a0Arra t\u00f6reksz\u00fcnk, hogy minden term\u00e9k le\u00edr\u00e1s\u00e1n\u00e1l a lehet\u0151 legpontosabbak legy\u00fcnk, de nem tudjuk garant\u00e1lni, hogy minden le\u00edr\u00e1s teljes \u00e9s hibamentes. K\u00f6sz\u00f6n\u00f6m a meg\u00e9rt\u00e9st.<br \/>\nAz oldalon felt\u00fcntetett \u00f6sszes elem k\u00edn\u00e1latunk r\u00e9sz\u00e9t k\u00e9pezi, de ez nem jelenti azt, hogy mindenkor el\u00e9rhet\u0151<\/p>","protected":false},"featured_media":3621,"template":"","meta":[],"product_brand":[],"product_cat":[547,147],"product_tag":[606,811,894],"class_list":{"0":"post-3620","1":"product","2":"type-product","3":"status-publish","4":"has-post-thumbnail","6":"product_cat-kozmetika-i-nega-za-odrasle","7":"product_cat-samponi-za-negu-kose","8":"product_tag-protiv-opadanja-kose","9":"product_tag-sampon","10":"product_tag-stimulise-rast-kose","11":"pa_brend-zdravlje-kozmetika","13":"first","14":"instock","15":"shipping-taxable","16":"purchasable","17":"product-type-simple"},"ams_default_variation_id":0,"ams_product_points_reward":[],"ams_product_discount_percentage":0,"ams_price_to_display":369.69,"ams_acf":[],"jetpack_sharing_enabled":true,"_links":{"self":[{"href":"https:\/\/apotekar-online.rs\/hu\/wp-json\/wp\/v2\/product\/3620","targetHints":{"allow":["GET"]}}],"collection":[{"href":"https:\/\/apotekar-online.rs\/hu\/wp-json\/wp\/v2\/product"}],"about":[{"href":"https:\/\/apotekar-online.rs\/hu\/wp-json\/wp\/v2\/types\/product"}],"wp:featuredmedia":[{"embeddable":true,"href":"https:\/\/apotekar-online.rs\/hu\/wp-json\/wp\/v2\/media\/3621"}],"wp:attachment":[{"href":"https:\/\/apotekar-online.rs\/hu\/wp-json\/wp\/v2\/media?parent=3620"}],"wp:term":[{"taxonomy":"product_brand","embeddable":true,"href":"https:\/\/apotekar-online.rs\/hu\/wp-json\/wp\/v2\/product_brand?post=3620"},{"taxonomy":"product_cat","embeddable":true,"href":"https:\/\/apotekar-online.rs\/hu\/wp-json\/wp\/v2\/product_cat?post=3620"},{"taxonomy":"product_tag","embeddable":true,"href":"https:\/\/apotekar-online.rs\/hu\/wp-json\/wp\/v2\/product_tag?post=3620"}],"curies":[{"name":"wp","href":"https:\/\/api.w.org\/{rel}","templated":true}]}}