{"id":3652,"date":"2023-07-27T08:53:35","date_gmt":"2023-07-27T10:53:35","guid":{"rendered":"https:\/\/apotekar-online.rs\/?post_type=product&#038;p=3652"},"modified":"2026-03-05T08:15:06","modified_gmt":"2026-03-05T10:15:06","slug":"veet-selymes-friss-szortelenito-krem-erzekeny-borre-100-ml","status":"publish","type":"product","link":"https:\/\/apotekar-online.rs\/hu\/p\/veet-silky-fresh-krema-za-depilaciju-osetljiva-koza-100-ml\/","title":{"rendered":"Veet selymes friss sz\u0151rtelen\u00edt\u0151 kr\u00e9m \u00e9rz\u00e9keny b\u0151rre, 100 ml"},"content":{"rendered":"","protected":false},"excerpt":{"rendered":"<ul class=\"cc ag dw\" data-designsystem=\"true\" data-dmid=\"dm-list\">\n<li class=\"u w ac kg hv\" data-dmid=\"dm-list-item\">\n<div class=\"d hy\">\n<div class=\"ea\">Sz\u0151rtelen\u00edt\u0151 kr\u00e9m<\/div>\n<\/div>\n<\/li>\n<li class=\"u w ac kg hv\" data-dmid=\"dm-list-item\">\n<div class=\"d hy\">\n<div class=\"ea\">\u00c9rz\u00e9keny b\u0151rre<\/div>\n<\/div>\n<\/li>\n<li class=\"u w ac kg hv\" data-dmid=\"dm-list-item\">\n<div class=\"d hy\">\n<div class=\"ea\">Aloe ver\u00e1t \u00e9s E-vitamint tartalmaz<\/div>\n<\/div>\n<\/li>\n<li class=\"u w ac kg hv\" data-dmid=\"dm-list-item\">\n<div class=\"d hy\">\n<div class=\"ea\">A b\u0151r ak\u00e1r egy h\u00e9tig sima<\/div>\n<\/div>\n<\/li>\n<li class=\"u w ac kg hv\" data-dmid=\"dm-list-item\">\n<div class=\"d hy\">\n<div class=\"ea\">Nyugtatj\u00e1k a b\u0151rt<\/div>\n<\/div>\n<\/li>\n<\/ul>\n<div class=\"_1c4kox72\" data-dmid=\"product-detail-item-accordion-content-text\">\n<p class=\"u w gl ac ag hn di\" data-designsystem=\"true\" data-dmid=\"dm-text\">A ny\u00e1r t\u00fal r\u00f6vid ahhoz, hogy mindennap leborotv\u00e1lja a l\u00e1b\u00e1t. Az \u00e9rz\u00e9keny b\u0151rre val\u00f3 Veet SILKY FRESH sz\u0151rtelen\u00edt\u0151 kr\u00e9mmel ezt a probl\u00e9m\u00e1t is megoldhatod. A kr\u00e9m a gy\u00f6kereken, m\u00e9g a r\u00f6vid sz\u0151rsz\u00e1lakon is hat, \u00e9s ak\u00e1r egy h\u00e9tig is sim\u00e1v\u00e1 var\u00e1zsolja a b\u0151rt. Nem borotv\u00e1lkozik, hanem elt\u00e1vol\u00edtja a sz\u0151rsz\u00e1lakat, \u00edgy tov\u00e1bb tart, am\u00edg visszan\u0151. A k\u00f6nny\u0171 formula aloe ver\u00e1t \u00e9s E-vitamint tartalmaz, amelyek megnyugtatj\u00e1k a b\u0151rt. A Veet SILKY FRESH sz\u0151rtelen\u00edt\u0151 kr\u00e9m ak\u00e1r 24 \u00f3r\u00e1n \u00e1t hidrat\u00e1lja a b\u0151rt, \u00e9s nem hagy kellemetlen szagot.<\/p>\n<p data-designsystem=\"true\" data-dmid=\"dm-text\"><strong>Jegyzet:<\/strong>\u00a0Arra t\u00f6reksz\u00fcnk, hogy minden term\u00e9k le\u00edr\u00e1s\u00e1n\u00e1l a lehet\u0151 legpontosabbak legy\u00fcnk, de nem tudjuk garant\u00e1lni, hogy minden le\u00edr\u00e1s teljes \u00e9s hibamentes. K\u00f6sz\u00f6n\u00f6m a meg\u00e9rt\u00e9st.<br \/>\nAz oldalon felt\u00fcntetett \u00f6sszes elem k\u00edn\u00e1latunk r\u00e9sz\u00e9t k\u00e9pezi, de ez nem jelenti azt, hogy mindenkor el\u00e9rhet\u0151.<\/p>\n<p data-designsystem=\"true\" data-dmid=\"dm-text\">\n<\/div>","protected":false},"featured_media":3653,"template":"","meta":[],"product_brand":[],"product_cat":[547,177],"product_tag":[905,917,910],"class_list":{"0":"post-3652","1":"product","2":"type-product","3":"status-publish","4":"has-post-thumbnail","6":"product_cat-kozmetika-i-nega-za-odrasle","7":"product_cat-nega-tela","8":"product_tag-depilacija","9":"product_tag-depilacija-tela","10":"product_tag-krema-za-depilaciju","11":"pa_brend-veet","13":"first","14":"instock","15":"shipping-taxable","16":"purchasable","17":"product-type-simple"},"ams_default_variation_id":0,"ams_product_points_reward":[],"ams_product_discount_percentage":0,"ams_price_to_display":380,"ams_acf":[],"jetpack_sharing_enabled":true,"_links":{"self":[{"href":"https:\/\/apotekar-online.rs\/hu\/wp-json\/wp\/v2\/product\/3652","targetHints":{"allow":["GET"]}}],"collection":[{"href":"https:\/\/apotekar-online.rs\/hu\/wp-json\/wp\/v2\/product"}],"about":[{"href":"https:\/\/apotekar-online.rs\/hu\/wp-json\/wp\/v2\/types\/product"}],"wp:featuredmedia":[{"embeddable":true,"href":"https:\/\/apotekar-online.rs\/hu\/wp-json\/wp\/v2\/media\/3653"}],"wp:attachment":[{"href":"https:\/\/apotekar-online.rs\/hu\/wp-json\/wp\/v2\/media?parent=3652"}],"wp:term":[{"taxonomy":"product_brand","embeddable":true,"href":"https:\/\/apotekar-online.rs\/hu\/wp-json\/wp\/v2\/product_brand?post=3652"},{"taxonomy":"product_cat","embeddable":true,"href":"https:\/\/apotekar-online.rs\/hu\/wp-json\/wp\/v2\/product_cat?post=3652"},{"taxonomy":"product_tag","embeddable":true,"href":"https:\/\/apotekar-online.rs\/hu\/wp-json\/wp\/v2\/product_tag?post=3652"}],"curies":[{"name":"wp","href":"https:\/\/api.w.org\/{rel}","templated":true}]}}