{"id":3666,"date":"2023-07-27T09:42:39","date_gmt":"2023-07-27T11:42:39","guid":{"rendered":"https:\/\/apotekar-online.rs\/?post_type=product&#038;p=3666"},"modified":"2026-03-05T08:15:05","modified_gmt":"2026-03-05T10:15:05","slug":"papirne-trake-za-depilaciju-100kom","status":"publish","type":"product","link":"https:\/\/apotekar-online.rs\/hu\/p\/papirne-trake-za-depilaciju-100kom\/","title":{"rendered":"Pap\u00edrcs\u00edkok sz\u0151rtelen\u00edt\u00e9shez 100 db"},"content":{"rendered":"","protected":false},"excerpt":{"rendered":"<p>Trake za depilaciju, dovoljno debele da se ne cepaju pri depilaciji. U pakovanju 100 komada.Trake za depilaciju velike \u010dvrstine sa izuzetnom mo\u0107i upijanja voska. Proizvedene od visokokvalitetnih materijala. Trake su\u00a0<strong>jake i izdr\u017eljive<\/strong> i mogu se koristiti sa razli\u010ditim vrstama voska.\u00a0Trake su se\u010dene \u0161to olak\u0161ava kori\u0161\u0107enje za depilaciju bilo kog dela lica i tela.<\/p>\n<p><strong>Jegyzet:<\/strong>\u00a0Arra t\u00f6reksz\u00fcnk, hogy minden term\u00e9k le\u00edr\u00e1s\u00e1n\u00e1l a lehet\u0151 legpontosabbak legy\u00fcnk, de nem tudjuk garant\u00e1lni, hogy minden le\u00edr\u00e1s teljes \u00e9s hibamentes. K\u00f6sz\u00f6n\u00f6m a meg\u00e9rt\u00e9st.<br \/>\nAz oldalon felt\u00fcntetett \u00f6sszes elem k\u00edn\u00e1latunk r\u00e9sz\u00e9t k\u00e9pezi, de ez nem jelenti azt, hogy mindenkor el\u00e9rhet\u0151.<\/p>","protected":false},"featured_media":3667,"template":"","meta":[],"product_brand":[],"product_cat":[547,178,177],"product_tag":[905,922],"class_list":{"0":"post-3666","1":"product","2":"type-product","3":"status-publish","4":"has-post-thumbnail","6":"product_cat-kozmetika-i-nega-za-odrasle","7":"product_cat-nega-lica","8":"product_cat-nega-tela","9":"product_tag-depilacija","10":"product_tag-papirne-trake","12":"first","13":"instock","14":"shipping-taxable","15":"purchasable","16":"product-type-simple"},"ams_default_variation_id":0,"ams_product_points_reward":[],"ams_product_discount_percentage":0,"ams_price_to_display":590,"ams_acf":[],"jetpack_sharing_enabled":true,"_links":{"self":[{"href":"https:\/\/apotekar-online.rs\/hu\/wp-json\/wp\/v2\/product\/3666","targetHints":{"allow":["GET"]}}],"collection":[{"href":"https:\/\/apotekar-online.rs\/hu\/wp-json\/wp\/v2\/product"}],"about":[{"href":"https:\/\/apotekar-online.rs\/hu\/wp-json\/wp\/v2\/types\/product"}],"wp:featuredmedia":[{"embeddable":true,"href":"https:\/\/apotekar-online.rs\/hu\/wp-json\/wp\/v2\/media\/3667"}],"wp:attachment":[{"href":"https:\/\/apotekar-online.rs\/hu\/wp-json\/wp\/v2\/media?parent=3666"}],"wp:term":[{"taxonomy":"product_brand","embeddable":true,"href":"https:\/\/apotekar-online.rs\/hu\/wp-json\/wp\/v2\/product_brand?post=3666"},{"taxonomy":"product_cat","embeddable":true,"href":"https:\/\/apotekar-online.rs\/hu\/wp-json\/wp\/v2\/product_cat?post=3666"},{"taxonomy":"product_tag","embeddable":true,"href":"https:\/\/apotekar-online.rs\/hu\/wp-json\/wp\/v2\/product_tag?post=3666"}],"curies":[{"name":"wp","href":"https:\/\/api.w.org\/{rel}","templated":true}]}}