{"id":3676,"date":"2023-07-28T07:22:49","date_gmt":"2023-07-28T09:22:49","guid":{"rendered":"https:\/\/apotekar-online.rs\/?post_type=product&#038;p=3676"},"modified":"2026-03-05T08:15:05","modified_gmt":"2026-03-05T10:15:05","slug":"hansaplast-silver-active-spray-labas-150-ml","status":"publish","type":"product","link":"https:\/\/apotekar-online.rs\/hu\/p\/hansaplast-silver-active-sprej-za-stopala-150-ml\/","title":{"rendered":"Hansaplast ez\u00fcst akt\u00edv l\u00e1bspray, 150 ml"},"content":{"rendered":"","protected":false},"excerpt":{"rendered":"<ul class=\"cc ag ey\" data-designsystem=\"true\" data-dmid=\"dm-list\">\n<li class=\"u w ac nh kz\" data-dmid=\"dm-list-item\">\n<div class=\"d lc\">\n<div class=\"gc\">Megb\u00edzhat\u00f3an v\u00e9d az izzad\u00e1s \u00e9s a kellemetlen l\u00e1bszagok ellen<\/div>\n<\/div>\n<\/li>\n<li class=\"u w ac nh kz\" data-dmid=\"dm-list-item\">\n<div class=\"d lc\">\n<div class=\"gc\">Megakad\u00e1lyozza a l\u00e1bgomba megjelen\u00e9s\u00e9t<\/div>\n<\/div>\n<\/li>\n<li class=\"u w ac nh kz\" data-dmid=\"dm-list-item\">\n<div class=\"d lc\">\n<div class=\"gc\">Ez\u00fcstionokat tartalmaz\u00f3 komplexum az antibakteri\u00e1lis hat\u00e1s \u00e9rdek\u00e9ben<\/div>\n<\/div>\n<\/li>\n<li class=\"u w ac nh kz\" data-dmid=\"dm-list-item\">\n<div class=\"d lc\">\n<div class=\"gc\">Enyhe formula<\/div>\n<\/div>\n<\/li>\n<\/ul>\n<div class=\"_1c4kox72\" data-dmid=\"product-detail-item-accordion-content-text\">\n<p class=\"u w ep ac ag kn di\" data-designsystem=\"true\" data-dmid=\"dm-text\">A Hansaplast ez\u00fcst akt\u00edv spray l\u00e1bra ak\u00e1r 72 \u00f3r\u00e1s v\u00e9delmet ny\u00fajt a kellemetlen szagok kialakul\u00e1sa ellen, \u00e9s megb\u00edzhat\u00f3an v\u00e9d a l\u00e1bak izzad\u00e1sa ellen. Az ez\u00fcstionokat tartalmaz\u00f3 komplexnek k\u00f6sz\u00f6nhet\u0151en a Hansaplast ez\u00fcst akt\u00edv l\u00e1bspray antibakteri\u00e1lis hat\u00e1s\u00fa, \u00e9s egyben megakad\u00e1lyozza a l\u00e1bgomba megjelen\u00e9s\u00e9t. Az enyhe alkoholmentes formula frissess\u00e9get \u00e9s sz\u00e1razs\u00e1got biztos\u00edt a l\u00e1baknak.<\/p>\n<p data-designsystem=\"true\" data-dmid=\"dm-text\"><strong>Jegyzet:<\/strong>\u00a0Arra t\u00f6reksz\u00fcnk, hogy minden term\u00e9k le\u00edr\u00e1s\u00e1n\u00e1l a lehet\u0151 legpontosabbak legy\u00fcnk, de nem tudjuk garant\u00e1lni, hogy minden le\u00edr\u00e1s teljes \u00e9s hibamentes. K\u00f6sz\u00f6n\u00f6m a meg\u00e9rt\u00e9st.<br \/>\nAz oldalon felt\u00fcntetett \u00f6sszes elem k\u00edn\u00e1latunk r\u00e9sz\u00e9t k\u00e9pezi, de ez nem jelenti azt, hogy mindenkor el\u00e9rhet\u0151.<\/p>\n<p data-designsystem=\"true\" data-dmid=\"dm-text\">\n<\/div>","protected":false},"featured_media":3677,"template":"","meta":[],"product_brand":[],"product_cat":[547,177],"product_tag":[927,854],"class_list":{"0":"post-3676","1":"product","2":"type-product","3":"status-publish","4":"has-post-thumbnail","6":"product_cat-kozmetika-i-nega-za-odrasle","7":"product_cat-nega-tela","8":"product_tag-antiperspirant-za-stopala","9":"product_tag-znojenje","10":"pa_brend-hansaplast","12":"first","13":"instock","14":"shipping-taxable","15":"purchasable","16":"product-type-simple"},"ams_default_variation_id":0,"ams_product_points_reward":[],"ams_product_discount_percentage":0,"ams_price_to_display":486.12,"ams_acf":[],"jetpack_sharing_enabled":true,"_links":{"self":[{"href":"https:\/\/apotekar-online.rs\/hu\/wp-json\/wp\/v2\/product\/3676","targetHints":{"allow":["GET"]}}],"collection":[{"href":"https:\/\/apotekar-online.rs\/hu\/wp-json\/wp\/v2\/product"}],"about":[{"href":"https:\/\/apotekar-online.rs\/hu\/wp-json\/wp\/v2\/types\/product"}],"wp:featuredmedia":[{"embeddable":true,"href":"https:\/\/apotekar-online.rs\/hu\/wp-json\/wp\/v2\/media\/3677"}],"wp:attachment":[{"href":"https:\/\/apotekar-online.rs\/hu\/wp-json\/wp\/v2\/media?parent=3676"}],"wp:term":[{"taxonomy":"product_brand","embeddable":true,"href":"https:\/\/apotekar-online.rs\/hu\/wp-json\/wp\/v2\/product_brand?post=3676"},{"taxonomy":"product_cat","embeddable":true,"href":"https:\/\/apotekar-online.rs\/hu\/wp-json\/wp\/v2\/product_cat?post=3676"},{"taxonomy":"product_tag","embeddable":true,"href":"https:\/\/apotekar-online.rs\/hu\/wp-json\/wp\/v2\/product_tag?post=3676"}],"curies":[{"name":"wp","href":"https:\/\/api.w.org\/{rel}","templated":true}]}}