{"id":3696,"date":"2023-07-28T10:18:51","date_gmt":"2023-07-28T12:18:51","guid":{"rendered":"https:\/\/apotekar-online.rs\/?post_type=product&#038;p=3696"},"modified":"2026-03-05T08:15:04","modified_gmt":"2026-03-05T10:15:04","slug":"ziaja-mezes-furdo-es-tusoloolaj-atopias-borre-270ml","status":"publish","type":"product","link":"https:\/\/apotekar-online.rs\/hu\/p\/ziaja-med-ulje-za-kupanje-i-tusiranje-za-atopicnu-kozu-270ml\/","title":{"rendered":"Ziaja Med f\u00fcrd\u0151- \u00e9s tusol\u00f3olaj at\u00f3pi\u00e1s b\u0151rre 270ml"},"content":{"rendered":"","protected":false},"excerpt":{"rendered":"<div class=\"product attribute description text-page\">\n<div class=\"value\">\n<p align=\"justify\">Hidrat\u00e1l\u00f3 \u00e9s nyugtat\u00f3 tulajdons\u00e1gokkal rendelkez\u0151 zuhany- \u00e9s f\u00fcrd\u0151olaj. Irrit\u00e1ci\u00f3ra, er\u0151s viszket\u00e9sre hajlamos, allerg\u00e9nekkel szemben t\u00fal\u00e9rz\u00e9keny at\u00f3pi\u00e1s b\u0151rre aj\u00e1nlott. L\u00e1gy\u00edtja \u00e9s gyeng\u00e9den tiszt\u00edtja a b\u0151rt. megakad\u00e1lyozza az epidermisz kisz\u00e1rad\u00e1s\u00e1t, viszket\u00e9st \u00e9s irrit\u00e1ci\u00f3t. Cs\u00f6kkenti a b\u0151r \u00e9rdess\u00e9g\u00e9t \u00e9s a t\u00falzott h\u00e1ml\u00e1st. Sz\u00ednez\u00e9k \u00e9s szappan n\u00e9lk\u00fcl. F\u0151bb \u00f6sszetev\u0151k: napraforg\u00f3olaj E-vitaminnal.<\/p>\n<p>\u2022 Alkalmas csecsem\u0151k, gyermekek \u00e9s feln\u0151ttek sz\u00e1m\u00e1ra.<\/p>\n<p>\u2022 Hat\u00e9kony \u00e9s biztons\u00e1gos higi\u00e9ni\u00e1t \u00e9s \u00e1pol\u00e1st biztos\u00edt az at\u00f3pi\u00e1s \u00e9s irrit\u00e1ci\u00f3ra hajlamos b\u0151r sz\u00e1m\u00e1ra.<\/p>\n<p>\u2022 Cs\u00f6kkenti a t\u00falzott viszket\u00e9st, \u00e9g\u00e9st \u00e9s b\u0151rp\u00edrt.<\/p>\n<p>\u2022 Regener\u00e1lja az epidermisz term\u00e9szetes hidrolipid g\u00e1tj\u00e1t.<\/p>\n<p>\u2022 Kiegyens\u00falyozza a bakt\u00e9riumfl\u00f3r\u00e1t.<\/p>\n<p>\u2022 Intenz\u00edven \u00e9s hat\u00e9konyan hidrat\u00e1l, puh\u00edtja \u00e9s cs\u00f6kkenti a b\u0151r kisz\u00e1rad\u00e1s\u00e1t \u00e9s \u00e9rdess\u00e9g\u00e9t.<\/p>\n<p>\u2022 N\u00f6veli a t\u00fcnetmentes at\u00f3pi\u00e1s id\u0151szakok gyakoris\u00e1g\u00e1t.<\/p>\n<p>Haszn\u00e1lhat\u00f3 arcra \u00e9s testre. Ker\u00fclje a szem k\u00f6rny\u00e9k\u00e9t.<\/p>\n<p>Zuhany: vigyen fel egy kis mennyis\u00e9get, \u00e9s alaposan \u00f6bl\u00edtse le.<\/p>\n<p>F\u00fcrd\u00e9s (f\u00fcrd\u0151k\u00e9nt): \u00d6nts\u00f6n 2-3 cs\u00e9sz\u00e9t meleg v\u00edzbe.<\/p>\n<p>F\u00fcrd\u00e9s ut\u00e1n d\u00f6rzs\u00f6l\u00e9s n\u00e9lk\u00fcl sz\u00e1r\u00edtsa meg a b\u0151rt.<\/p>\n<p align=\"justify\"><strong>Fogalmaz\u00e1s:<\/strong> Helianthus Annuus (napraforg\u00f3) magolaj, MIPA-Laureth-szulf\u00e1t, Laureth-3, Laureth-7-citr\u00e1t, benzil-alkohol, PEG-8, tokoferol, aszkorbil-palmit\u00e1t, aszkorbinsav, citromsav, parf\u00fcm (illat).<\/p>\n<p align=\"justify\"><strong>Jegyzet:<\/strong>\u00a0Arra t\u00f6reksz\u00fcnk, hogy minden term\u00e9k le\u00edr\u00e1s\u00e1n\u00e1l a lehet\u0151 legpontosabbak legy\u00fcnk, de nem tudjuk garant\u00e1lni, hogy minden le\u00edr\u00e1s teljes \u00e9s hibamentes. K\u00f6sz\u00f6n\u00f6m a meg\u00e9rt\u00e9st.<br \/>\nAz oldalon felt\u00fcntetett \u00f6sszes elem k\u00edn\u00e1latunk r\u00e9sz\u00e9t k\u00e9pezi, de ez nem jelenti azt, hogy mindenkor el\u00e9rhet\u0151.<\/p>\n<\/div>\n<\/div>","protected":false},"featured_media":3697,"template":"","meta":[],"product_brand":[],"product_cat":[224,547,177],"product_tag":[948,802,952,953],"class_list":{"0":"post-3696","1":"product","2":"type-product","3":"status-publish","4":"has-post-thumbnail","6":"product_cat-kozmetika-za-decu","7":"product_cat-kozmetika-i-nega-za-odrasle","8":"product_cat-nega-tela","9":"product_tag-atopicna-koza","10":"product_tag-iritacija","11":"product_tag-ulje-za-kupanje","12":"product_tag-za-decu-i-za-odrasle","13":"pa_brend-ziaja","15":"first","16":"instock","17":"shipping-taxable","18":"purchasable","19":"product-type-simple"},"ams_default_variation_id":0,"ams_product_points_reward":[],"ams_product_discount_percentage":0,"ams_price_to_display":889.92,"ams_acf":[],"jetpack_sharing_enabled":true,"_links":{"self":[{"href":"https:\/\/apotekar-online.rs\/hu\/wp-json\/wp\/v2\/product\/3696","targetHints":{"allow":["GET"]}}],"collection":[{"href":"https:\/\/apotekar-online.rs\/hu\/wp-json\/wp\/v2\/product"}],"about":[{"href":"https:\/\/apotekar-online.rs\/hu\/wp-json\/wp\/v2\/types\/product"}],"wp:featuredmedia":[{"embeddable":true,"href":"https:\/\/apotekar-online.rs\/hu\/wp-json\/wp\/v2\/media\/3697"}],"wp:attachment":[{"href":"https:\/\/apotekar-online.rs\/hu\/wp-json\/wp\/v2\/media?parent=3696"}],"wp:term":[{"taxonomy":"product_brand","embeddable":true,"href":"https:\/\/apotekar-online.rs\/hu\/wp-json\/wp\/v2\/product_brand?post=3696"},{"taxonomy":"product_cat","embeddable":true,"href":"https:\/\/apotekar-online.rs\/hu\/wp-json\/wp\/v2\/product_cat?post=3696"},{"taxonomy":"product_tag","embeddable":true,"href":"https:\/\/apotekar-online.rs\/hu\/wp-json\/wp\/v2\/product_tag?post=3696"}],"curies":[{"name":"wp","href":"https:\/\/api.w.org\/{rel}","templated":true}]}}