{"id":3717,"date":"2023-07-29T08:34:39","date_gmt":"2023-07-29T10:34:39","guid":{"rendered":"https:\/\/apotekar-online.rs\/?post_type=product&#038;p=3717"},"modified":"2026-03-05T08:32:48","modified_gmt":"2026-03-05T10:32:48","slug":"panthenol-kremzsele-40ml","status":"publish","type":"product","link":"https:\/\/apotekar-online.rs\/hu\/p\/panthenol-krem-gel-40ml\/","title":{"rendered":"Panthenol kr\u00e9mzsel\u00e9 40 ml"},"content":{"rendered":"","protected":false},"excerpt":{"rendered":"<p>A Panthenol kr\u00e9mzsel\u00e9 kellemes, k\u00f6nny\u0171 text\u00far\u00e1ja nem zs\u00edros\u00edtja a b\u0151rt. Hidrat\u00e1lja a b\u0151rt, puh\u00e1v\u00e1, sim\u00e1v\u00e1 \u00e9s rugalmass\u00e1 var\u00e1zsolja. A panthenol magas koncentr\u00e1ci\u00f3ja el\u0151seg\u00edti a nyugtat\u00e1st, az irrit\u00e1ci\u00f3k regener\u00e1l\u00f3d\u00e1s\u00e1t \u00e9s a b\u0151r felsz\u00edni r\u00e9teg\u00e9nek kisebb k\u00e1rosod\u00e1s\u00e1t. Aj\u00e1nlott: mindennapi arc- \u00e9s test\u00e1pol\u00e1shoz, nyugtat\u00f3 irrit\u00e1ci\u00f3hoz, ide\u00e1lis csomagol\u00e1s t\u00e1sk\u00e1khoz \u00e9s utaz\u00e1shoz.<\/p>\n<p><strong>B\u0151r t\u00edpus<\/strong>: minden t\u00edpushoz.<\/p>\n<p>100 g kr\u00e9mzsel\u00e9 tartalma:<\/p>\n<ul>\n<li>d-panthenol 5g,<\/li>\n<li>E-vitamin 0,5 g.<\/li>\n<\/ul>\n<p><strong>Csomagol\u00e1s:<\/strong>\u00a0\u00a0tubus (40 ml)<\/p>\n<p><strong>Jegyzet:<\/strong>\u00a0Arra t\u00f6reksz\u00fcnk, hogy minden term\u00e9k le\u00edr\u00e1s\u00e1n\u00e1l a lehet\u0151 legpontosabbak legy\u00fcnk, de nem tudjuk garant\u00e1lni, hogy minden le\u00edr\u00e1s teljes \u00e9s hibamentes. K\u00f6sz\u00f6n\u00f6m a meg\u00e9rt\u00e9st.<br \/>\nAz oldalon felt\u00fcntetett \u00f6sszes elem k\u00edn\u00e1latunk r\u00e9sz\u00e9t k\u00e9pezi, de ez nem jelenti azt, hogy mindenkor el\u00e9rhet\u0151.<\/p>","protected":false},"featured_media":3718,"template":"","meta":[],"product_brand":[],"product_cat":[547,3054,178,177],"product_tag":[981,802,623,567,227,980,209],"class_list":{"0":"post-3717","1":"product","2":"type-product","3":"status-publish","4":"has-post-thumbnail","6":"product_cat-kozmetika-i-nega-za-odrasle","7":"product_cat-akcija","8":"product_cat-nega-lica","9":"product_cat-nega-tela","10":"product_tag-hrani-kozu","11":"product_tag-iritacija","12":"product_tag-pantenol","13":"product_tag-regeneracija","14":"product_tag-suva-koza","15":"product_tag-sve-tipove-koze","16":"product_tag-vitamin-e","17":"pa_brend-crystal-derma","19":"first","20":"instock","21":"shipping-taxable","22":"purchasable","23":"product-type-simple"},"ams_default_variation_id":0,"ams_product_points_reward":[],"ams_product_discount_percentage":0,"ams_price_to_display":324,"ams_acf":[],"jetpack_sharing_enabled":true,"_links":{"self":[{"href":"https:\/\/apotekar-online.rs\/hu\/wp-json\/wp\/v2\/product\/3717","targetHints":{"allow":["GET"]}}],"collection":[{"href":"https:\/\/apotekar-online.rs\/hu\/wp-json\/wp\/v2\/product"}],"about":[{"href":"https:\/\/apotekar-online.rs\/hu\/wp-json\/wp\/v2\/types\/product"}],"wp:featuredmedia":[{"embeddable":true,"href":"https:\/\/apotekar-online.rs\/hu\/wp-json\/wp\/v2\/media\/3718"}],"wp:attachment":[{"href":"https:\/\/apotekar-online.rs\/hu\/wp-json\/wp\/v2\/media?parent=3717"}],"wp:term":[{"taxonomy":"product_brand","embeddable":true,"href":"https:\/\/apotekar-online.rs\/hu\/wp-json\/wp\/v2\/product_brand?post=3717"},{"taxonomy":"product_cat","embeddable":true,"href":"https:\/\/apotekar-online.rs\/hu\/wp-json\/wp\/v2\/product_cat?post=3717"},{"taxonomy":"product_tag","embeddable":true,"href":"https:\/\/apotekar-online.rs\/hu\/wp-json\/wp\/v2\/product_tag?post=3717"}],"curies":[{"name":"wp","href":"https:\/\/api.w.org\/{rel}","templated":true}]}}