{"id":3723,"date":"2023-07-31T06:20:49","date_gmt":"2023-07-31T08:20:49","guid":{"rendered":"https:\/\/apotekar-online.rs\/?post_type=product&#038;p=3723"},"modified":"2026-03-05T08:15:02","modified_gmt":"2026-03-05T10:15:02","slug":"cink-cink-glukonat-30-tabletta","status":"publish","type":"product","link":"https:\/\/apotekar-online.rs\/hu\/p\/cink-cink-glukonat-30-tableta\/","title":{"rendered":"Cink - cink-gl\u00fckon\u00e1t 30 tabletta"},"content":{"rendered":"","protected":false},"excerpt":{"rendered":"<p>A cink n\u00e9lk\u00fcl\u00f6zhetetlen \u00e1sv\u00e1ny, kis mennyis\u00e9gben megtal\u00e1lhat\u00f3 a f\u00f6ldk\u00e9regben. Az \u00e9lelmiszerekben leggyakrabban \u00e1llati eredet\u0171 \u00e9lelmiszerekben, ritk\u00e1bban n\u00f6v\u00e9nyi eredet\u0171 \u00e9lelmiszerekben tal\u00e1lhat\u00f3 meg. Nagyon fontos az eg\u00e9sz szervezet m\u0171k\u00f6d\u00e9s\u00e9hez, \u00e9s mivel a szervezet nem szintetiz\u00e1lja, ez\u00e9rt t\u00e1pl\u00e1l\u00e9kkal \u00e9s t\u00e1pl\u00e1l\u00e9kkieg\u00e9sz\u00edt\u0151kkel kell bevinn\u00fcnk, k\u00fcl\u00f6n\u00f6sen a t\u00e9li id\u0151szakban.<\/p>\n<p>A cink kis mennyis\u00e9gben, k\u00f6r\u00fclbel\u00fcl 2 vagy 3 grammban tal\u00e1lhat\u00f3 a szervezetben. De a szervezet pontosan ez\u00e9rt \u00e9rez egy kis hi\u00e1nyt. A cink sz\u00e1mos folyamatban vesz r\u00e9szt a szervezetben.<\/p>\n<ul>\n<li>R\u00e9szt vesz a feh\u00e9rjeszint\u00e9zisben, \u00edgy serkenti a szellemi \u00e9s fizikai n\u00f6veked\u00e9st \u00e9s fejl\u0151d\u00e9st.<\/li>\n<li>Hozz\u00e1j\u00e1rul a szervezet immunit\u00e1s\u00e1nak \u00e9s ellen\u00e1ll\u00f3 k\u00e9pess\u00e9g\u00e9nek er\u0151s\u00edt\u00e9s\u00e9hez, cs\u00f6kkenti a megf\u00e1z\u00e1s lehet\u0151s\u00e9g\u00e9t. Az A-vitamin el\u0151seg\u00edti a cink felsz\u00edv\u00f3d\u00e1s\u00e1t, a C-vitaminnal kombin\u00e1lva pedig kiv\u00e1l\u00f3 v\u00e1laszt\u00e1s a megf\u00e1z\u00e1s megel\u0151z\u00e9s\u00e9re.<\/li>\n<li>Az agyban modul\u00e1tork\u00e9nt m\u0171k\u00f6dik, nyugtat\u00f3 hat\u00e1sa van, ez\u00e9rt hi\u00e1nya idegess\u00e9get, depresszi\u00f3t, koncentr\u00e1ci\u00f3-, mem\u00f3riazavart okoz...<\/li>\n<li>Fontos a hormonok szab\u00e1lyoz\u00e1sa szempontj\u00e1b\u00f3l, ez\u00e9rt nagyon fontos a bevitele mind a n\u0151k, mind a f\u00e9rfiak szaporod\u00e1si id\u0151szak\u00e1ban, mert befoly\u00e1solja a tesztoszteron szekr\u00e9ci\u00f3t \u00e9s a spermiumok mobilit\u00e1s\u00e1t is. A baba megfelel\u0151 n\u00f6veked\u00e9s\u00e9hez \u00e9s fejl\u0151d\u00e9s\u00e9hez is elengedhetetlen. A leg\u00fajabb kutat\u00e1sok azt bizony\u00edtj\u00e1k, hogy a terhess\u00e9g alatti elegend\u0151 cinkbevitel cs\u00f6kkenti a korasz\u00fcl\u00e9s kock\u00e1zat\u00e1t.<\/li>\n<li>Megakad\u00e1lyozza a hajhull\u00e1st, \u00fcd\u00e9v\u00e9 \u00e9s eg\u00e9szs\u00e9gess\u00e9 var\u00e1zsolja a b\u0151rt. Hi\u00e1ny lehet az oka a korp\u00e1sod\u00e1s megjelen\u00e9s\u00e9nek, a hajhull\u00e1snak, a k\u00f6rm\u00f6k repedez\u00e9s\u00e9nek, t\u00f6redez\u00e9s\u00e9nek is.<\/li>\n<li>Er\u0151s antioxid\u00e1nsk\u00e9nt fontos a szem eg\u00e9szs\u00e9ge szempontj\u00e1b\u00f3l.<\/li>\n<li>A csontrendszer szerves r\u00e9sze, ez\u00e9rt nagyon fontos a menopauza idej\u00e9n t\u00f6rt\u00e9n\u0151 szed\u00e9se, mert cs\u00f6kkenti a csontritkul\u00e1s kock\u00e1zat\u00e1t. Itt fontos megjegyezni, hogy a cinket \u00e9s a kalciumot k\u00fcl\u00f6n kell szedni, mert \u00edgy jobban felsz\u00edv\u00f3dnak, m\u00edg p\u00e9ld\u00e1ul a C-vitamin el\u0151seg\u00edti a cink felsz\u00edv\u00f3d\u00e1s\u00e1t.<\/li>\n<li>Gyors\u00edtja a sebgy\u00f3gyul\u00e1st, a sz\u00f6vetek regener\u00e1l\u00f3d\u00e1s\u00e1t, seg\u00edt \u00e9g\u00e9si s\u00e9r\u00fcl\u00e9sekn\u00e9l \u00e9s seb\u00e9szeti beavatkoz\u00e1sok ut\u00e1n.<\/li>\n<\/ul>\n<h2><strong>Hogyan ismerj\u00fck fel a cinkhi\u00e1nyt \u00e9s milyen t\u00fcnetekre reag\u00e1ljunk?<\/strong><\/h2>\n<section>\n<div>\n<ul>\n<li>Gyenge immunit\u00e1s, gyakori l\u00e9g\u00fati fert\u0151z\u00e9sek.<\/li>\n<li>Kimer\u00fclts\u00e9g \u00e9s kr\u00f3nikus f\u00e1radts\u00e1g<\/li>\n<li>Sebek \u00e9s b\u0151relv\u00e1ltoz\u00e1sok nehezen gy\u00f3gyul\u00f3, f\u00e1jdalomra val\u00f3 t\u00fal\u00e9rz\u00e9kenys\u00e9ge, t\u00f6bb napig tart\u00f3 z\u00faz\u00f3d\u00e1sok visszatart\u00e1sa.<\/li>\n<li>Neh\u00e9z alkalmazkodni a s\u00f6t\u00e9thez.<\/li>\n<li>\u00cdz\u00e9rz\u00e9szavar, \u00e9tv\u00e1gytalans\u00e1g \u00e9s gyakori h\u00e1nyinger, fogy\u00e1s.<\/li>\n<li>Gyakori idegfesz\u00fclts\u00e9g, idegess\u00e9g, gyenge koncentr\u00e1ci\u00f3, rossz mem\u00f3ria \u00e9s feled\u00e9kenys\u00e9g.<\/li>\n<li>Gyakori hasmen\u00e9s \u00e9s irrit\u00e1bilis belek.<\/li>\n<li>A hajhull\u00e1s \u00e9s a korp\u00e1sod\u00e1s megjelen\u00e9se, a k\u00f6rm\u00f6k t\u00f6r\u00e9kenyek, k\u00f6nnyen t\u00f6redeznek \u00e9s leesnek.<\/li>\n<li>A b\u0151r sz\u00e1raz \u00e9s v\u00edzhi\u00e1nyos.<\/li>\n<\/ul>\n<p>Egy tabletta 7 mg cinket (cink-gl\u00fckon\u00e1t) tartalmaz.<\/p>\n<p><strong class=\"type\">A ... haszna<\/strong><\/p>\n<div class=\"value\">\n<p>4 \u00e9v feletti gyermekek: napi 1 tabletta \u00e9tkez\u00e9s k\u00f6zben.<\/p>\n<p>Feln\u0151tteknek: napi 1-2 tabletta \u00e9tkez\u00e9s k\u00f6zben.<\/p>\n<\/div>\n<\/div>\n<\/section>\n<div><\/div>\n<div><strong>Jegyzet:<\/strong>\u00a0Arra t\u00f6reksz\u00fcnk, hogy minden term\u00e9k le\u00edr\u00e1s\u00e1n\u00e1l a lehet\u0151 legpontosabbak legy\u00fcnk, de nem tudjuk garant\u00e1lni, hogy minden le\u00edr\u00e1s teljes \u00e9s hibamentes. K\u00f6sz\u00f6n\u00f6m a meg\u00e9rt\u00e9st.<br \/>\nAz oldalon felt\u00fcntetett \u00f6sszes elem k\u00edn\u00e1latunk r\u00e9sz\u00e9t k\u00e9pezi, de ez nem jelenti azt, hogy mindenkor el\u00e9rhet\u0151.<\/div>\n<section>\n<div>\n<div><\/div>\n<\/div>\n<\/section>","protected":false},"featured_media":3724,"template":"","meta":[],"product_brand":[],"product_cat":[78,983],"product_tag":[620,185,989,179,990,991,992],"class_list":{"0":"post-3723","1":"product","2":"type-product","3":"status-publish","4":"has-post-thumbnail","6":"product_cat-vitamini-i-minerali","7":"product_cat-sve-za-100-dinara","8":"product_tag-antioksidans","9":"product_tag-cink","10":"product_tag-esencijalni-mineral","11":"product_tag-imunitet","12":"product_tag-nervoza","13":"product_tag-opadanje-kose","14":"product_tag-ubrzava-zarasanje-rana","15":"pa_brend-zdravlje-lek","17":"first","18":"outofstock","19":"shipping-taxable","20":"purchasable","21":"product-type-simple"},"ams_default_variation_id":0,"ams_product_points_reward":[],"ams_product_discount_percentage":0,"ams_price_to_display":100,"ams_acf":[],"jetpack_sharing_enabled":true,"_links":{"self":[{"href":"https:\/\/apotekar-online.rs\/hu\/wp-json\/wp\/v2\/product\/3723","targetHints":{"allow":["GET"]}}],"collection":[{"href":"https:\/\/apotekar-online.rs\/hu\/wp-json\/wp\/v2\/product"}],"about":[{"href":"https:\/\/apotekar-online.rs\/hu\/wp-json\/wp\/v2\/types\/product"}],"wp:featuredmedia":[{"embeddable":true,"href":"https:\/\/apotekar-online.rs\/hu\/wp-json\/wp\/v2\/media\/3724"}],"wp:attachment":[{"href":"https:\/\/apotekar-online.rs\/hu\/wp-json\/wp\/v2\/media?parent=3723"}],"wp:term":[{"taxonomy":"product_brand","embeddable":true,"href":"https:\/\/apotekar-online.rs\/hu\/wp-json\/wp\/v2\/product_brand?post=3723"},{"taxonomy":"product_cat","embeddable":true,"href":"https:\/\/apotekar-online.rs\/hu\/wp-json\/wp\/v2\/product_cat?post=3723"},{"taxonomy":"product_tag","embeddable":true,"href":"https:\/\/apotekar-online.rs\/hu\/wp-json\/wp\/v2\/product_tag?post=3723"}],"curies":[{"name":"wp","href":"https:\/\/api.w.org\/{rel}","templated":true}]}}