{"id":3806,"date":"2023-08-03T09:19:54","date_gmt":"2023-08-03T11:19:54","guid":{"rendered":"https:\/\/apotekar-online.rs\/?post_type=product&#038;p=3806"},"modified":"2026-03-05T08:14:21","modified_gmt":"2026-03-05T10:14:21","slug":"exoderil-oldat-borre-1-10ml","status":"publish","type":"product","link":"https:\/\/apotekar-online.rs\/hu\/p\/exoderil-rastvor-za-kozu-1-10ml\/","title":{"rendered":"Exoderil b\u0151roldat 1% 10ml"},"content":{"rendered":"","protected":false},"excerpt":{"rendered":"<p><b><strong>Ennek a szernek az interneten t\u00f6rt\u00e9n\u0151 terjeszt\u00e9s\u00e9t szigor\u00faan tilos \u00e9s a Szerb K\u00f6zt\u00e1rsas\u00e1g t\u00f6rv\u00e9nyei szab\u00e1lyozz\u00e1k, m\u00edg az interneten t\u00f6rt\u00e9n\u0151 bemutat\u00e1sa megengedett, kiz\u00e1r\u00f3lag abb\u00f3l a c\u00e9lb\u00f3l, hogy a nagyk\u00f6z\u00f6ns\u00e9get \u00e9s a szakmai k\u00f6zv\u00e9lem\u00e9nyt t\u00e1j\u00e9koztass\u00e1k a c\u00e9lr\u00f3l, \u00e9s jobban megismerj\u00e9k a gy\u00f3gyszert. mag\u00e1nak a gy\u00f3gyszernek az alapvet\u0151 jellemz\u0151i.<\/strong><\/b><\/p>\n<p><strong>Miel\u0151tt elkezden\u00e9 alkalmazni ezt a gy\u00f3gyszert, figyelmesen olvassa el ezt az utas\u00edt\u00e1st, mert tartalmaz<\/strong><br \/>\n<strong>az \u00d6n sz\u00e1m\u00e1ra fontos inform\u00e1ci\u00f3kat.<\/strong><br \/>\nEzt a gy\u00f3gyszert mindig pontosan az \u00fatmutat\u00f3ban le\u00edrtak szerint vagy az orvos \u00e1ltal elmondottaknak megfelel\u0151en alkalmazza<br \/>\norvos vagy gy\u00f3gyszer\u00e9sz.<br \/>\n\uf02d Mentse el az utas\u00edt\u00e1sokat. Lehet, hogy \u00fajra el kell olvasnia.<br \/>\n\uf02d Ha tov\u00e1bbi k\u00e9rd\u00e9sei vannak, vagy tan\u00e1csra van sz\u00fcks\u00e9ge, forduljon gy\u00f3gyszer\u00e9sz\u00e9hez.<br \/>\n\uf02d Ha \u00d6nn\u00e9l b\u00e1rmilyen mell\u00e9khat\u00e1s jelentkezik, forduljon orvos\u00e1hoz vagy gy\u00f3gyszer\u00e9sz\u00e9hez. Ez<br \/>\ntartalmazza az ebben az \u00fatmutat\u00f3ban fel nem sorolt mell\u00e9khat\u00e1sokat. L\u00e1sd a 4. r\u00e9szt.<br \/>\n\uf02d Ha 4 h\u00e9tig nem vagy rosszabbul \u00e9rzi mag\u00e1t, forduljon orvos\u00e1hoz ill<br \/>\ngy\u00f3gyszer\u00e9sz.<br \/>\nEbben az \u00fatmutat\u00f3ban a k\u00f6vetkez\u0151ket olvashatja:<br \/>\n1. Mi az Exoderil \u00e9s mire val\u00f3?<br \/>\n2. Tudnival\u00f3k az Exoderil alkalmaz\u00e1sa el\u0151tt<br \/>\n3. Hogyan kell beadni az Exoderilt?<br \/>\n4. Lehets\u00e9ges mell\u00e9khat\u00e1sok<br \/>\n5. Hogyan kell az Exoderilt t\u00e1rolni?<br \/>\n6. A csomag tartalma \u00e9s egy\u00e9b inform\u00e1ci\u00f3k<\/p>\n<p>1. <strong>Mi az Exoderil \u00e9s mire val\u00f3?<\/strong><br \/>\nAz Exoderil gy\u00f3gyszer, 10 mg\/ml, b\u0151roldat feln\u0151ttekn\u00e9l k\u00fcls\u0151 haszn\u00e1latra k\u00e9sz\u00fclt, hat\u00f3anyagot tartalmaz.<br \/>\na naftifin-hidroklorid, \u00e9s a l\u00e1bb\u0151r gomb\u00e1s fert\u0151z\u00e9seinek kezel\u00e9s\u00e9re haszn\u00e1lj\u00e1k. Az Exoderil gy\u00f3gyszer az<br \/>\nhat\u00e9kony a b\u0151rgomb\u00e1k, \u00e9leszt\u0151gomb\u00e1k, pen\u00e9szgomb\u00e1k \u00e9s egy\u00e9b gomb\u00e1k kezel\u00e9s\u00e9ben. Hat\u00e9kony a fert\u0151z\u00e9sek kezel\u00e9s\u00e9ben is<br \/>\nnagysz\u00e1m\u00fa bakt\u00e9rium okozza, amelyek gyakran gomb\u00e1s fert\u0151z\u00e9ssel egy\u00fctt fordulnak el\u0151 emberekben.<br \/>\nAz Exoderil 10 mg\/ml b\u0151roldatos gy\u00f3gyszert a l\u00e1bb\u0151r gomb\u00e1s fert\u0151z\u00e9seinek kezel\u00e9s\u00e9re haszn\u00e1lj\u00e1k, k\u00fcl\u00f6n\u00f6sen<br \/>\na l\u00e1bujjak k\u00f6z\u00f6tt \u00e9s a talpon (kiv\u00f6r\u00f6s\u00f6d\u00e9sr\u0151l, h\u00e1ml\u00e1sr\u00f3l, a b\u0151r duzzanat\u00e1r\u00f3l \u00e9s h\u00f3lyagk\u00e9pz\u0151d\u00e9sr\u0151l ismerhet\u0151 fel,<br \/>\nviszket\u00e9s k\u00eds\u00e9ri).<br \/>\n2. <strong>Tudnival\u00f3k az Exoderil alkalmaz\u00e1sa el\u0151tt<\/strong><\/p>\n<p>Az Exoderil nem alkalmazhat\u00f3:<br \/>\n- ha allergi\u00e1s (t\u00fal\u00e9rz\u00e9keny) a naftifin-hidrokloridra, propil\u00e9nglikolra vagy a k\u00e9sz\u00edtm\u00e9ny b\u00e1rmely seg\u00e9danyag\u00e1ra<br \/>\nennek a gy\u00f3gyszernek a hat\u00f3anyagai (a 6. pontban felsorolva).<br \/>\n<strong>Figyelmeztet\u00e9sek \u00e9s \u00f3vint\u00e9zked\u00e9sek<\/strong><br \/>\nAz Exoderil alkalmaz\u00e1sa el\u0151tt besz\u00e9ljen kezel\u0151orvos\u00e1val vagy gy\u00f3gyszer\u00e9sz\u00e9vel.<br \/>\nAz Exoderil 10 mg\/ml oldatos b\u0151rre csak k\u00fcls\u0151 haszn\u00e1latra k\u00e9sz\u00fclt, \u00e9s nem \u00e9rintkezhet<br \/>\nszemekkel.<br \/>\nAz oldatot nem szabad ny\u00edlt b\u0151rsebekre alkalmazni, mivel alkoholt tartalmaz, ami f\u00e1jdalmat okozhat<br \/>\n\u00e9g\u0151 \u00e9rz\u00e9s<br \/>\nHa a t\u00fcnetek nem m\u00falnak el, vagy a ter\u00e1pia nem a v\u00e1rtnak megfelel\u0151 4 hetes kezel\u00e9s ut\u00e1n, akkor sz\u00fcks\u00e9ges<br \/>\nforduljon orvoshoz a lehet\u0151 leghamarabb.<br \/>\n<strong>Egy\u00e9b gy\u00f3gyszerek \u00e9s az Exoderil gy\u00f3gyszer<\/strong><br \/>\nFelt\u00e9tlen\u00fcl t\u00e1j\u00e9koztassa kezel\u0151orvos\u00e1t vagy gy\u00f3gyszer\u00e9sz\u00e9t, ha jelenleg vagy nemr\u00e9giben szedte vagy szedni fogja<br \/>\nalkalmazzon b\u00e1rmilyen m\u00e1s gy\u00f3gyszert.<br \/>\n<strong>Terhess\u00e9g \u00e9s szoptat\u00e1s<\/strong><br \/>\nHa \u00d6n terhes vagy szoptat, \u00fagy gondolja, hogy terhes vagy teherbe k\u00edv\u00e1n esni, forduljon orvos\u00e1hoz vagy<br \/>\nk\u00e9rjen tan\u00e1csot gy\u00f3gyszer\u00e9sz\u00e9t\u0151l a gy\u00f3gyszer alkalmaz\u00e1sa el\u0151tt.<br \/>\nEl\u0151vigy\u00e1zatoss\u00e1gb\u00f3l tan\u00e1csos ker\u00fclni a gy\u00f3gyszer alkalmaz\u00e1s\u00e1t terhess\u00e9g \u00e9s szoptat\u00e1s ideje alatt.<br \/>\n<strong>J\u00e1rm\u0171vek vezet\u00e9se \u00e9s g\u00e9pek kezel\u00e9se<\/strong><br \/>\nAz Exoderil nem befoly\u00e1solja a g\u00e9pj\u00e1rm\u0171vezet\u00e9shez \u00e9s a g\u00e9pek kezel\u00e9s\u00e9hez sz\u00fcks\u00e9ges k\u00e9pess\u00e9geket.<br \/>\nAz Exoderil gy\u00f3gyszer, 10 mg\/ml, b\u0151roldat etanolt \u00e9s propil\u00e9nglikolt tartalmaz<br \/>\nEz a gy\u00f3gyszer etanolt tartalmaz, ez\u00e9rt nem ker\u00fclhet szembe, \u00e9s nem alkalmazhat\u00f3 ny\u00edlt sebekre<br \/>\na b\u0151r.<br \/>\nEz a gy\u00f3gyszer propil\u00e9nglikolt tartalmaz, amely b\u0151rirrit\u00e1ci\u00f3t okozhat.<\/p>\n<p>3.<strong> Hogyan kell alkalmazni az Exoderil gy\u00f3gyszert<\/strong><br \/>\nEzt a gy\u00f3gyszert mindig pontosan az \u00fatmutat\u00f3ban le\u00edrtak szerint vagy az orvos \u00e1ltal elmondottaknak megfelel\u0151en alkalmazza<br \/>\norvos vagy gy\u00f3gyszer\u00e9sz. Ha nem biztos benne, k\u00e9rdezze meg kezel\u0151orvos\u00e1t vagy gy\u00f3gyszer\u00e9sz\u00e9t.<br \/>\nHacsak m\u00e1sk\u00e9pp nem \u00edrj\u00e1k el\u0151, a gy\u00f3gyszert a felt\u00fcntetett adagban alkalmazza.<br \/>\nAz Exoderil gy\u00f3gyszert, 10 g\/ml oldatos b\u0151rre, naponta egyszer kell felvinni tiszta \u00e9s j\u00f3l sz\u00e1r\u00edtott b\u0151rre.<br \/>\nv\u00e1ltoz\u00e1sok befoly\u00e1solj\u00e1k.<br \/>\nGyermekek \u00e9s serd\u00fcl\u0151k: a naftifin biztons\u00e1goss\u00e1ga \u00e9s hat\u00e1soss\u00e1ga gyermekek \u00e9s 18 \u00e9v alatti serd\u00fcl\u0151k eset\u00e9ben m\u00e9g nem igazolt<br \/>\nmindig r\u00f6gz\u00edtve. Nincs el\u00e9rhet\u0151 adat.<br \/>\nK\u00e1rosodott m\u00e1j- vagy vesefunkci\u00f3j\u00fa betegek: nincs sz\u00fcks\u00e9g d\u00f3zism\u00f3dos\u00edt\u00e1sra.<br \/>\nId\u0151s betegek: nincs sz\u00fcks\u00e9g d\u00f3zism\u00f3dos\u00edt\u00e1sra.<br \/>\n<strong>A ter\u00e1pia hossza<\/strong><br \/>\nA t\u00fcnetek (viszket\u00e9s, \u00e9g\u00e9s stb.) gyors javul\u00e1sa ellen\u00e9re fontos a gomba kezel\u00e9s\u00e9nek folytat\u00e1sa<br \/>\nb\u0151rfert\u0151z\u00e9sek \u00e9s a k\u00f6vetkez\u0151 k\u00e9t h\u00e9t sor\u00e1n a betegs\u00e9g \u00f6sszes t\u00fcnet\u00e9nek megsz\u0171n\u00e9se ut\u00e1n, annak biztos\u00edt\u00e1sa \u00e9rdek\u00e9ben<br \/>\n\u00e1lland\u00f3 gy\u00f3gym\u00f3d.<br \/>\nHa a t\u00fcnetek nem enyh\u00fclnek az Exoderil 10 mg\/ml-es kezel\u00e9s megkezd\u00e9s\u00e9t k\u00f6vet\u0151 4 h\u00e9ten bel\u00fcl<br \/>\nb\u0151roldatot, forduljon orvos\u00e1hoz.<br \/>\n<strong>Alkalmaz\u00e1s m\u00f3dja<\/strong><br \/>\nAz Exoderil 10 mg\/ml oldatos b\u0151rre val\u00f3 gy\u00f3gyszert kiz\u00e1r\u00f3lag a b\u0151rre szabad alkalmazni.<br \/>\nElegend\u0151 mennyis\u00e9g\u0171 oldatot k\u00f6zvetlen\u00fcl az \u00fcvegb\u0151l vagy vattakoronggal kell felvinni. Alkalmazza \u00fagy, hogy az \u00e9rintett legyen<br \/>\nhelyet, valamint a beteg b\u0151r k\u00f6r\u00fcli ter\u00fcletet, j\u00f3l nedves\u00edtse meg az oldattal.<br \/>\nAz Exoderil 10 mg\/ml b\u0151roldat nem ker\u00fclhet szembe, \u00e9s nem alkalmazhat\u00f3 a ny\u00e1lkah\u00e1rty\u00e1ra.<br \/>\nA gyorsabb gy\u00f3gyul\u00e1s \u00e9rdek\u00e9ben k\u00e9rj\u00fck, vegye figyelembe a k\u00f6vetkez\u0151 aj\u00e1nl\u00e1sokat a gomb\u00e1s fert\u0151z\u00e9sek kezel\u00e9s\u00e9re<br \/>\nfert\u0151z\u00e9s (mycosis):<br \/>\n1. A gomb\u00e1s fert\u0151z\u00e9sek megjelen\u00e9s\u00e9\u00e9rt felel\u0151s mikroorganizmusok megtapadhatnak a beker\u00fcl\u0151 ruh\u00e1zaton<br \/>\nfert\u0151z\u00f6tt b\u0151rrel val\u00f3 \u00e9rintkez\u00e9s. Ez\u00e9rt minden nap \u00e1t kell \u00f6lt\u00f6zni.<br \/>\n2. A s\u00e9rtetlen \u00e9s mindenekel\u0151tt sz\u00e1raz b\u0151rfel\u00fclet ny\u00fajtja a legjobb v\u00e9delmet a gomb\u00e1s fert\u0151z\u00e9sek ellen. Mert<br \/>\nker\u00fclni kell a sz\u0171k vagy a l\u00e9g\u00e1raml\u00e1st akad\u00e1lyoz\u00f3 ruh\u00e1zatot (pl. szintetikus zokni).<br \/>\nanyag sz\u0171k cip\u0151ben). Mos\u00e1s ut\u00e1n az \u00e9rintett b\u0151rr\u00e9szeket is alaposan meg kell sz\u00e1r\u00edtani. Haszn\u00e1lod<br \/>\ncsak a saj\u00e1t ruh\u00e1it \u00e9s t\u00f6r\u00f6lk\u00f6z\u0151it haszn\u00e1lja, \u00e9s ne ossza meg m\u00e1sokkal, hogy megakad\u00e1lyozza a fert\u0151z\u00e9s terjed\u00e9s\u00e9t. Arct\u00f6r\u00f6lk\u00f6z\u0151k \u00e9s<br \/>\na t\u00f6r\u00f6lk\u00f6z\u0151ket naponta cser\u00e9lni kell..<br \/>\n3. Ha gomb\u00e1s a l\u00e1bad, ne s\u00e9t\u00e1lj mez\u00edtl\u00e1b a h\u00e1zban, a f\u00fcrd\u0151szob\u00e1ban vagy p\u00e9ld\u00e1ul a sz\u00e1llodai szob\u00e1ban<br \/>\nszoba. Ez megakad\u00e1lyozza a mikroorganizmusok tov\u00e1bbi terjed\u00e9s\u00e9t, \u00e9s mindenekel\u0151tt az \u00fajb\u00f3li fert\u0151z\u00e9st.<br \/>\n4<strong>. <\/strong>Ne menjen szaun\u00e1ba vagy t\u00f6r\u00f6kf\u00fcrd\u0151be, am\u00edg ki nem gy\u00f3gyult a gomb\u00e1s fert\u0151z\u00e9sb\u0151l.<br \/>\nHa az el\u0151\u00edrtn\u00e1l t\u00f6bb Exoderilt alkalmazott<br \/>\nHa az el\u0151\u00edrtn\u00e1l t\u00f6bb Exoderilt alkalmazott, nem v\u00e1rhat\u00f3 \u00e9letvesz\u00e9lyes helyzet.<br \/>\nHa v\u00e9letlen\u00fcl lenyeli az oldat egy r\u00e9sz\u00e9t, t\u00e1j\u00e9koztassa kezel\u0151orvos\u00e1t, aki tan\u00e1csot ad a teend\u0151kr\u0151l.<br \/>\nMegfelel\u0151 t\u00fcneti ter\u00e1pia javasolt.<\/p>\n<p><strong>Ha elfelejtette bevenni az Exoderilt<\/strong><br \/>\nHa elfelejtette felvinni az oldatot, tegye fel a lehet\u0151 leghamarabb, \u00e9s folytassa a szok\u00e1sos alkalmaz\u00e1ssal. ha eml\u00e9kszel<br \/>\ncsak a k\u00f6vetkez\u0151 jelentkez\u00e9skor alkalmazza a szok\u00e1sos \u00f6sszeget \u00e9s folytassa az alkalmaz\u00e1ssal.<br \/>\nPr\u00f3b\u00e1lja meg az oldatot az el\u0151\u00edrt m\u00f3don alkalmazni. Ez az\u00e9rt fontos, mert egy adag kihagy\u00e1sa kock\u00e1zattal j\u00e1r<br \/>\nfert\u0151z\u00e9s \u00fajb\u00f3li el\u0151fordul\u00e1sa.<br \/>\nHa hirtelen abbahagyja az Exoderil szed\u00e9s\u00e9t<br \/>\nA fert\u0151z\u00e9s ki\u00fajul\u00e1s\u00e1nak megel\u0151z\u00e9se \u00e9rdek\u00e9ben nagyon fontos, hogy az Exoderil-kezel\u00e9st k\u00e9t \u00e9vig folytass\u00e1k.<br \/>\nh\u00e9ttel a fert\u0151z\u00e9s t\u00fcneteinek enyh\u00fcl\u00e9se ut\u00e1n.<br \/>\nHa b\u00e1rmilyen tov\u00e1bbi k\u00e9rd\u00e9se van a gy\u00f3gyszer alkalmaz\u00e1s\u00e1val kapcsolatban, k\u00e9rdezze meg kezel\u0151orvos\u00e1t vagy gy\u00f3gyszer\u00e9sz\u00e9t.<br \/>\n4. <strong>Lehets\u00e9ges mell\u00e9khat\u00e1sok<\/strong><br \/>\nMint minden gy\u00f3gyszer, \u00edgy ez a gy\u00f3gyszer is okozhat mell\u00e9khat\u00e1sokat, amelyek azonban nem mindenkin\u00e9l jelentkeznek.<br \/>\nezt a gy\u00f3gyszert szed\u0151 betegek.<br \/>\nA gy\u00f3gyszer alkalmaz\u00e1s\u00e1nak hely\u00e9n reakci\u00f3 l\u00e9phet fel, p\u00e9ld\u00e1ul sz\u00e1razs\u00e1g, b\u0151rp\u00edr \u00e9s \u00e9g\u0151 \u00e9rz\u00e9s. Ez<br \/>\n\u00e1ltal\u00e1ban nem ig\u00e9nyli a ter\u00e1pia le\u00e1ll\u00edt\u00e1s\u00e1t, kiv\u00e9ve ritka eseteket. A mell\u00e9khat\u00e1sok a kezel\u00e9s abbahagy\u00e1sa ut\u00e1n megsz\u0171nnek<br \/>\nter\u00e1pia.<br \/>\n<strong>A mell\u00e9khat\u00e1sok bejelent\u00e9se<\/strong><br \/>\nHa b\u00e1rmilyen nemk\u00edv\u00e1natos reakci\u00f3t \u00e9szlel, \u00e9rtes\u00edtse kezel\u0151orvos\u00e1t vagy gy\u00f3gyszer\u00e9sz\u00e9t, ill<br \/>\n\u00e1pol\u00f3. Ez mag\u00e1ban foglalja az ebben az \u00fatmutat\u00f3ban nem szerepl\u0151 esetleges mell\u00e9khat\u00e1sokat is.<br \/>\nA mell\u00e9khat\u00e1sok bejelent\u00e9s\u00e9vel seg\u00edthet a gy\u00f3gyszer biztons\u00e1goss\u00e1g\u00e1nak \u00e9rt\u00e9kel\u00e9s\u00e9ben. K\u00e9ts\u00e9g<br \/>\nA mell\u00e9khat\u00e1sokat bejelentheti a Szerbiai Gy\u00f3gyszer- \u00e9s Orvostechnikai \u00dcgyn\u00f6ks\u00e9gnek (ALIMS):<br \/>\nSzerb Gy\u00f3gyszer- \u00e9s Orvostechnikai \u00dcgyn\u00f6ks\u00e9g<br \/>\nOrsz\u00e1gos Farmakovigilancia K\u00f6zpont<br \/>\nVojvode Stepe 458, 11221 Belgr\u00e1d<br \/>\nSzerb K\u00f6zt\u00e1rsas\u00e1g<br \/>\nWeboldal: www.alims.gov.rs<br \/>\ne-mail: nezeljene.reakcije@alims.gov.rs<br \/>\n5.<strong> Hogyan kell az Exoderilt t\u00e1rolni?<\/strong><br \/>\nA gy\u00f3gyszer gyermekekt\u0151l elz\u00e1rva tartand\u00f3.<br \/>\nLej\u00e1rati d\u00e1tum<br \/>\nA k\u00fcls\u0151 csomagol\u00e1son felt\u00fcntetett lej\u00e1rati id\u0151 ut\u00e1n az Exoderil gy\u00f3gyszert nem szabad felhaszn\u00e1lni<br \/>\n&quot;Ig \u00e9rv\u00e9nyes&quot;. A lej\u00e1rati id\u0151 a megadott h\u00f3nap utols\u00f3 napj\u00e1ra vonatkozik.<br \/>\nA bontatlan gy\u00f3gyszert legfeljebb 30\u00b0C-on t\u00e1rolja.<br \/>\nAz els\u0151 felbont\u00e1st k\u00f6vet\u0151en a gy\u00f3gyszert 6 h\u00f3napig t\u00e1rolja legfeljebb 25\u00b0C-on.<br \/>\nA haszn\u00e1lhatatlan gy\u00f3gyszereket a gy\u00f3gyszert\u00e1rnak adj\u00e1k \u00e1t, ahol a gy\u00f3gyszert\u00e1rban kif\u00fcggesztik az \u00e1tv\u00e9telre vonatkoz\u00f3 \u00e9rtes\u00edt\u00e9st.<br \/>\nhaszn\u00e1lhatatlan gy\u00f3gyszereket a polg\u00e1rokt\u00f3l. A felhaszn\u00e1lhatatlan gy\u00f3gyszereket tilos a csatorn\u00e1ba vagy azzal egy\u00fctt dobni<br \/>\nkommun\u00e1lis hullad\u00e9k. Ezek az int\u00e9zked\u00e9sek seg\u00edtik a k\u00f6rnyezet v\u00e9delm\u00e9t.<\/p>\n<p>6<strong>. A csomag tartalma \u00e9s egy\u00e9b inform\u00e1ci\u00f3k<\/strong><br \/>\nMit tartalmaz az Exoderil<br \/>\n\uf02d A k\u00e9sz\u00edtm\u00e9ny hat\u00f3anyaga a naftifin-hidroklorid.<br \/>\n1 ml oldat 10 mg naftifin-hidrokloridot tartalmaz<br \/>\n\uf02d Seg\u00e9danyagok: etanol; propil\u00e9n-glikol; v\u00edz, tiszt\u00edtott.<br \/>\nMilyen az Exoderil k\u00fclleme \u00e9s mit tartalmaz a csomagol\u00e1s<br \/>\nAz Exoderil b\u0151roldat tiszta, sz\u00edntelen vagy vil\u00e1goss\u00e1rga oldat, etanol szaggal.<br \/>\nA bels\u0151 csomagol\u00e1s egy s\u00f6t\u00e9t \u00fcvegpalack (III. t\u00edpus\u00fa), polietil\u00e9n cseppent\u0151vel \u00e9s polietil\u00e9nnel<br \/>\nkupak biztons\u00e1gi gy\u0171r\u0171vel, amely 10 ml b\u0151roldatot tartalmaz.<br \/>\nA k\u00fcls\u0151 csomagol\u00e1s egy \u00f6sszecsukhat\u00f3 kartondoboz, amely 1 db 10 ml-es b\u0151roldatot tartalmaz\u00f3 injekci\u00f3s \u00fcveget tartalmaz (1 x<br \/>\n10 ml) \u00e9s a gy\u00f3gyszerre vonatkoz\u00f3 utas\u00edt\u00e1sokat.<br \/>\n<strong>Enged\u00e9lytulajdonos \u00e9s gy\u00e1rt\u00f3k<\/strong><br \/>\n<strong>Enged\u00e9ly tulajdonosa:<\/strong><br \/>\nSANDOZ PHARMACEUTICALS DD BELGR\u00c1D K\u00c9PVISEL\u00c9SE<br \/>\nKneginje Zorke 2, Belgr\u00e1d<br \/>\nGy\u00e1rt\u00f3k:<br \/>\nSANDOZ GMBH<br \/>\nBiochemiestrasse 10, Kundl, Ausztria<br \/>\nLEK GY\u00d3GYSZERV\u00c1LLALAT DD<br \/>\nVerov\u0161kova 57, Ljubljana, Szlov\u00e9nia<br \/>\n<strong>Jegyzet:<\/strong><br \/>\nA gy\u00f3gyszer speci\u00e1lis csomagol\u00e1s\u00e1ban tal\u00e1lhat\u00f3 nyomtatott utas\u00edt\u00e1sokban egy\u00e9rtelm\u0171en fel kell t\u00fcntetni a gy\u00e1rt\u00f3t<br \/>\nfelel\u0151s az\u00e9rt, hogy a sz\u00f3ban forg\u00f3 k\u00e1b\u00edt\u00f3szernek pontosan azt a t\u00e9tel\u00e9t forgalomba hozza, azaz csak azt a gy\u00e1rt\u00f3t adja meg, a<br \/>\nhagyd ki a t\u00f6bbieket.<br \/>\nEzt az utas\u00edt\u00e1st legut\u00f3bb j\u00f3v\u00e1hagyt\u00e1k<br \/>\n2020. szeptember<br \/>\n<strong>A gy\u00f3gyszer adagol\u00e1si m\u00f3dja:<\/strong><br \/>\nA gy\u00f3gyszert orvosi rendelv\u00e9ny n\u00e9lk\u00fcl adj\u00e1k ki.<br \/>\n<strong>Az enged\u00e9ly sz\u00e1ma \u00e9s d\u00e1tuma:<\/strong><br \/>\n515-01-04456-19-001 2020.09.16-t\u00f3l<\/p>\n<p><strong>Jegyzet:<\/strong>\u00a0Arra t\u00f6reksz\u00fcnk, hogy minden term\u00e9k le\u00edr\u00e1s\u00e1n\u00e1l a lehet\u0151 legpontosabbak legy\u00fcnk, de nem tudjuk garant\u00e1lni, hogy minden le\u00edr\u00e1s teljes \u00e9s hibamentes. K\u00f6sz\u00f6n\u00f6m a meg\u00e9rt\u00e9st.<br \/>\nAz oldalon felt\u00fcntetett \u00f6sszes elem k\u00edn\u00e1latunk r\u00e9sz\u00e9t k\u00e9pezi, de ez nem jelenti azt, hogy mindenkor el\u00e9rhet\u0151.<\/p>\n<p>&nbsp;<\/p>","protected":false},"featured_media":3807,"template":"","meta":[],"product_brand":[],"product_cat":[777],"product_tag":[943,1056,1055],"class_list":{"0":"post-3806","1":"product","2":"type-product","3":"status-publish","4":"has-post-thumbnail","6":"product_cat-proizvodi-koji-se-izdaju-bez-recepta","7":"product_tag-gljivice","8":"product_tag-rastvor-za-kozu","9":"product_tag-svrab","10":"pa_brend-sandoz","12":"first","13":"instock","14":"shipping-taxable","15":"product-type-simple"},"ams_default_variation_id":0,"ams_product_points_reward":[],"ams_product_discount_percentage":0,"ams_price_to_display":0,"ams_acf":[],"jetpack_sharing_enabled":true,"_links":{"self":[{"href":"https:\/\/apotekar-online.rs\/hu\/wp-json\/wp\/v2\/product\/3806","targetHints":{"allow":["GET"]}}],"collection":[{"href":"https:\/\/apotekar-online.rs\/hu\/wp-json\/wp\/v2\/product"}],"about":[{"href":"https:\/\/apotekar-online.rs\/hu\/wp-json\/wp\/v2\/types\/product"}],"wp:featuredmedia":[{"embeddable":true,"href":"https:\/\/apotekar-online.rs\/hu\/wp-json\/wp\/v2\/media\/3807"}],"wp:attachment":[{"href":"https:\/\/apotekar-online.rs\/hu\/wp-json\/wp\/v2\/media?parent=3806"}],"wp:term":[{"taxonomy":"product_brand","embeddable":true,"href":"https:\/\/apotekar-online.rs\/hu\/wp-json\/wp\/v2\/product_brand?post=3806"},{"taxonomy":"product_cat","embeddable":true,"href":"https:\/\/apotekar-online.rs\/hu\/wp-json\/wp\/v2\/product_cat?post=3806"},{"taxonomy":"product_tag","embeddable":true,"href":"https:\/\/apotekar-online.rs\/hu\/wp-json\/wp\/v2\/product_tag?post=3806"}],"curies":[{"name":"wp","href":"https:\/\/api.w.org\/{rel}","templated":true}]}}