{"id":3808,"date":"2023-08-03T09:33:39","date_gmt":"2023-08-03T11:33:39","guid":{"rendered":"https:\/\/apotekar-online.rs\/?post_type=product&#038;p=3808"},"modified":"2026-03-05T08:14:21","modified_gmt":"2026-03-05T10:14:21","slug":"femmabiotikus-20-kapszula","status":"publish","type":"product","link":"https:\/\/apotekar-online.rs\/hu\/p\/femmabiotic-20-kapsula\/","title":{"rendered":"FemmaBiotic 20 kapszula"},"content":{"rendered":"","protected":false},"excerpt":{"rendered":"<p>A FemmaBiotic helyre\u00e1ll\u00edtja a h\u00fcvelyfl\u00f3r\u00e1t, szab\u00e1lyozza a h\u00fcvely pH-j\u00e1t, megel\u0151zi a h\u00fcvelyi \u00e9s h\u00fagy\u00fati fert\u0151z\u00e9sek el\u0151fordul\u00e1s\u00e1t, enyh\u00edti a megl\u00e9v\u0151 fert\u0151z\u00e9sek t\u00fcneteit \u00e9s normaliz\u00e1lja a belek munk\u00e1j\u00e1t, ugyanakkor er\u0151s\u00edti a belekben a helyi immunit\u00e1st.<\/p>\n<p>A FemmaBiotic kapszula minden koroszt\u00e1ly sz\u00e1m\u00e1ra aj\u00e1nlott, l\u00e1nyoknak, serd\u00fcl\u0151knek, reprodukt\u00edv korban l\u00e9v\u0151 n\u0151knek, terhes n\u0151knek, menopauz\u00e1ban l\u00e9v\u0151 n\u0151knek, m\u0171t\u00e9ti beavatkoz\u00e1sok, sug\u00e1rkezel\u00e9s, kemoter\u00e1pia ut\u00e1n, minden n\u0151nek sz\u00fcl\u00e9s ut\u00e1n, bakteri\u00e1lis \u00e9s gomb\u00e1s h\u00fcvelyi betegs\u00e9gek megel\u0151z\u00e9s\u00e9re \u00e9s kezel\u00e9s\u00e9re. fert\u0151z\u00e9sek, a h\u00fcvelyi mikrofl\u00f3ra helyre\u00e1ll\u00edt\u00e1s\u00e1ra \u00e9s fenntart\u00e1s\u00e1ra antibiotikumok vagy gombaellenes gy\u00f3gyszerek alkalmaz\u00e1sa ut\u00e1n, a h\u00fcvely komfort\u00e9rzet\u00e9nek jav\u00edt\u00e1s\u00e1ra \u00e9s a h\u00fagy\u00fati fert\u0151z\u00e9sek megel\u0151z\u00e9s\u00e9re.<\/p>\n<p><strong>Fogalmaz\u00e1s:<\/strong><br \/>\nlactobacillus acidophilus La-14,<br \/>\nlactobacillus rhamnosus HN001,<br \/>\nlactobacillus gasseri Lg-36,<br \/>\nlactobacillus crispatus LCr-86.<\/p>\n<p><strong>Alkalmaz\u00e1si m\u00f3d \u00e9s adagol\u00e1s:<\/strong>\u00a0Vegyen be egy kapszul\u00e1t naponta f\u00e9l \u00f3r\u00e1val \u00e9tkez\u00e9s el\u0151tt.<\/p>\n<p><strong>Jegyzet:<\/strong>\u00a0Nem tartalmaz tart\u00f3s\u00edt\u00f3szert, glut\u00e9nt \u00e9s lakt\u00f3zt.<\/p>\n<p><strong>Csomagol\u00e1s:\u00a0<\/strong>20 db<\/p>\n<p><strong>Jegyzet:<\/strong>\u00a0Arra t\u00f6reksz\u00fcnk, hogy minden term\u00e9k le\u00edr\u00e1s\u00e1n\u00e1l a lehet\u0151 legpontosabbak legy\u00fcnk, de nem tudjuk garant\u00e1lni, hogy minden le\u00edr\u00e1s teljes \u00e9s hibamentes. K\u00f6sz\u00f6n\u00f6m a meg\u00e9rt\u00e9st.<br \/>\nAz oldalon felt\u00fcntetett \u00f6sszes elem k\u00edn\u00e1latunk r\u00e9sz\u00e9t k\u00e9pezi, de ez nem jelenti azt, hogy mindenkor el\u00e9rhet\u0151<\/p>\n<p>&nbsp;<\/p>\n<p>&nbsp;<\/p>","protected":false},"featured_media":3809,"template":"","meta":[],"product_brand":[],"product_cat":[85,88,81],"product_tag":[337,338,790],"class_list":{"0":"post-3808","1":"product","2":"type-product","3":"status-publish","4":"has-post-thumbnail","6":"product_cat-zdravlje-zena","7":"product_cat-intimna-nega","8":"product_cat-probiotici-i-enzimi","9":"product_tag-probiotik","10":"product_tag-urinarna-infekcija","11":"product_tag-vaginalna-mikrobiota","12":"pa_brend-optimus-pharma","14":"first","15":"instock","16":"shipping-taxable","17":"purchasable","18":"product-type-simple"},"ams_default_variation_id":0,"ams_product_points_reward":[],"ams_product_discount_percentage":0,"ams_price_to_display":1552.2,"ams_acf":[],"jetpack_sharing_enabled":true,"_links":{"self":[{"href":"https:\/\/apotekar-online.rs\/hu\/wp-json\/wp\/v2\/product\/3808","targetHints":{"allow":["GET"]}}],"collection":[{"href":"https:\/\/apotekar-online.rs\/hu\/wp-json\/wp\/v2\/product"}],"about":[{"href":"https:\/\/apotekar-online.rs\/hu\/wp-json\/wp\/v2\/types\/product"}],"wp:featuredmedia":[{"embeddable":true,"href":"https:\/\/apotekar-online.rs\/hu\/wp-json\/wp\/v2\/media\/3809"}],"wp:attachment":[{"href":"https:\/\/apotekar-online.rs\/hu\/wp-json\/wp\/v2\/media?parent=3808"}],"wp:term":[{"taxonomy":"product_brand","embeddable":true,"href":"https:\/\/apotekar-online.rs\/hu\/wp-json\/wp\/v2\/product_brand?post=3808"},{"taxonomy":"product_cat","embeddable":true,"href":"https:\/\/apotekar-online.rs\/hu\/wp-json\/wp\/v2\/product_cat?post=3808"},{"taxonomy":"product_tag","embeddable":true,"href":"https:\/\/apotekar-online.rs\/hu\/wp-json\/wp\/v2\/product_tag?post=3808"}],"curies":[{"name":"wp","href":"https:\/\/api.w.org\/{rel}","templated":true}]}}