{"id":3819,"date":"2023-08-03T11:14:41","date_gmt":"2023-08-03T13:14:41","guid":{"rendered":"https:\/\/apotekar-online.rs\/?post_type=product&#038;p=3819"},"modified":"2026-03-05T08:14:20","modified_gmt":"2026-03-05T10:14:20","slug":"pres-tabletta-a10","status":"publish","type":"product","link":"https:\/\/apotekar-online.rs\/hu\/p\/pressing-tablete-a10\/","title":{"rendered":"Tablett\u00e1k pr\u00e9sel\u00e9se a10"},"content":{"rendered":"","protected":false},"excerpt":{"rendered":"<h4><b><strong>Ennek a szernek az interneten t\u00f6rt\u00e9n\u0151 terjeszt\u00e9s\u00e9t szigor\u00faan tilos \u00e9s a Szerb K\u00f6zt\u00e1rsas\u00e1g t\u00f6rv\u00e9nyei szab\u00e1lyozz\u00e1k, m\u00edg az interneten t\u00f6rt\u00e9n\u0151 bemutat\u00e1sa megengedett, kiz\u00e1r\u00f3lag abb\u00f3l a c\u00e9lb\u00f3l, hogy a nagyk\u00f6z\u00f6ns\u00e9get \u00e9s a szakmai k\u00f6zv\u00e9lem\u00e9nyt t\u00e1j\u00e9koztass\u00e1k a c\u00e9lr\u00f3l, \u00e9s jobban megismerj\u00e9k a gy\u00f3gyszert. mag\u00e1nak a gy\u00f3gyszernek az alapvet\u0151 jellemz\u0151i.<\/strong><\/b><\/h4>\n<p>A GY\u00d3GYSZERREKEZD\u00c9S M\u00d3DJ\u00c1R\u00d3L SZ\u00d3L\u00d3 RENDELETET MEGTEKINHET\u0150, GY\u00d3GYSZERRE VONATKOZ\u00d3AN (&quot;Sl. Gl. RS&quot;, 79\/2010. sz.)\u00a0<a href=\"http:\/\/www.alims.gov.rs\/ciril\/files\/2012\/06\/p-oglasavanje-79-2010.pdf\">ITT<\/a>.<\/p>\n<p><b><strong>Olvassa el figyelmesen ezt a k\u00e9zik\u00f6nyvet, mert az \u00d6n sz\u00e1m\u00e1ra fontos inform\u00e1ci\u00f3kat tartalmaz.<br \/>\n<\/strong><\/b>Ez a gy\u00f3gyszer v\u00e9ny n\u00e9lk\u00fcl kaphat\u00f3. A pr\u00e9sel\u00e9st azonban \u00f3vatosan kell haszn\u00e1lni, hogy a legjobb eredm\u00e9nyt \u00e9rj\u00fck el vele.<\/p>\n<ul>\n<li>Mentse el az utas\u00edt\u00e1sokat. Lehet, hogy \u00fajra el kell olvasnia.<\/li>\n<li>Ha tov\u00e1bbi k\u00e9rd\u00e9se van, k\u00e9rdezze meg gy\u00f3gyszer\u00e9sz\u00e9t.<\/li>\n<li>Ha t\u00fcnetei s\u00falyosbodnak, vagy nem javul, forduljon orvos\u00e1hoz.<\/li>\n<li>Ha b\u00e1rmely mell\u00e9khat\u00e1s s\u00falyoss\u00e1 v\u00e1lik, vagy olyan mell\u00e9khat\u00e1st \u00e9szlel, amely nem szerepel ebben az \u00fatmutat\u00f3ban, k\u00e9rj\u00fck, \u00e9rtes\u00edtse orvos\u00e1t vagy gy\u00f3gyszer\u00e9sz\u00e9t.<\/li>\n<\/ul>\n<p><b><strong>Ebben az \u00fatmutat\u00f3ban a k\u00f6vetkez\u0151ket olvashatja:<\/strong><\/b><\/p>\n<ol>\n<li>Mi a Pressing gy\u00f3gyszer \u00e9s mire val\u00f3?<\/li>\n<li>Tudnival\u00f3k a gy\u00f3gyszer szed\u00e9se el\u0151tt Pr\u00e9sel\u00e9s<\/li>\n<li>Hogyan kell szedni a gy\u00f3gyszert Pr\u00e9sel\u00e9s<\/li>\n<li>Lehets\u00e9ges mell\u00e9khat\u00e1sok<\/li>\n<li>Hogyan kell a gy\u00f3gyszert t\u00e1rolni Pr\u00e9sel\u00e9s<\/li>\n<li>A csomag tartalma \u00e9s egy\u00e9b inform\u00e1ci\u00f3k<\/li>\n<\/ol>\n<ol>\n<li><b><strong> Mi a Pressing gy\u00f3gyszer \u00e9s mire val\u00f3?<\/strong><\/b><\/li>\n<\/ol>\n<p>A Pressing tabletta az antihisztaminok (H1 receptor blokkol\u00f3k) n\u00e9ven ismert gy\u00f3gyszerek csoportj\u00e1ba tartozik.<\/p>\n<p>Az antihisztaminok seg\u00edtenek az allergi\u00e1s t\u00fcnetek enyh\u00edt\u00e9s\u00e9ben az\u00e1ltal, hogy megakad\u00e1lyozz\u00e1k a szervezetben termel\u0151d\u0151 hisztamin nev\u0171 anyag hat\u00e1s\u00e1t.<\/p>\n<p>A Pressing tabletta enyh\u00edti az allergi\u00e1s n\u00e1tha (pl. sz\u00e9nan\u00e1tha) t\u00fcneteit, amelyek t\u00fcssz\u00f6g\u00e9ssel, orrfoly\u00e1ssal vagy viszket\u00e9ssel \u00e9s orr-irrit\u00e1ci\u00f3 \u00e9rz\u00e9ssel, \u00e9g\u0151 vagy szemviszket\u00e9ssel jellemezhet\u0151k.<\/p>\n<p>A Lek Pressing tablett\u00e1t a viszket\u00e9ssel \u00e9s b\u0151rp\u00edrral jellemezhet\u0151 kr\u00f3nikus idiop\u00e1ti\u00e1s csal\u00e1nki\u00fct\u00e9s (csal\u00e1nki\u00fct\u00e9s) t\u00fcneteinek enyh\u00edt\u00e9s\u00e9re is haszn\u00e1lj\u00e1k.<\/p>\n<ol start=\"2\">\n<li><b><strong> Tudnival\u00f3k a gy\u00f3gyszer szed\u00e9se el\u0151tt Pr\u00e9sel\u00e9s<\/strong><\/b><\/li>\n<\/ol>\n<p><b><strong>A Lek Pressing-et nem szabad bevenni:<\/strong><\/b><\/p>\n<p>ha allergi\u00e1s (t\u00fal\u00e9rz\u00e9keny) a loratadinra vagy a gy\u00f3gyszer b\u00e1rmely seg\u00e9danyag\u00e1ra (l\u00e1sd 6. \u201eSeg\u00e9danyagok tartalma\u201d).<\/p>\n<p><b><strong>Figyelmeztet\u00e9sek \u00e9s \u00f3vint\u00e9zked\u00e9sek<\/strong><\/b><\/p>\n<p>A Pressing Tablets szed\u00e9se el\u0151tt besz\u00e9ljen kezel\u0151orvos\u00e1val vagy gy\u00f3gyszer\u00e9sz\u00e9vel:<\/p>\n<ul>\n<li>ha s\u00falyos m\u00e1jbetegs\u00e9ge van<\/li>\n<li>ha b\u00e1rmilyen b\u0151rallergi\u00e1s vizsg\u00e1latot kell v\u00e9geznie, ne vegye be a tablett\u00e1k pr\u00e9sel\u00e9s\u00e9t<\/li>\n<li>legal\u00e1bb k\u00e9t nappal a vizsg\u00e1latok elv\u00e9gz\u00e9se el\u0151tt, mivel ez a gy\u00f3gyszer befoly\u00e1solhatja a tesztek eredm\u00e9nyeit.<\/li>\n<\/ul>\n<p><b><strong>Egy\u00e9b gy\u00f3gyszerek \u00e9s pr\u00e9sel\u00e9s<\/strong><\/b><\/p>\n<p>Felt\u00e9tlen\u00fcl t\u00e1j\u00e9koztassa kezel\u0151orvos\u00e1t vagy gy\u00f3gyszer\u00e9sz\u00e9t a jelenleg vagy nemr\u00e9giben szedett, valamint szedni tervezett egy\u00e9b gy\u00f3gyszereir\u0151l, bele\u00e9rtve a v\u00e9ny n\u00e9lk\u00fcl kaphat\u00f3 k\u00e9sz\u00edtm\u00e9nyeket is.<\/p>\n<p><b><strong>Mondja el kezel\u0151orvos\u00e1nak, ha az al\u00e1bbi gy\u00f3gyszerek b\u00e1rmelyik\u00e9t szedi:<\/strong><\/b><\/p>\n<p>Lehets\u00e9ges k\u00f6lcs\u00f6nhat\u00e1s az \u00f6sszes ismert CYP3A4 vagy CYP2D6 g\u00e1tl\u00f3val, ami a loratadin plazmakoncentr\u00e1ci\u00f3j\u00e1nak n\u00f6veked\u00e9s\u00e9hez \u00e9s a mell\u00e9khat\u00e1sok val\u00f3sz\u00edn\u0171s\u00e9g\u00e9nek n\u00f6veked\u00e9s\u00e9hez vezethet.<\/p>\n<p>A loratadin plazmakoncentr\u00e1ci\u00f3j\u00e1nak n\u00f6veked\u00e9s\u00e9r\u0151l sz\u00e1moltak be ketokonazollal (gomb\u00e1s fert\u0151z\u00e9sek kezel\u00e9s\u00e9re szolg\u00e1l\u00f3 gy\u00f3gyszer), eritromicinnel (antibiotikum) \u00e9s cimetidinnel (fek\u00e9lyek kezel\u00e9s\u00e9re szolg\u00e1l\u00f3 gy\u00f3gyszer) t\u00f6rt\u00e9n\u0151 egyidej\u0171 alkalmaz\u00e1s ut\u00e1n, de klinikailag jelent\u0151s v\u00e1ltoz\u00e1sok n\u00e9lk\u00fcl. (bele\u00e9rtve az elektrokardiogr\u00e1fi\u00e1t is)<\/p>\n<p><b><strong>A Pressing egyidej\u0171 bev\u00e9tele \u00e9tellel, itallal \u00e9s alkohollal<\/strong><\/b><\/p>\n<p>A Lek Pressing \u00e9tkez\u00e9si id\u0151t\u0151l f\u00fcggetlen\u00fcl bevehet\u0151.<\/p>\n<p>A Lek Pressing nem fokozza az alkoholtartalm\u00fa italok hat\u00e1s\u00e1t.<\/p>\n<p><b><strong>Terhess\u00e9g, szoptat\u00e1s \u00e9s term\u00e9kenys\u00e9g<\/strong><\/b><\/p>\n<p>Ha \u00d6n terhes vagy szoptat, \u00fagy gondolja, hogy terhes lehet, vagy terhess\u00e9get tervez, a gy\u00f3gyszer szed\u00e9se el\u0151tt k\u00e9rje ki kezel\u0151orvosa vagy gy\u00f3gyszer\u00e9sze tan\u00e1cs\u00e1t.<\/p>\n<p>Ne szedje a Pressing gy\u00f3gyszert terhess\u00e9g alatt.<\/p>\n<p>A Pressing gy\u00f3gyszert nem szabad szoptat\u00e1s alatt szedni, tekintettel arra, hogy a loratadin kiv\u00e1laszt\u00f3dik az anyatejbe.<\/p>\n<p><b><strong>J\u00e1rm\u0171vek vezet\u00e9se \u00e9s g\u00e9pek kezel\u00e9se<\/strong><\/b><\/p>\n<p>A Lek Pressing tabletta nem, vagy csak elhanyagolhat\u00f3 m\u00e9rt\u00e9kben befoly\u00e1solja a g\u00e9pj\u00e1rm\u0171vezet\u00e9st \u00e9s a g\u00e9pek kezel\u00e9s\u00e9t.<\/p>\n<p>Azonban nagyon ritk\u00e1n egyesek \u00e1lmoss\u00e1got tapasztalhatnak, ami befoly\u00e1solhatja a g\u00e9pj\u00e1rm\u0171vezet\u00e9shez \u00e9s g\u00e9pek kezel\u00e9s\u00e9hez sz\u00fcks\u00e9ges k\u00e9pess\u00e9geket.<\/p>\n<p><b><strong>A Lek Pressing lakt\u00f3zt tartalmaz<\/strong><\/b><\/p>\n<p>Bizonyos cukrokra val\u00f3 intolerancia eset\u00e9n a gy\u00f3gyszer alkalmaz\u00e1sa el\u0151tt konzult\u00e1ljon orvos\u00e1val.<\/p>\n<ol start=\"3\">\n<li><b><strong> Hogyan kell szedni a gy\u00f3gyszert Pr\u00e9sel\u00e9s<\/strong><\/b><\/li>\n<\/ol>\n<p>Ezt a gy\u00f3gyszert mindig pontosan a betegt\u00e1j\u00e9koztat\u00f3ban le\u00edrtaknak, vagy az orvos vagy gy\u00f3gyszer\u00e9sze \u00e1ltal elmondottaknak megfelel\u0151en szedje. Ha nem biztos benne, k\u00e9rdezze meg kezel\u0151orvos\u00e1t vagy gy\u00f3gyszer\u00e9sz\u00e9t.<\/p>\n<p><b><strong>Feln\u0151ttek<\/strong><\/b><\/p>\n<p>Egy tabletta naponta egyszer.<\/p>\n<p><b><strong>Gyermekpopul\u00e1ci\u00f3<\/strong><\/b><\/p>\n<p><b><strong>6 \u00e9ves vagy ann\u00e1l id\u0151sebb, 30 kg-n\u00e1l nagyobb testt\u00f6meg\u0171 gyermekek<\/strong><\/b><\/p>\n<p>Egy tabletta naponta egyszer.<\/p>\n<p>A 6 \u00e9v alatti vagy 30 kg-n\u00e1l kisebb testt\u00f6meg\u0171 gyermekek megfelel\u0151 adagol\u00e1s\u00e1ra alkalmasabb gy\u00f3gyszerk\u00e9sz\u00edtm\u00e9nyek \u00e1llnak rendelkez\u00e9sre.<\/p>\n<p><b><strong>2 \u00e9v alatti gyermekek<\/strong><\/b><\/p>\n<p>Az adatok hi\u00e1nya miatt a loratadin tablett\u00e1k biztons\u00e1gos felhaszn\u00e1l\u00e1sa \u00e9s hat\u00e9konys\u00e1ga nem bizony\u00edtott.<\/p>\n<p><b><strong>K\u00e1rosodott m\u00e1jfunkci\u00f3j\u00fa betegek<\/strong><\/b><\/p>\n<p>S\u00falyos m\u00e1jk\u00e1rosod\u00e1sban szenved\u0151 betegekn\u00e9l alacsonyabb kezdeti adagokat \u00edrnak el\u0151 a cs\u00f6kkentett d\u00f3zis miatt<\/p>\n<p>a loratadin clearance \u00e9rt\u00e9kei.<\/p>\n<p>Feln\u0151ttekn\u00e9l \u00e9s 30 kg-n\u00e1l nagyobb testt\u00f6meg\u0171 gyermekekn\u00e9l a loratadin kezd\u0151 adagja 10 mg, minden m\u00e1sodik nap javasolt.<\/p>\n<p><b><strong>K\u00e1rosodott vesem\u0171k\u00f6d\u00e9s\u0171 betegek<\/strong><\/b><\/p>\n<p>K\u00e1rosodott vesem\u0171k\u00f6d\u00e9s\u0171 betegekn\u00e9l vagy id\u0151sekn\u00e9l a gy\u00f3gyszeradag k\u00fcl\u00f6n\u00f6s m\u00f3dos\u00edt\u00e1sa nem sz\u00fcks\u00e9ges.<\/p>\n<p><b><strong>Id\u0151sek<\/strong><\/b><\/p>\n<p>Id\u0151s betegekn\u00e9l nincs sz\u00fcks\u00e9g d\u00f3zism\u00f3dos\u00edt\u00e1sra.<\/p>\n<p><b><strong>Or\u00e1lis bead\u00e1s<\/strong><\/b><\/p>\n<p>A gy\u00f3gyszer \u00e9tkez\u00e9st\u0151l f\u00fcggetlen\u00fcl is bevehet\u0151.<\/p>\n<p><b><strong>Ha az el\u0151\u00edrtn\u00e1l t\u00f6bb Pressing-et vett be<\/strong><\/b><\/p>\n<p>Csak az el\u0151\u00edr\u00e1s szerint vegye be a gy\u00f3gyszert. V\u00e9letlen t\u00faladagol\u00e1s eset\u00e9n nem v\u00e1rhat\u00f3 komoly probl\u00e9ma. Ha azonban az el\u0151\u00edrtn\u00e1l t\u00f6bb Pressing tablett\u00e1t vett be, azonnal forduljon orvos\u00e1hoz vagy gy\u00f3gyszer\u00e9sz\u00e9hez.<\/p>\n<p>A Pressing tabletta t\u00faladagol\u00e1sa eset\u00e9n \u00e1lmoss\u00e1gr\u00f3l, szapora sz\u00edvver\u00e9sr\u0151l \u00e9s fejf\u00e1j\u00e1sr\u00f3l sz\u00e1moltak be.<\/p>\n<p><b><strong>Ha elfelejtette bevenni a gy\u00f3gyszert Pr\u00e9sel\u00e9s<\/strong><\/b><\/p>\n<p>Ha elfelejtett id\u0151ben bevenni egy adag gy\u00f3gyszert, vegye be a lehet\u0151 leghamarabb, majd folytassa a gy\u00f3gyszer szed\u00e9s\u00e9t a szok\u00e1sos \u00fctemterv szerint. Ha azonban k\u00f6zeledik a k\u00f6vetkez\u0151 adag bev\u00e9tel\u00e9nek ideje, folytassa a gy\u00f3gyszer szed\u00e9s\u00e9t az aj\u00e1nlott adagol\u00e1si rend szerint.<\/p>\n<p>Soha ne vegyen be dupla adag gy\u00f3gyszert a kihagyott adag p\u00f3tl\u00e1s\u00e1ra!<\/p>\n<p><b><strong>Ha hirtelen abbahagyja a gy\u00f3gyszer szed\u00e9s\u00e9t Pr\u00e9sel\u00e9s<\/strong><\/b><\/p>\n<p>Kezel\u0151orvosa tan\u00e1csot ad \u00d6nnek, hogy mikor kell abbahagyni a kezel\u00e9st.<\/p>\n<p>Ha b\u00e1rmilyen tov\u00e1bbi k\u00e9rd\u00e9se van a gy\u00f3gyszer alkalmaz\u00e1s\u00e1val kapcsolatban, k\u00e9rdezze meg kezel\u0151orvos\u00e1t vagy gy\u00f3gyszer\u00e9sz\u00e9t.<\/p>\n<ol start=\"4\">\n<li><b><strong> Lehets\u00e9ges mell\u00e9khat\u00e1sok<\/strong><\/b><\/li>\n<\/ol>\n<p>Mint minden gy\u00f3gyszer, \u00edgy ez a gy\u00f3gyszer is okozhat mell\u00e9khat\u00e1sokat, amelyek azonban nem mindenkin\u00e9l jelentkeznek.<\/p>\n<ul>\n<li>Nagyon gyakori mell\u00e9khat\u00e1sok (10 gy\u00f3gyszert szed\u0151 beteg k\u00f6z\u00fcl t\u00f6bb mint 1-n\u00e9l fordulhatnak el\u0151):<\/li>\n<li>Gyakori mell\u00e9khat\u00e1sok (10 gy\u00f3gyszert szed\u0151 beteg k\u00f6z\u00fcl legfeljebb 1-n\u00e9l fordulhatnak el\u0151):<\/li>\n<li>Alkalmank\u00e9nt fell\u00e9p\u0151 mell\u00e9khat\u00e1sok (100 gy\u00f3gyszert szed\u0151 beteg k\u00f6z\u00fcl legfeljebb 1-n\u00e9l fordulhatnak el\u0151):<\/li>\n<li>Ritka mell\u00e9khat\u00e1sok (1000 gy\u00f3gyszert szed\u0151 beteg k\u00f6z\u00fcl legfeljebb 1-n\u00e9l fordulhat el\u0151):<\/li>\n<li>Nagyon ritka mell\u00e9khat\u00e1sok (10 000 gy\u00f3gyszert szed\u0151 beteg k\u00f6z\u00fcl legfeljebb 1-n\u00e9l fordulhat el\u0151):<\/li>\n<\/ul>\n<p><b><strong>Nem ismert gyakoris\u00e1g:<\/strong><\/b>\u00a0a rendelkez\u00e9sre \u00e1ll\u00f3 adatokb\u00f3l nem lehet megbecs\u00fclni.<\/p>\n<p>A feln\u0151ttekn\u00e9l \u00e9s serd\u00fcl\u0151kn\u00e9l leggyakrabban jelentett mell\u00e9khat\u00e1sok a k\u00f6vetkez\u0151k: \u00e1lmoss\u00e1g, fejf\u00e1j\u00e1s, fokozott \u00e9tv\u00e1gy \u00e9s \u00e1lmatlans\u00e1g.<\/p>\n<p>Nagyon ritk\u00e1n s\u00falyos allergi\u00e1s reakci\u00f3k (bele\u00e9rtve az angio\u00f6d\u00e9m\u00e1t \u00e9s az anafilaxi\u00e1s reakci\u00f3t), sz\u00e9d\u00fcl\u00e9s, g\u00f6rcs\u00f6k (g\u00f6rcs\u00f6k), szapora vagy szab\u00e1lytalan sz\u00edvver\u00e9s, h\u00e1nyinger, sz\u00e1jsz\u00e1razs\u00e1g, gyomorny\u00e1lkah\u00e1rtya-gyullad\u00e1s (gasztritisz), m\u00e1jm\u0171k\u00f6d\u00e9si zavarok, finomszemcs\u00e9s ki\u00fct\u00e9sek, hajhull\u00e1sr\u00f3l sz\u00e1moltak be.\u00e9s f\u00e1radts\u00e1g\u00e9rzetr\u0151l.<\/p>\n<p><b><strong>Nem ismert gyakoris\u00e1g:\u00a0<\/strong><\/b>h\u00edz\u00e1s.<\/p>\n<p>A 2-12 \u00e9ves gyermekekn\u00e9l a leggyakrabban jelentett mell\u00e9khat\u00e1sok a k\u00f6vetkez\u0151k: fejf\u00e1j\u00e1s, szorong\u00e1s \u00e9s f\u00e1radts\u00e1g.<\/p>\n<p><b><strong>Ha b\u00e1rmely mell\u00e9khat\u00e1s s\u00falyoss\u00e1 v\u00e1lik, vagy olyan mell\u00e9khat\u00e1st \u00e9szlel, amely nem szerepel ebben az \u00fatmutat\u00f3ban, k\u00e9rj\u00fck, \u00e9rtes\u00edtse orvos\u00e1t vagy gy\u00f3gyszer\u00e9sz\u00e9t.<\/strong><\/b><\/p>\n<p><b><strong>A mell\u00e9khat\u00e1sok bejelent\u00e9se<\/strong><\/b><\/p>\n<p>Ha b\u00e1rmilyen nemk\u00edv\u00e1natos reakci\u00f3t tapasztal, t\u00e1j\u00e9koztassa kezel\u0151orvos\u00e1t vagy gy\u00f3gyszer\u00e9sz\u00e9t.<\/p>\n<p>Ez mag\u00e1ban foglalja az ebben az \u00fatmutat\u00f3ban nem szerepl\u0151 esetleges mell\u00e9khat\u00e1sokat is. A mell\u00e9khat\u00e1sok bejelent\u00e9s\u00e9vel seg\u00edthet a gy\u00f3gyszer biztons\u00e1goss\u00e1g\u00e1nak \u00e9rt\u00e9kel\u00e9s\u00e9ben. A felt\u00e9telezett mell\u00e9khat\u00e1sokat bejelentheti a Szerbiai Gy\u00f3gyszer- \u00e9s Orvostechnikai Eszk\u00f6z\u00f6k \u00dcgyn\u00f6ks\u00e9g\u00e9nek (ALIMS):<\/p>\n<p><b><strong>Szerb Gy\u00f3gyszer- \u00e9s Orvostechnikai \u00dcgyn\u00f6ks\u00e9g<\/strong><\/b><\/p>\n<p><b><strong>Orsz\u00e1gos Farmakovigilancia K\u00f6zpont<\/strong><\/b><\/p>\n<p><b><strong>Vojvode Stepe 458, 11221 Belgr\u00e1d<\/strong><\/b><\/p>\n<p><b><strong>Szerb K\u00f6zt\u00e1rsas\u00e1g<\/strong><\/b><\/p>\n<p><b><strong>Weboldal: www.alims.gov.rs<\/strong><\/b><\/p>\n<p><b><strong>e-mail: nezeljene.reakcije@alims.gov.rs<\/strong><\/b><\/p>\n<ol start=\"5\">\n<li><b><strong> Hogyan kell a gy\u00f3gyszert t\u00e1rolni Pr\u00e9sel\u00e9s<\/strong><\/b><\/li>\n<\/ol>\n<p>A gy\u00f3gyszer gyermekekt\u0151l elz\u00e1rva tartand\u00f3.<\/p>\n<p>A k\u00fcls\u0151 \u00e9s bels\u0151 csomagol\u00e1son felt\u00fcntetett lej\u00e1rati id\u0151 (&quot;Felhaszn\u00e1lhat\u00f3&quot;) ut\u00e1n tilos a gy\u00f3gyszert Pr\u00e9selhet\u0151 tabletta felhaszn\u00e1lni. A lej\u00e1rati id\u0151 a megadott h\u00f3nap utols\u00f3 napj\u00e1ra vonatkozik.<\/p>\n<p>A Lek Pressing tabletta k\u00fcl\u00f6nleges t\u00e1rol\u00e1si k\u00f6r\u00fclm\u00e9nyeket nem ig\u00e9nyel.<\/p>\n<p>A haszn\u00e1lhatatlan gy\u00f3gyszereket a gy\u00f3gyszert\u00e1rnak adj\u00e1k \u00e1t, amelyen fel van t\u00fcntetve, hogy a gy\u00f3gyszert\u00e1r beszedi az \u00e1llampolg\u00e1rokt\u00f3l a haszn\u00e1lhatatlan gy\u00f3gyszereket. A felhaszn\u00e1lhatatlan gy\u00f3gyszereket tilos a csatorn\u00e1ba vagy a kommun\u00e1lis hullad\u00e9kkal egy\u00fctt dobni. Ezek az int\u00e9zked\u00e9sek seg\u00edtik a k\u00f6rnyezet v\u00e9delm\u00e9t.<\/p>\n<ol start=\"6\">\n<li><b><strong> A csomag tartalma \u00e9s egy\u00e9b inform\u00e1ci\u00f3k<\/strong><\/b><\/li>\n<\/ol>\n<p><b><strong>Mit tartalmaz a Pressing?<\/strong><\/b><\/p>\n<p>A hat\u00f3anyagok a k\u00f6vetkez\u0151k:<\/p>\n<p>Egy tabletta tartalma: 10 mg loratadin<\/p>\n<p>Seg\u00e9danyagok: lakt\u00f3z, monohidr\u00e1t; kem\u00e9ny\u00edt\u0151, kukorica; szil\u00edcium-dioxid, kolloid, v\u00edzmentes; povidon K 30; poliszorb\u00e1t 80; cellul\u00f3z, mikrokrist\u00e1lyos; kroszpovidon; hint\u0151por; magn\u00e9zium-sztear\u00e1t<\/p>\n<p><b><strong>Milyen a pr\u00e9sel\u00e9s gy\u00f3gyszer k\u00fclleme \u00e9s mit tartalmaz a csomagol\u00e1s<\/strong><\/b><\/p>\n<p>A Lek Pressing tabletta kerek, mindk\u00e9t oldal\u00e1n dombor\u00fa, feh\u00e9r vagy csaknem feh\u00e9r tabletta, egyik oldal\u00e1n t\u00f6r\u0151vonallal.<\/p>\n<p>Az elv\u00e1laszt\u00f3 vonal csak a gy\u00f3gyszer felt\u00f6r\u00e9s\u00e9nek megk\u00f6nny\u00edt\u00e9s\u00e9re szolg\u00e1l, hogy megk\u00f6nny\u00edtse a lenyel\u00e9st, nem pedig az adag egyenl\u0151 adagokra val\u00f3 feloszt\u00e1s\u00e1t.<\/p>\n<p>A bels\u0151 csomagol\u00e1s bubor\u00e9kf\u00f3lia (Al\/PVC f\u00f3lia), 10 db 10 mg-os tablett\u00e1val.<\/p>\n<p>A k\u00fcls\u0151 csomagol\u00e1s egy \u00f6sszecsukhat\u00f3 kartondoboz, amely egy bubor\u00e9kf\u00f3li\u00e1t tartalmaz 10 tablett\u00e1val \u00e9s egy haszn\u00e1lati utas\u00edt\u00e1st.<\/p>\n<p><b><strong>Enged\u00e9ly tulajdonosa \u00e9s gy\u00e1rt\u00f3ja<\/strong><\/b><\/p>\n<p>HEMOFARM AD VR\u0160AC<\/p>\n<p>Beogradski put bb Vr\u0161ac, Szerb K\u00f6zt\u00e1rsas\u00e1g<\/p>\n<p>Ezt az \u00fatmutat\u00f3t legut\u00f3bb 2019 m\u00e1rcius\u00e1ban hagyt\u00e1k j\u00f3v\u00e1.<\/p>\n<p><b><strong>A gy\u00f3gyszer adagol\u00e1si m\u00f3dja:<\/strong><\/b><\/p>\n<p>A gy\u00f3gyszert orvosi rendelv\u00e9ny n\u00e9lk\u00fcl adj\u00e1k ki.<\/p>\n<h4><b><strong>Haszn\u00e1lat el\u0151tt olvassa el r\u00e9szletesen az utas\u00edt\u00e1sokat. Az indik\u00e1ci\u00f3kkal, \u00f3vint\u00e9zked\u00e9sekkel \u00e9s a gy\u00f3gyszermell\u00e9khat\u00e1sokkal kapcsolatban forduljon orvos\u00e1hoz vagy gy\u00f3gyszer\u00e9sz\u00e9hez.<\/strong><\/b><\/h4>\n<p>&nbsp;<\/p>\n<p><strong>Jegyzet:<\/strong>\u00a0Arra t\u00f6reksz\u00fcnk, hogy minden term\u00e9k le\u00edr\u00e1s\u00e1n\u00e1l a lehet\u0151 legpontosabbak legy\u00fcnk, de nem tudjuk garant\u00e1lni, hogy minden le\u00edr\u00e1s teljes \u00e9s hibamentes. K\u00f6sz\u00f6n\u00f6m a meg\u00e9rt\u00e9st.<br \/>\nAz oldalon felt\u00fcntetett \u00f6sszes elem k\u00edn\u00e1latunk r\u00e9sz\u00e9t k\u00e9pezi, de ez nem jelenti azt, hogy mindenkor el\u00e9rhet\u0151<\/p>\n<p>&nbsp;<\/p>","protected":false},"featured_media":3820,"template":"","meta":[],"product_brand":[],"product_cat":[779,91],"product_tag":[775,1062],"class_list":{"0":"post-3819","1":"product","2":"type-product","3":"status-publish","4":"has-post-thumbnail","6":"product_cat-antihistaminici","7":"product_cat-preparati-za-alergiju","8":"product_tag-alergija","9":"product_tag-antihistaminik","11":"first","12":"instock","13":"shipping-taxable","14":"product-type-simple"},"ams_default_variation_id":0,"ams_product_points_reward":[],"ams_product_discount_percentage":0,"ams_price_to_display":0,"ams_acf":[],"jetpack_sharing_enabled":true,"_links":{"self":[{"href":"https:\/\/apotekar-online.rs\/hu\/wp-json\/wp\/v2\/product\/3819","targetHints":{"allow":["GET"]}}],"collection":[{"href":"https:\/\/apotekar-online.rs\/hu\/wp-json\/wp\/v2\/product"}],"about":[{"href":"https:\/\/apotekar-online.rs\/hu\/wp-json\/wp\/v2\/types\/product"}],"wp:featuredmedia":[{"embeddable":true,"href":"https:\/\/apotekar-online.rs\/hu\/wp-json\/wp\/v2\/media\/3820"}],"wp:attachment":[{"href":"https:\/\/apotekar-online.rs\/hu\/wp-json\/wp\/v2\/media?parent=3819"}],"wp:term":[{"taxonomy":"product_brand","embeddable":true,"href":"https:\/\/apotekar-online.rs\/hu\/wp-json\/wp\/v2\/product_brand?post=3819"},{"taxonomy":"product_cat","embeddable":true,"href":"https:\/\/apotekar-online.rs\/hu\/wp-json\/wp\/v2\/product_cat?post=3819"},{"taxonomy":"product_tag","embeddable":true,"href":"https:\/\/apotekar-online.rs\/hu\/wp-json\/wp\/v2\/product_tag?post=3819"}],"curies":[{"name":"wp","href":"https:\/\/api.w.org\/{rel}","templated":true}]}}