{"id":3961,"date":"2023-08-28T08:17:22","date_gmt":"2023-08-28T10:17:22","guid":{"rendered":"https:\/\/apotekar-online.rs\/?post_type=product&#038;p=3961"},"modified":"2026-03-05T08:14:13","modified_gmt":"2026-03-05T10:14:13","slug":"loreal-paris-elseve-total-repair-5-sampon-za-kosu-250ml","status":"publish","type":"product","link":"https:\/\/apotekar-online.rs\/hu\/p\/loreal-paris-elseve-total-repair-5-sampon-za-kosu-250ml\/","title":{"rendered":"L&#039;Oreal Paris Elseve Total Repair 5 hajsampon 250ml"},"content":{"rendered":"","protected":false},"excerpt":{"rendered":"<ul class=\"_1609wnw2\">\n<li>\u0160ampon za slabu i o\u0161te\u0107enu kosu<\/li>\n<li>Daje kosi vi\u0161e snage, puno\u0107e, vitalnosti, meko\u0107e i sjaja<\/li>\n<li>Obnavlja kosu<\/li>\n<li>Bogat keramidima i aminokiselinama<\/li>\n<\/ul>\n<div class=\"_1609wnw3\">L&#8217;Oreal Paris Elseve Total Repair 5 \u0161ampon je bogat keramidima i aminokiselinama i prilago\u0111en je potrebama o\u0161tec\u0301ene kose. Specijalna formula \u0161ampona pru\u017ea savr\u0161enu negu kose sa 5 rezultata: pobolj\u0161ava otpornost i vitalnost, kosa postaje sjajnija, svilenkasta i meka. Pored toga, \u0161ampon Elseve Total Repair obnavlja o\u0161tec\u0301enu kosu i ja\u010da njenu strukturu. Redovna upotreba uklanja znakove o\u0161tec\u0301ene kose kao \u0161to su suvoc\u0301a i ispucali vrhovi. Za negovanu kosu i vitalnost, tu je L&#8217;OREAL PARIS Elseve Total Repair 5!<\/div>\n<div><\/div>\n<div><strong>Fogalmaz\u00e1s:<\/strong> AQUA \/ WATER, SODIUM LAURETH SULFATE, SODIUM CHLORIDE, COCAMIDOPROPYL BETAINE, DIMETHICONE, PARFUM \/ FRAGRANCE, CI 77891 \/ TITANIUM DIOXIDE, GUAR HYDROXYPROPYLTRIMONIUM CHLORIDE, MICA, COCO-BETAINE, SODIUM BENZOATE, SODIUM HYDROXIDE, PHENOXYETHANOL, STEARETH-6, ACETIC ACID, PEG-100 STEARATE, ARGININE, TRIDECETH-10, TRIDECETH-3, SALICYLIC ACID, LIMONENE, FUMARIC ACID, LINALOOL, BENZYL ALCOHOL, AMODIMETHICONE, 2-OLEAMIDO-1,3-OCTADECANEDIOL, ALPHA-ISOMETHYL IONONE, CARBOMER, SERINE, CITRIC ACID, CITRONELLOL, HEXYLENE GLYCOL, HEXYL CINNAMAL, GLYCOL DISTEARATE,<\/div>\n<div>Pakovanje od 250 ml<\/div>\n<div><\/div>\n<div><strong>Jegyzet:<\/strong>\u00a0Arra t\u00f6reksz\u00fcnk, hogy minden term\u00e9k le\u00edr\u00e1s\u00e1n\u00e1l a lehet\u0151 legpontosabbak legy\u00fcnk, de nem tudjuk garant\u00e1lni, hogy minden le\u00edr\u00e1s teljes \u00e9s hibamentes. K\u00f6sz\u00f6n\u00f6m a meg\u00e9rt\u00e9st.<br \/>\nAz oldalon felt\u00fcntetett \u00f6sszes elem k\u00edn\u00e1latunk r\u00e9sz\u00e9t k\u00e9pezi, de ez nem jelenti azt, hogy mindenkor el\u00e9rhet\u0151.<\/div>\n<div><\/div>","protected":false},"featured_media":3962,"template":"","meta":[],"product_brand":[],"product_cat":[1073,547,147],"product_tag":[485,1187,823,808,1186],"class_list":{"0":"post-3961","1":"product","2":"type-product","3":"status-publish","4":"has-post-thumbnail","6":"product_cat-samponi","7":"product_cat-kozmetika-i-nega-za-odrasle","8":"product_cat-samponi-za-negu-kose","9":"product_tag-aminokiseline","10":"product_tag-keraminida","11":"product_tag-ostecena-kosa","12":"product_tag-sampon-za-kosu","13":"product_tag-slaba-kosa","14":"pa_brend-loreal-paris","16":"first","17":"instock","18":"shipping-taxable","19":"purchasable","20":"product-type-simple"},"ams_default_variation_id":0,"ams_product_points_reward":[],"ams_product_discount_percentage":0,"ams_price_to_display":450,"ams_acf":[],"jetpack_sharing_enabled":true,"_links":{"self":[{"href":"https:\/\/apotekar-online.rs\/hu\/wp-json\/wp\/v2\/product\/3961","targetHints":{"allow":["GET"]}}],"collection":[{"href":"https:\/\/apotekar-online.rs\/hu\/wp-json\/wp\/v2\/product"}],"about":[{"href":"https:\/\/apotekar-online.rs\/hu\/wp-json\/wp\/v2\/types\/product"}],"wp:featuredmedia":[{"embeddable":true,"href":"https:\/\/apotekar-online.rs\/hu\/wp-json\/wp\/v2\/media\/3962"}],"wp:attachment":[{"href":"https:\/\/apotekar-online.rs\/hu\/wp-json\/wp\/v2\/media?parent=3961"}],"wp:term":[{"taxonomy":"product_brand","embeddable":true,"href":"https:\/\/apotekar-online.rs\/hu\/wp-json\/wp\/v2\/product_brand?post=3961"},{"taxonomy":"product_cat","embeddable":true,"href":"https:\/\/apotekar-online.rs\/hu\/wp-json\/wp\/v2\/product_cat?post=3961"},{"taxonomy":"product_tag","embeddable":true,"href":"https:\/\/apotekar-online.rs\/hu\/wp-json\/wp\/v2\/product_tag?post=3961"}],"curies":[{"name":"wp","href":"https:\/\/api.w.org\/{rel}","templated":true}]}}